{"id":81,"date":"2016-01-29T17:48:32","date_gmt":"2016-01-29T16:48:32","guid":{"rendered":"http:\/\/armoire-a-vin.com\/?page_id=81"},"modified":"2024-10-23T12:14:23","modified_gmt":"2024-10-23T10:14:23","slug":"winewall-3","status":"publish","type":"page","link":"https:\/\/armoire-a-vin.ch\/fr\/winewall-3\/","title":{"rendered":"Tastvin WineWall"},"content":{"rendered":"<p><\/p>\n<p style=\"text-align: justify;\">Une alliance de mat\u00e9riaux nobles soigneusement travaill\u00e9s et d\u2019une technologie de pointe, avec la cave <strong>WineWall<\/strong>, Vino Concept renouvelle l&rsquo;approche de l&rsquo;armoire \u00e0 vin avec une capacit\u00e9 de 1&rsquo;000 bouteilles.<\/p>\n<p style=\"text-align: center;\"><img decoding=\"async\" loading=\"lazy\" class=\"wp-image-1301 aligncenter\" src=\"http:\/\/armoire-a-vin.com\/wp-content\/uploads\/2016\/01\/Winewall-400-3.jpg\" alt=\"Winewall 400 3\" width=\"470\" height=\"608\" srcset=\"https:\/\/armoire-a-vin.ch\/wp-content\/uploads\/2016\/01\/Winewall-400-3.jpg 960w, https:\/\/armoire-a-vin.ch\/wp-content\/uploads\/2016\/01\/Winewall-400-3-232x300.jpg 232w, https:\/\/armoire-a-vin.ch\/wp-content\/uploads\/2016\/01\/Winewall-400-3-792x1024.jpg 792w\" sizes=\"(max-width: 470px) 100vw, 470px\" \/><strong>WineWall : innovation et design pour une parfaite mise en valeur de vos vins !<br \/>\n<\/strong><\/p>\n<p style=\"text-align: left;\">\u00a0<img decoding=\"async\" loading=\"lazy\" class=\"alignnone wp-image-1302\" src=\"http:\/\/armoire-a-vin.com\/wp-content\/uploads\/2016\/01\/Clayette-champ1.jpg\" alt=\"Clayette champ\" width=\"283\" height=\"189\" srcset=\"https:\/\/armoire-a-vin.ch\/wp-content\/uploads\/2016\/01\/Clayette-champ1.jpg 475w, https:\/\/armoire-a-vin.ch\/wp-content\/uploads\/2016\/01\/Clayette-champ1-300x200.jpg 300w\" sizes=\"(max-width: 283px) 100vw, 283px\" \/>\u00a0\u00a0\u00a0\u00a0\u00a0\u00a0\u00a0\u00a0<img decoding=\"async\" loading=\"lazy\" class=\"alignnone wp-image-1303\" src=\"http:\/\/armoire-a-vin.com\/wp-content\/uploads\/2016\/01\/Clayette1.jpg\" alt=\"Clayette\" width=\"283\" height=\"189\" srcset=\"https:\/\/armoire-a-vin.ch\/wp-content\/uploads\/2016\/01\/Clayette1.jpg 475w, https:\/\/armoire-a-vin.ch\/wp-content\/uploads\/2016\/01\/Clayette1-300x200.jpg 300w\" sizes=\"(max-width: 283px) 100vw, 283px\" \/><\/p>\n<p style=\"text-align: left;\">\u00a0\u00a0\u00a0\u00a0 Clayette coulissante de pr\u00e9sentation\u00a0\u00a0\u00a0\u00a0\u00a0\u00a0\u00a0\u00a0\u00a0\u00a0\u00a0\u00a0\u00a0\u00a0\u00a0\u00a0\u00a0\u00a0\u00a0\u00a0\u00a0\u00a0\u00a0\u00a0\u00a0\u00a0 Clayette coulissante Bordeaux<\/p>\n<p style=\"text-align: justify;\">Trois largeurs possible :<br \/>\n&#8211; 2 colonnes (133.5 cm)<br \/>\n&#8211; 3 colonnes (186.5 cm)<br \/>\n&#8211; 4 colonnes (239.5 cm)<\/p>\n<p style=\"text-align: justify;\">Am\u00e9nagement int\u00e9rieur personnalisable avec clayettes coulissante de pr\u00e9sentation, Magnum, Champagne ou Bordeaux.<\/p>\n<p style=\"text-align: justify;\">Vous avez la possibilit\u00e9 d&rsquo;\u00e9quiper l&rsquo;int\u00e9rieur du <strong>WineWall<\/strong> avec les supports \u00e0 bouteilles de la s\u00e9rie CELLARVIEW (<u><strong><a href=\"http:\/\/www.cellarview.ch\/fr\/\">www.cellarview.ch<\/a><\/strong><\/u>) ou les rangements coulissants pour caisses d&rsquo;origine des s\u00e9ries BORDEAUX&rsquo;RACK (<u><strong><a href=\"http:\/\/cave-a-vin.ch\/fr\/casiers-a-bouteilles-en-metal\/bordeauxrack\/\">www.cave-a-vin.ch<\/a>)<\/strong><\/u> en m\u00e9tal noir ou en bois.<\/p>\n<p><a href=\"http:\/\/armoire-a-vin.com\/wp-content\/uploads\/2016\/01\/Tahiti-02.jpg\">\u00a0\u00a0\u00a0\u00a0\u00a0\u00a0\u00a0\u00a0\u00a0\u00a0\u00a0\u00a0 <\/a><img decoding=\"async\" loading=\"lazy\" class=\"alignnone wp-image-205\" src=\"http:\/\/armoire-a-vin.com\/wp-content\/uploads\/2016\/01\/Tahiti-02.jpg\" alt=\"Tahiti 02\" width=\"244\" height=\"183\" srcset=\"https:\/\/armoire-a-vin.ch\/wp-content\/uploads\/2016\/01\/Tahiti-02.jpg 700w, https:\/\/armoire-a-vin.ch\/wp-content\/uploads\/2016\/01\/Tahiti-02-300x225.jpg 300w\" sizes=\"(max-width: 244px) 100vw, 244px\" \/>\u00a0\u00a0\u00a0\u00a0\u00a0\u00a0\u00a0\u00a0\u00a0\u00a0\u00a0\u00a0\u00a0<a href=\"http:\/\/armoire-a-vin.ch\/wp-content\/uploads\/2016\/01\/BordeauxRack2trans.gif\"><img decoding=\"async\" loading=\"lazy\" class=\"alignnone wp-image-2030\" src=\"http:\/\/armoire-a-vin.ch\/wp-content\/uploads\/2016\/01\/BordeauxRack2trans.gif\" alt=\"BordeauxRack2trans\" width=\"265\" height=\"182\" \/><\/a><\/p>\n<p><em>\u00a0\u00a0\u00a0\u00a0\u00a0\u00a0\u00a0\u00a0\u00a0\u00a0\u00a0\u00a0\u00a0\u00a0\u00a0\u00a0\u00a0\u00a0\u00a0\u00a0\u00a0\u00a0\u00a0\u00a0\u00a0\u00a0\u00a0\u00a0\u00a0\u00a0\u00a0\u00a0\u00a0\u00a0<strong>\u00a0\u00a0\u00a0\u00a0 <a href=\"http:\/\/www.cellarview.ch\/\">CellarView<\/a>\u00a0\u00a0\u00a0\u00a0\u00a0\u00a0\u00a0\u00a0\u00a0\u00a0\u00a0\u00a0\u00a0\u00a0\u00a0\u00a0\u00a0\u00a0\u00a0\u00a0\u00a0\u00a0\u00a0\u00a0\u00a0\u00a0\u00a0\u00a0\u00a0\u00a0\u00a0\u00a0\u00a0\u00a0\u00a0\u00a0\u00a0\u00a0\u00a0\u00a0\u00a0\u00a0\u00a0\u00a0\u00a0\u00a0\u00a0\u00a0\u00a0\u00a0\u00a0\u00a0\u00a0\u00a0\u00a0\u00a0\u00a0\u00a0\u00a0\u00a0\u00a0\u00a0\u00a0\u00a0\u00a0\u00a0 <a href=\"http:\/\/cave-a-vin.ch\/fr\/casiers-a-bouteilles-en-metal\/bordeauxrack\/\">Bordeaux&rsquo;Rack<\/a><\/strong><\/em><\/p>","protected":false},"excerpt":{"rendered":"<p>Une alliance de mat\u00e9riaux nobles soigneusement travaill\u00e9s et d\u2019une technologie de pointe, avec la cave WineWall, Vino Concept renouvelle l&rsquo;approche de l&rsquo;armoire \u00e0 vin avec une capacit\u00e9 de 1&rsquo;000 bouteilles. WineWall : innovation et design pour une parfaite mise en valeur de vos vins ! \u00a0\u00a0\u00a0\u00a0\u00a0\u00a0\u00a0\u00a0\u00a0 \u00a0\u00a0\u00a0\u00a0 Clayette coulissante de pr\u00e9sentation\u00a0\u00a0\u00a0\u00a0\u00a0\u00a0\u00a0\u00a0\u00a0\u00a0\u00a0\u00a0\u00a0\u00a0\u00a0\u00a0\u00a0\u00a0\u00a0\u00a0\u00a0\u00a0\u00a0\u00a0\u00a0\u00a0 Clayette coulissante Bordeaux Trois &hellip; <a href=\"https:\/\/armoire-a-vin.ch\/fr\/winewall-3\/\" class=\"more-link\">Continuer la lecture<span class=\"screen-reader-text\"> de <span class=\"screen-reader-text\">Tastvin WineWall<\/span><\/span>&nbsp;<span class=\"meta-nav\">&rarr;<\/span><\/a><\/p>\n","protected":false},"author":1,"featured_media":0,"parent":0,"menu_order":0,"comment_status":"closed","ping_status":"closed","template":"","meta":[],"_links":{"self":[{"href":"https:\/\/armoire-a-vin.ch\/fr\/wp-json\/wp\/v2\/pages\/81"}],"collection":[{"href":"https:\/\/armoire-a-vin.ch\/fr\/wp-json\/wp\/v2\/pages"}],"about":[{"href":"https:\/\/armoire-a-vin.ch\/fr\/wp-json\/wp\/v2\/types\/page"}],"author":[{"embeddable":true,"href":"https:\/\/armoire-a-vin.ch\/fr\/wp-json\/wp\/v2\/users\/1"}],"replies":[{"embeddable":true,"href":"https:\/\/armoire-a-vin.ch\/fr\/wp-json\/wp\/v2\/comments?post=81"}],"version-history":[{"count":18,"href":"https:\/\/armoire-a-vin.ch\/fr\/wp-json\/wp\/v2\/pages\/81\/revisions"}],"predecessor-version":[{"id":3690,"href":"https:\/\/armoire-a-vin.ch\/fr\/wp-json\/wp\/v2\/pages\/81\/revisions\/3690"}],"wp:attachment":[{"href":"https:\/\/armoire-a-vin.ch\/fr\/wp-json\/wp\/v2\/media?parent=81"}],"curies":[{"name":"wp","href":"https:\/\/api.w.org\/{rel}","templated":true}]}}