{"id":73,"date":"2016-01-29T17:47:29","date_gmt":"2016-01-29T16:47:29","guid":{"rendered":"http:\/\/armoire-a-vin.com\/?page_id=73"},"modified":"2025-10-30T12:14:15","modified_gmt":"2025-10-30T11:14:15","slug":"accueil-2","status":"publish","type":"page","link":"https:\/\/armoire-a-vin.ch\/fr\/","title":{"rendered":"Accueil"},"content":{"rendered":"<p><a href=\"http:\/\/armoire-a-vin.ch\/wp-content\/uploads\/2025\/04\/Spirit-44.jpg\"><img decoding=\"async\" loading=\"lazy\" class=\"size-full wp-image-4289 aligncenter\" src=\"http:\/\/armoire-a-vin.ch\/wp-content\/uploads\/2025\/04\/Spirit-44.jpg\" alt=\"\" width=\"1000\" height=\"1000\" srcset=\"https:\/\/armoire-a-vin.ch\/wp-content\/uploads\/2025\/04\/Spirit-44.jpg 1000w, https:\/\/armoire-a-vin.ch\/wp-content\/uploads\/2025\/04\/Spirit-44-300x300.jpg 300w, https:\/\/armoire-a-vin.ch\/wp-content\/uploads\/2025\/04\/Spirit-44-150x150.jpg 150w, https:\/\/armoire-a-vin.ch\/wp-content\/uploads\/2025\/04\/Spirit-44-768x768.jpg 768w\" sizes=\"(max-width: 1000px) 100vw, 1000px\" \/><\/a><\/p>\n<h5 style=\"text-align: center;\"><span style=\"color: #800000;\"><em><strong>Vino Concept &#8211; Le Cellier<br \/>\n<\/strong><\/em><em><strong>Chemin J.-Philibert-De-Sauvage 37<br \/>\n1219 Ch\u00e2telaine<br \/>\n+41 (0)22 320 79 20 &#8211; info@vino-concept.ch<\/strong><\/em><\/span><\/h5>\n<p class=\"\" style=\"text-align: justify;\" data-start=\"0\" data-end=\"168\">Nous avons s\u00e9lectionn\u00e9 pour vous les meilleures armoires \u00e0 vin du march\u00e9, garantissant des conditions optimales pour la conservation et l\u2019\u00e9volution de vos bouteilles.<\/p>\n<p class=\"\" style=\"text-align: center;\" data-start=\"170\" data-end=\"192\"><strong data-start=\"170\" data-end=\"190\">TASTVIN, DUNAVOX<\/strong><\/p>\n<p class=\"\" style=\"text-align: justify;\" data-start=\"194\" data-end=\"476\">Une armoire \u00e0 vin est con\u00e7ue pour accompagner le vieillissement des vins, souvent sur plusieurs ann\u00e9es. Gr\u00e2ce \u00e0 l\u2019utilisation de mat\u00e9riaux de haute qualit\u00e9, \u00e0 des techniques de fabrication avanc\u00e9es et \u00e0 un fonctionnement fiable, nos armoires offrent une durabilit\u00e9 exceptionnelle.<\/p>\n<p style=\"text-align: justify;\">Les armoires \u00e0 vin <strong>DUNAVOX<\/strong> proposent une gamme exclusive de caves int\u00e9grables ou encastrables, id\u00e9ales pour les cuisines modernes.<\/p>\n<p><a href=\"http:\/\/armoire-a-vin.ch\/wp-content\/uploads\/2025\/04\/Balance-24.jpg\"><img decoding=\"async\" loading=\"lazy\" class=\"size-full wp-image-4272 aligncenter\" src=\"http:\/\/armoire-a-vin.ch\/wp-content\/uploads\/2025\/04\/Balance-24.jpg\" alt=\"\" width=\"1000\" height=\"1000\" srcset=\"https:\/\/armoire-a-vin.ch\/wp-content\/uploads\/2025\/04\/Balance-24.jpg 1000w, https:\/\/armoire-a-vin.ch\/wp-content\/uploads\/2025\/04\/Balance-24-300x300.jpg 300w, https:\/\/armoire-a-vin.ch\/wp-content\/uploads\/2025\/04\/Balance-24-150x150.jpg 150w, https:\/\/armoire-a-vin.ch\/wp-content\/uploads\/2025\/04\/Balance-24-768x768.jpg 768w\" sizes=\"(max-width: 1000px) 100vw, 1000px\" \/><\/a><\/p>\n<p class=\"\" data-start=\"0\" data-end=\"46\"><strong data-start=\"0\" data-end=\"42\">Les crit\u00e8res d\u2019une bonne armoire \u00e0 vin<\/strong> :<\/p>\n<p class=\"\" data-start=\"50\" data-end=\"84\">Temp\u00e9rature constante et r\u00e9gul\u00e9e<br \/>\nHygrom\u00e9trie adapt\u00e9e<br \/>\nA\u00e9ration naturelle<br \/>\nAbsence d\u2019odeurs nuisibles<br \/>\nObscurit\u00e9 totale<br \/>\nAbsence de vibrations<br \/>\nRangement pratique et modulable<\/p>\n<p>&nbsp;<\/p>\n<p><a href=\"http:\/\/armoire-a-vin.ch\/wp-content\/uploads\/2025\/04\/Prime-70.jpg\"><img decoding=\"async\" loading=\"lazy\" class=\"size-full wp-image-4287 aligncenter\" src=\"http:\/\/armoire-a-vin.ch\/wp-content\/uploads\/2025\/04\/Prime-70.jpg\" alt=\"\" width=\"1000\" height=\"1000\" srcset=\"https:\/\/armoire-a-vin.ch\/wp-content\/uploads\/2025\/04\/Prime-70.jpg 1000w, https:\/\/armoire-a-vin.ch\/wp-content\/uploads\/2025\/04\/Prime-70-300x300.jpg 300w, https:\/\/armoire-a-vin.ch\/wp-content\/uploads\/2025\/04\/Prime-70-150x150.jpg 150w, https:\/\/armoire-a-vin.ch\/wp-content\/uploads\/2025\/04\/Prime-70-768x768.jpg 768w\" sizes=\"(max-width: 1000px) 100vw, 1000px\" \/><\/a><\/p>\n<h3 style=\"text-align: center;\"><span style=\"color: #800000;\"><em><strong><a href=\"http:\/\/armoire-a-vin.ch\/wp-content\/uploads\/2016\/01\/ESPACE-900.jpg\"><img decoding=\"async\" loading=\"lazy\" class=\"alignnone size-full wp-image-2025\" src=\"http:\/\/armoire-a-vin.ch\/wp-content\/uploads\/2016\/01\/ESPACE-900.jpg\" alt=\"ESPACE-900\" width=\"1000\" height=\"1000\" srcset=\"https:\/\/armoire-a-vin.ch\/wp-content\/uploads\/2016\/01\/ESPACE-900.jpg 1000w, https:\/\/armoire-a-vin.ch\/wp-content\/uploads\/2016\/01\/ESPACE-900-150x150.jpg 150w, https:\/\/armoire-a-vin.ch\/wp-content\/uploads\/2016\/01\/ESPACE-900-300x300.jpg 300w, https:\/\/armoire-a-vin.ch\/wp-content\/uploads\/2016\/01\/ESPACE-900-768x768.jpg 768w\" sizes=\"(max-width: 1000px) 100vw, 1000px\" \/><\/a><\/strong><\/em><\/span><\/h3>\n<h6><\/h6>\n<p>&nbsp;<\/p>","protected":false},"excerpt":{"rendered":"<p>Vino Concept &#8211; Le Cellier Chemin J.-Philibert-De-Sauvage 37 1219 Ch\u00e2telaine +41 (0)22 320 79 20 &#8211; info@vino-concept.ch Nous avons s\u00e9lectionn\u00e9 pour vous les meilleures armoires \u00e0 vin du march\u00e9, garantissant des conditions optimales pour la conservation et l\u2019\u00e9volution de vos bouteilles. TASTVIN, DUNAVOX Une armoire \u00e0 vin est con\u00e7ue pour accompagner le vieillissement des vins, &hellip; <a href=\"https:\/\/armoire-a-vin.ch\/fr\/\" class=\"more-link\">Continuer la lecture<span class=\"screen-reader-text\"> de <span class=\"screen-reader-text\">Accueil<\/span><\/span>&nbsp;<span class=\"meta-nav\">&rarr;<\/span><\/a><\/p>\n","protected":false},"author":1,"featured_media":0,"parent":0,"menu_order":0,"comment_status":"closed","ping_status":"closed","template":"","meta":[],"_links":{"self":[{"href":"https:\/\/armoire-a-vin.ch\/fr\/wp-json\/wp\/v2\/pages\/73"}],"collection":[{"href":"https:\/\/armoire-a-vin.ch\/fr\/wp-json\/wp\/v2\/pages"}],"about":[{"href":"https:\/\/armoire-a-vin.ch\/fr\/wp-json\/wp\/v2\/types\/page"}],"author":[{"embeddable":true,"href":"https:\/\/armoire-a-vin.ch\/fr\/wp-json\/wp\/v2\/users\/1"}],"replies":[{"embeddable":true,"href":"https:\/\/armoire-a-vin.ch\/fr\/wp-json\/wp\/v2\/comments?post=73"}],"version-history":[{"count":68,"href":"https:\/\/armoire-a-vin.ch\/fr\/wp-json\/wp\/v2\/pages\/73\/revisions"}],"predecessor-version":[{"id":4427,"href":"https:\/\/armoire-a-vin.ch\/fr\/wp-json\/wp\/v2\/pages\/73\/revisions\/4427"}],"wp:attachment":[{"href":"https:\/\/armoire-a-vin.ch\/fr\/wp-json\/wp\/v2\/media?parent=73"}],"curies":[{"name":"wp","href":"https:\/\/api.w.org\/{rel}","templated":true}]}}