{"id":4087,"date":"2024-11-01T16:04:33","date_gmt":"2024-11-01T15:04:33","guid":{"rendered":"https:\/\/armoire-a-vin.ch\/?page_id=4087"},"modified":"2024-11-07T11:45:55","modified_gmt":"2024-11-07T10:45:55","slug":"encastrable-sous-plan-dunavox-dauf-38-100-to","status":"publish","type":"page","link":"https:\/\/armoire-a-vin.ch\/fr\/encastrable-sous-plan-dunavox-dauf-38-100-to\/","title":{"rendered":"DAUF-38.100 TO"},"content":{"rendered":"<p><\/p>\n<p style=\"text-align: center;\"><strong>Armoire \u00e0 vin sous plan \/ pose libre avec 2 zones de temp\u00e9rature<\/strong><\/p>\n<p><a href=\"http:\/\/armoire-a-vin.ch\/wp-content\/uploads\/2024\/10\/Touch-open-picture_1.jpg\"><img decoding=\"async\" loading=\"lazy\" class=\"size-full wp-image-3853 aligncenter\" src=\"http:\/\/armoire-a-vin.ch\/wp-content\/uploads\/2024\/10\/Touch-open-picture_1.jpg\" alt=\"\" width=\"2000\" height=\"1500\" srcset=\"https:\/\/armoire-a-vin.ch\/wp-content\/uploads\/2024\/10\/Touch-open-picture_1.jpg 2000w, https:\/\/armoire-a-vin.ch\/wp-content\/uploads\/2024\/10\/Touch-open-picture_1-300x225.jpg 300w, https:\/\/armoire-a-vin.ch\/wp-content\/uploads\/2024\/10\/Touch-open-picture_1-1024x768.jpg 1024w, https:\/\/armoire-a-vin.ch\/wp-content\/uploads\/2024\/10\/Touch-open-picture_1-768x576.jpg 768w, https:\/\/armoire-a-vin.ch\/wp-content\/uploads\/2024\/10\/Touch-open-picture_1-1536x1152.jpg 1536w\" sizes=\"(max-width: 2000px) 100vw, 2000px\" \/><\/a><\/p>\n<p style=\"text-align: justify;\">Cette armoire \u00e0 vin de service est dot\u00e9e de deux zones de temp\u00e9rature pouvant accueillir jusqu\u2019\u00e0 38 bouteilles. Elle a \u00e9t\u00e9 con\u00e7ue pour \u00eatre encastr\u00e9e sous un plan de travail ou en pose libre.<\/p>\n<p style=\"text-align: justify;\">Cette armoire \u00e0 vin est \u00e9quip\u00e9e du syst\u00e8me <strong>Push-to-Open<\/strong> permettant d\u2019ouvrir la porte gr\u00e2ce \u00e0 une l\u00e9g\u00e8re pression de la main.<\/p>\n<p style=\"text-align: justify;\">Porte, soign\u00e9e et \u00e9l\u00e9gante, est enti\u00e8rement vitr\u00e9e, teint\u00e9e et trait\u00e9e anti-UV. Cette armoire \u00e0 vin est \u00e9quip\u00e9e du syst\u00e8me <strong>Push-to-Open<\/strong> permettant d\u2019ouvrir la porte gr\u00e2ce \u00e0 une l\u00e9g\u00e8re pression de la main.<\/p>\n<p style=\"text-align: justify;\">Les bouteilles sont rang\u00e9es sur des clayettes en bois et sont d\u00e9licatement r\u00e9v\u00e9l\u00e9es par un \u00e9clairage int\u00e9rieur.<\/p>\n<p><strong>Caract\u00e9ristiques techniques :<\/strong><br \/>\nDimensions : H. 88 x L. 49.5 x P. 57.5 cm<br \/>\nCapacit\u00e9 : 38 bouteilles<br \/>\nZone de temp\u00e9rature : 2 (+5 \u00b0C \/ +20\u00b0C)<br \/>\nMod\u00e8les : cadre noir (DB)<br \/>\nEcran tactile : LED<br \/>\nEclairage int\u00e9rieure : Multi LED (ambre, blanc ou bleu)<\/p>\n<p><a href=\"http:\/\/armoire-a-vin.ch\/wp-content\/uploads\/2024\/10\/Ecran-LED-1.jpg\"><img decoding=\"async\" loading=\"lazy\" class=\"alignnone size-full wp-image-3868\" src=\"http:\/\/armoire-a-vin.ch\/wp-content\/uploads\/2024\/10\/Ecran-LED-1.jpg\" alt=\"\" width=\"998\" height=\"120\" srcset=\"https:\/\/armoire-a-vin.ch\/wp-content\/uploads\/2024\/10\/Ecran-LED-1.jpg 998w, https:\/\/armoire-a-vin.ch\/wp-content\/uploads\/2024\/10\/Ecran-LED-1-300x36.jpg 300w, https:\/\/armoire-a-vin.ch\/wp-content\/uploads\/2024\/10\/Ecran-LED-1-768x92.jpg 768w\" sizes=\"(max-width: 998px) 100vw, 998px\" \/><\/a><\/p>\n<p><a href=\"http:\/\/armoire-a-vin.ch\/wp-content\/uploads\/2024\/11\/38.100-DB.TO_.jpeg\"><img decoding=\"async\" loading=\"lazy\" class=\"size-full wp-image-4088 aligncenter\" src=\"http:\/\/armoire-a-vin.ch\/wp-content\/uploads\/2024\/11\/38.100-DB.TO_.jpeg\" alt=\"\" width=\"498\" height=\"96\" srcset=\"https:\/\/armoire-a-vin.ch\/wp-content\/uploads\/2024\/11\/38.100-DB.TO_.jpeg 498w, https:\/\/armoire-a-vin.ch\/wp-content\/uploads\/2024\/11\/38.100-DB.TO_-300x58.jpeg 300w\" sizes=\"(max-width: 498px) 100vw, 498px\" \/><\/a><\/p>\n<p>&nbsp;<\/p>","protected":false},"excerpt":{"rendered":"<p>Armoire \u00e0 vin sous plan \/ pose libre avec 2 zones de temp\u00e9rature Cette armoire \u00e0 vin de service est dot\u00e9e de deux zones de temp\u00e9rature pouvant accueillir jusqu\u2019\u00e0 38 bouteilles. Elle a \u00e9t\u00e9 con\u00e7ue pour \u00eatre encastr\u00e9e sous un plan de travail ou en pose libre. Cette armoire \u00e0 vin est \u00e9quip\u00e9e du syst\u00e8me &hellip; <a href=\"https:\/\/armoire-a-vin.ch\/fr\/encastrable-sous-plan-dunavox-dauf-38-100-to\/\" class=\"more-link\">Continuer la lecture<span class=\"screen-reader-text\"> de <span class=\"screen-reader-text\">DAUF-38.100 TO<\/span><\/span>&nbsp;<span class=\"meta-nav\">&rarr;<\/span><\/a><\/p>\n","protected":false},"author":1,"featured_media":0,"parent":0,"menu_order":0,"comment_status":"closed","ping_status":"closed","template":"","meta":[],"_links":{"self":[{"href":"https:\/\/armoire-a-vin.ch\/fr\/wp-json\/wp\/v2\/pages\/4087"}],"collection":[{"href":"https:\/\/armoire-a-vin.ch\/fr\/wp-json\/wp\/v2\/pages"}],"about":[{"href":"https:\/\/armoire-a-vin.ch\/fr\/wp-json\/wp\/v2\/types\/page"}],"author":[{"embeddable":true,"href":"https:\/\/armoire-a-vin.ch\/fr\/wp-json\/wp\/v2\/users\/1"}],"replies":[{"embeddable":true,"href":"https:\/\/armoire-a-vin.ch\/fr\/wp-json\/wp\/v2\/comments?post=4087"}],"version-history":[{"count":1,"href":"https:\/\/armoire-a-vin.ch\/fr\/wp-json\/wp\/v2\/pages\/4087\/revisions"}],"predecessor-version":[{"id":4090,"href":"https:\/\/armoire-a-vin.ch\/fr\/wp-json\/wp\/v2\/pages\/4087\/revisions\/4090"}],"wp:attachment":[{"href":"https:\/\/armoire-a-vin.ch\/fr\/wp-json\/wp\/v2\/media?parent=4087"}],"curies":[{"name":"wp","href":"https:\/\/api.w.org\/{rel}","templated":true}]}}