{"id":3846,"date":"2024-10-24T16:34:59","date_gmt":"2024-10-24T14:34:59","guid":{"rendered":"https:\/\/armoire-a-vin.ch\/?page_id=3846"},"modified":"2025-04-02T14:54:33","modified_gmt":"2025-04-02T12:54:33","slug":"dunavox-balance","status":"publish","type":"page","link":"https:\/\/armoire-a-vin.ch\/fr\/dunavox-3\/integrable-encastrable\/dunavox-balance\/","title":{"rendered":"Dunavox Balance"},"content":{"rendered":"<p><\/p>\n<p style=\"text-align: justify;\">Notre cave \u00e0 vin \u00e9conomique enti\u00e8rement int\u00e9gr\u00e9e est la solution parfaite pour les amateurs de vin \u00e0 la recherche de qualit\u00e9 et de prix abordable.<\/p>\n<p><a href=\"http:\/\/armoire-a-vin.ch\/wp-content\/uploads\/2025\/04\/Balance-26.jpg\"><img decoding=\"async\" loading=\"lazy\" class=\"size-full wp-image-4270 aligncenter\" src=\"http:\/\/armoire-a-vin.ch\/wp-content\/uploads\/2025\/04\/Balance-26.jpg\" alt=\"\" width=\"1000\" height=\"1000\" srcset=\"https:\/\/armoire-a-vin.ch\/wp-content\/uploads\/2025\/04\/Balance-26.jpg 1000w, https:\/\/armoire-a-vin.ch\/wp-content\/uploads\/2025\/04\/Balance-26-300x300.jpg 300w, https:\/\/armoire-a-vin.ch\/wp-content\/uploads\/2025\/04\/Balance-26-150x150.jpg 150w, https:\/\/armoire-a-vin.ch\/wp-content\/uploads\/2025\/04\/Balance-26-768x768.jpg 768w\" sizes=\"(max-width: 1000px) 100vw, 1000px\" \/><\/a><\/p>\n<p style=\"text-align: justify;\">Les armoires \u00e0 vin <strong>Dunavox BALANCE<\/strong> sont \u00e0 encastr\u00e9s dans les meubles de cuisine. Elles sont toutes \u00e9quip\u00e9es du syst\u00e8me <strong>\u201cPush-to-Open\u201d\u00a0<\/strong>permettant d\u2019ouvrir la porte gr\u00e2ce \u00e0 une l\u00e9g\u00e8re pression de la main assurant une parfaite correspondance avec toutes les cuisines sans poign\u00e9es dans un environnement moderne.<\/p>\n<p>\u2013 Ecran tactile LED<br \/>\n\u2013 Grille de ventilation avant et arri\u00e8re est n\u00e9cessaire<br \/>\n\u2013 Syst\u00e8me \u00ab\u00a0Push-to-Open\u00a0\u00bb sans poign\u00e9e<br \/>\n\u2013 Eclairage multi LED<br \/>\n\u2013 Clayettes t\u00e9l\u00e9scopiques<\/p>\n<p><a href=\"http:\/\/armoire-a-vin.ch\/wp-content\/uploads\/2024\/10\/Ecran-LED-1.jpg\"><img decoding=\"async\" loading=\"lazy\" class=\"size-full wp-image-3868 aligncenter\" src=\"http:\/\/armoire-a-vin.ch\/wp-content\/uploads\/2024\/10\/Ecran-LED-1.jpg\" alt=\"\" width=\"998\" height=\"120\" srcset=\"https:\/\/armoire-a-vin.ch\/wp-content\/uploads\/2024\/10\/Ecran-LED-1.jpg 998w, https:\/\/armoire-a-vin.ch\/wp-content\/uploads\/2024\/10\/Ecran-LED-1-300x36.jpg 300w, https:\/\/armoire-a-vin.ch\/wp-content\/uploads\/2024\/10\/Ecran-LED-1-768x92.jpg 768w\" sizes=\"(max-width: 998px) 100vw, 998px\" \/><\/a><\/p>\n<p>&nbsp;<\/p>\n<p>&nbsp;<\/p>\n<p>&nbsp;<\/p>","protected":false},"excerpt":{"rendered":"<p>Notre cave \u00e0 vin \u00e9conomique enti\u00e8rement int\u00e9gr\u00e9e est la solution parfaite pour les amateurs de vin \u00e0 la recherche de qualit\u00e9 et de prix abordable. Les armoires \u00e0 vin Dunavox BALANCE sont \u00e0 encastr\u00e9s dans les meubles de cuisine. Elles sont toutes \u00e9quip\u00e9es du syst\u00e8me \u201cPush-to-Open\u201d\u00a0permettant d\u2019ouvrir la porte gr\u00e2ce \u00e0 une l\u00e9g\u00e8re pression de &hellip; <a href=\"https:\/\/armoire-a-vin.ch\/fr\/dunavox-3\/integrable-encastrable\/dunavox-balance\/\" class=\"more-link\">Continuer la lecture<span class=\"screen-reader-text\"> de <span class=\"screen-reader-text\">Dunavox Balance<\/span><\/span>&nbsp;<span class=\"meta-nav\">&rarr;<\/span><\/a><\/p>\n","protected":false},"author":1,"featured_media":0,"parent":234,"menu_order":0,"comment_status":"closed","ping_status":"closed","template":"","meta":[],"_links":{"self":[{"href":"https:\/\/armoire-a-vin.ch\/fr\/wp-json\/wp\/v2\/pages\/3846"}],"collection":[{"href":"https:\/\/armoire-a-vin.ch\/fr\/wp-json\/wp\/v2\/pages"}],"about":[{"href":"https:\/\/armoire-a-vin.ch\/fr\/wp-json\/wp\/v2\/types\/page"}],"author":[{"embeddable":true,"href":"https:\/\/armoire-a-vin.ch\/fr\/wp-json\/wp\/v2\/users\/1"}],"replies":[{"embeddable":true,"href":"https:\/\/armoire-a-vin.ch\/fr\/wp-json\/wp\/v2\/comments?post=3846"}],"version-history":[{"count":5,"href":"https:\/\/armoire-a-vin.ch\/fr\/wp-json\/wp\/v2\/pages\/3846\/revisions"}],"predecessor-version":[{"id":4271,"href":"https:\/\/armoire-a-vin.ch\/fr\/wp-json\/wp\/v2\/pages\/3846\/revisions\/4271"}],"up":[{"embeddable":true,"href":"https:\/\/armoire-a-vin.ch\/fr\/wp-json\/wp\/v2\/pages\/234"}],"wp:attachment":[{"href":"https:\/\/armoire-a-vin.ch\/fr\/wp-json\/wp\/v2\/media?parent=3846"}],"curies":[{"name":"wp","href":"https:\/\/api.w.org\/{rel}","templated":true}]}}