{"id":3544,"date":"2022-07-06T15:08:22","date_gmt":"2022-07-06T13:08:22","guid":{"rendered":"http:\/\/armoire-a-vin.ch\/?page_id=3544"},"modified":"2024-11-07T11:40:30","modified_gmt":"2024-11-07T10:40:30","slug":"dauf-40-138-sera","status":"publish","type":"page","link":"https:\/\/armoire-a-vin.ch\/fr\/dunavox-3\/dunavox-champagne\/dauf-40-138-sera\/","title":{"rendered":"DAUF-40.138 SERA"},"content":{"rendered":"<p><\/p>\n<h6 style=\"text-align: center;\"><strong>Armoire \u00e0 champagne sous-plan avec 1 zone de temp\u00e9rature<\/strong><\/h6>\n<p><a href=\"http:\/\/armoire-a-vin.ch\/wp-content\/uploads\/2022\/07\/DAU-40.jpg\"><img decoding=\"async\" loading=\"lazy\" class=\"size-full wp-image-3537\" src=\"http:\/\/armoire-a-vin.ch\/wp-content\/uploads\/2022\/07\/DAU-40.jpg\" alt=\"Fashionable modern kitchen with gray contemporary furniture, a kitchen island with a bar counter and two chairs, beige walls and parquet floor. 3D rendering.\" width=\"6000\" height=\"4500\" srcset=\"https:\/\/armoire-a-vin.ch\/wp-content\/uploads\/2022\/07\/DAU-40.jpg 6000w, https:\/\/armoire-a-vin.ch\/wp-content\/uploads\/2022\/07\/DAU-40-300x225.jpg 300w, https:\/\/armoire-a-vin.ch\/wp-content\/uploads\/2022\/07\/DAU-40-768x576.jpg 768w, https:\/\/armoire-a-vin.ch\/wp-content\/uploads\/2022\/07\/DAU-40-1024x768.jpg 1024w\" sizes=\"(max-width: 6000px) 100vw, 6000px\" \/><\/a><\/p>\n<p style=\"text-align: justify;\">Dot\u00e9e d\u2019un syst\u00e8me d\u2019\u00e9tag\u00e8res coulissantes brevet\u00e9es, cette armoire \u00e0 vin de vieillissement a \u00e9t\u00e9 pens\u00e9e et con\u00e7ue pour disposer les 40 bouteilles \u00e0 l\u2019horizontale, afin de rendre les \u00e9tiquettes bien visibles pour un rep\u00e9rage simple et rapide. Elle a \u00e9t\u00e9 con\u00e7ue pour \u00eatre encastr\u00e9e sous un plan de travail.<\/p>\n<p style=\"text-align: justify;\">Porte, soign\u00e9e et \u00e9l\u00e9gante, est enti\u00e8rement vitr\u00e9e, teint\u00e9e et trait\u00e9e anti-UV. Dot\u00e9e d\u2019une poign\u00e9e, la porte vitr\u00e9e est propos\u00e9e soit avec un cadre \u00ab full glass \u00bb noir, un cadre inox, un cadre matt noir et vous avez \u00e9galement la possibilit\u00e9 de personnaliser le cadre selon la palette couleur RAL.<\/p>\n<p style=\"text-align: justify;\"><strong>Le Sera-40 convient non seulement aux grandes bouteilles telles que le champagne et le prosecco, mais est \u00e9galement enti\u00e8rement utilisable pour les bouteilles de type Bordeaux, Bourgogne et Rh\u00f4ne.<\/strong><\/p>\n<p><strong>Caract\u00e9ristiques techniques :<\/strong><br \/>\nDimensions : H. 81.3 x L. 59.5 x P. 57 cm<br \/>\nCapacit\u00e9 : 40 bouteilles<br \/>\nPoign\u00e9e int\u00e9gr\u00e9e : full glass noir (B)<br \/>\nZone de temp\u00e9rature : 1 (+5 \u00b0C \/ +20\u00b0C)<br \/>\nMod\u00e8les : cadre noir (B), cadre inox (SS). cadre noir matt (MB), cadre couleur RAL (C)<br \/>\nEcran tactile : LED<br \/>\nEclairage int\u00e9rieure : Multi LED (ambre, blanc ou bleu)<\/p>\n<p><a href=\"http:\/\/armoire-a-vin.ch\/wp-content\/uploads\/2024\/10\/Ecran-LED-1.jpg\"><img decoding=\"async\" loading=\"lazy\" class=\"size-full wp-image-3868 aligncenter\" src=\"http:\/\/armoire-a-vin.ch\/wp-content\/uploads\/2024\/10\/Ecran-LED-1.jpg\" alt=\"\" width=\"998\" height=\"120\" srcset=\"https:\/\/armoire-a-vin.ch\/wp-content\/uploads\/2024\/10\/Ecran-LED-1.jpg 998w, https:\/\/armoire-a-vin.ch\/wp-content\/uploads\/2024\/10\/Ecran-LED-1-300x36.jpg 300w, https:\/\/armoire-a-vin.ch\/wp-content\/uploads\/2024\/10\/Ecran-LED-1-768x92.jpg 768w\" sizes=\"(max-width: 998px) 100vw, 998px\" \/><\/a><\/p>\n<p><a href=\"http:\/\/armoire-a-vin.ch\/wp-content\/uploads\/2024\/11\/40.138.jpeg\"><img decoding=\"async\" loading=\"lazy\" class=\"size-full wp-image-4152 aligncenter\" src=\"http:\/\/armoire-a-vin.ch\/wp-content\/uploads\/2024\/11\/40.138.jpeg\" alt=\"\" width=\"575\" height=\"118\" srcset=\"https:\/\/armoire-a-vin.ch\/wp-content\/uploads\/2024\/11\/40.138.jpeg 575w, https:\/\/armoire-a-vin.ch\/wp-content\/uploads\/2024\/11\/40.138-300x62.jpeg 300w\" sizes=\"(max-width: 575px) 100vw, 575px\" \/><\/a><\/p>\n<p>&nbsp;<\/p>\n<p>&nbsp;<\/p>\n<p>&nbsp;<\/p>","protected":false},"excerpt":{"rendered":"<p>Armoire \u00e0 champagne sous-plan avec 1 zone de temp\u00e9rature Dot\u00e9e d\u2019un syst\u00e8me d\u2019\u00e9tag\u00e8res coulissantes brevet\u00e9es, cette armoire \u00e0 vin de vieillissement a \u00e9t\u00e9 pens\u00e9e et con\u00e7ue pour disposer les 40 bouteilles \u00e0 l\u2019horizontale, afin de rendre les \u00e9tiquettes bien visibles pour un rep\u00e9rage simple et rapide. Elle a \u00e9t\u00e9 con\u00e7ue pour \u00eatre encastr\u00e9e sous un &hellip; <a href=\"https:\/\/armoire-a-vin.ch\/fr\/dunavox-3\/dunavox-champagne\/dauf-40-138-sera\/\" class=\"more-link\">Continuer la lecture<span class=\"screen-reader-text\"> de <span class=\"screen-reader-text\">DAUF-40.138 SERA<\/span><\/span>&nbsp;<span class=\"meta-nav\">&rarr;<\/span><\/a><\/p>\n","protected":false},"author":1,"featured_media":0,"parent":3536,"menu_order":1,"comment_status":"closed","ping_status":"closed","template":"","meta":[],"_links":{"self":[{"href":"https:\/\/armoire-a-vin.ch\/fr\/wp-json\/wp\/v2\/pages\/3544"}],"collection":[{"href":"https:\/\/armoire-a-vin.ch\/fr\/wp-json\/wp\/v2\/pages"}],"about":[{"href":"https:\/\/armoire-a-vin.ch\/fr\/wp-json\/wp\/v2\/types\/page"}],"author":[{"embeddable":true,"href":"https:\/\/armoire-a-vin.ch\/fr\/wp-json\/wp\/v2\/users\/1"}],"replies":[{"embeddable":true,"href":"https:\/\/armoire-a-vin.ch\/fr\/wp-json\/wp\/v2\/comments?post=3544"}],"version-history":[{"count":8,"href":"https:\/\/armoire-a-vin.ch\/fr\/wp-json\/wp\/v2\/pages\/3544\/revisions"}],"predecessor-version":[{"id":4184,"href":"https:\/\/armoire-a-vin.ch\/fr\/wp-json\/wp\/v2\/pages\/3544\/revisions\/4184"}],"up":[{"embeddable":true,"href":"https:\/\/armoire-a-vin.ch\/fr\/wp-json\/wp\/v2\/pages\/3536"}],"wp:attachment":[{"href":"https:\/\/armoire-a-vin.ch\/fr\/wp-json\/wp\/v2\/media?parent=3544"}],"curies":[{"name":"wp","href":"https:\/\/api.w.org\/{rel}","templated":true}]}}