{"id":3536,"date":"2022-07-06T15:01:21","date_gmt":"2022-07-06T13:01:21","guid":{"rendered":"http:\/\/armoire-a-vin.ch\/?page_id=3536"},"modified":"2025-04-08T14:14:13","modified_gmt":"2025-04-08T12:14:13","slug":"dunavox-champagne","status":"publish","type":"page","link":"https:\/\/armoire-a-vin.ch\/fr\/dunavox-3\/dunavox-champagne\/","title":{"rendered":"Dunavox Champagne"},"content":{"rendered":"<p><\/p>\n<p style=\"text-align: justify;\">Les armoires \u00e0 vins Dunavox <strong>Sera<\/strong> compl\u00e8tent notre gamme pour le plus grand bonheur des amateurs de Champagne et de vins effervescents !<\/p>\n<p><a href=\"http:\/\/armoire-a-vin.ch\/wp-content\/uploads\/2025\/04\/DX-70-scaled.jpg\"><img decoding=\"async\" loading=\"lazy\" class=\"size-full wp-image-4410\" src=\"http:\/\/armoire-a-vin.ch\/wp-content\/uploads\/2025\/04\/DX-70-scaled.jpg\" alt=\"\" width=\"2560\" height=\"2560\" srcset=\"https:\/\/armoire-a-vin.ch\/wp-content\/uploads\/2025\/04\/DX-70-scaled.jpg 2560w, https:\/\/armoire-a-vin.ch\/wp-content\/uploads\/2025\/04\/DX-70-300x300.jpg 300w, https:\/\/armoire-a-vin.ch\/wp-content\/uploads\/2025\/04\/DX-70-1024x1024.jpg 1024w, https:\/\/armoire-a-vin.ch\/wp-content\/uploads\/2025\/04\/DX-70-150x150.jpg 150w, https:\/\/armoire-a-vin.ch\/wp-content\/uploads\/2025\/04\/DX-70-768x768.jpg 768w, https:\/\/armoire-a-vin.ch\/wp-content\/uploads\/2025\/04\/DX-70-1536x1536.jpg 1536w, https:\/\/armoire-a-vin.ch\/wp-content\/uploads\/2025\/04\/DX-70-2048x2048.jpg 2048w\" sizes=\"(max-width: 2560px) 100vw, 2560px\" \/><\/a><\/p>\n<p style=\"text-align: justify;\">Le champagne est une boisson sp\u00e9ciale, associ\u00e9e \u00e0 la royaut\u00e9 depuis le 17e si\u00e8cle, qui apporte une ambiance diff\u00e9rente \u00e0 tout \u00e9v\u00e8nement festif. La fabrication du champagne requiert de la patience et certains proc\u00e9d\u00e9s pour obtenir le go\u00fbt id\u00e9al du raisin. L\u2019\u00e9clat provient du processus de seconde fermentation, unique aux vins mousseux, qui a lieu \u00e0 l\u2019int\u00e9rieur de la bouteille.<\/p>\n<p style=\"text-align: justify;\">Les bouteilles sont stock\u00e9es parall\u00e8lement \u00e0 la porte vitr\u00e9e, sur clayettes coulissantes, et permettent une magnifique pr\u00e9sentation de celles-ci.<\/p>\n<p style=\"text-align: justify;\">La capacit\u00e9 des armoires varie de 40 \u00e0 143 bouteilles, de quoi s\u2019adapter aux besoins de toutes les familles.<\/p>\n<p>&nbsp;<\/p>\n<p>&nbsp;<\/p>","protected":false},"excerpt":{"rendered":"<p>Les armoires \u00e0 vins Dunavox Sera compl\u00e8tent notre gamme pour le plus grand bonheur des amateurs de Champagne et de vins effervescents ! Le champagne est une boisson sp\u00e9ciale, associ\u00e9e \u00e0 la royaut\u00e9 depuis le 17e si\u00e8cle, qui apporte une ambiance diff\u00e9rente \u00e0 tout \u00e9v\u00e8nement festif. La fabrication du champagne requiert de la patience et &hellip; <a href=\"https:\/\/armoire-a-vin.ch\/fr\/dunavox-3\/dunavox-champagne\/\" class=\"more-link\">Continuer la lecture<span class=\"screen-reader-text\"> de <span class=\"screen-reader-text\">Dunavox Champagne<\/span><\/span>&nbsp;<span class=\"meta-nav\">&rarr;<\/span><\/a><\/p>\n","protected":false},"author":1,"featured_media":0,"parent":79,"menu_order":4,"comment_status":"closed","ping_status":"closed","template":"","meta":[],"_links":{"self":[{"href":"https:\/\/armoire-a-vin.ch\/fr\/wp-json\/wp\/v2\/pages\/3536"}],"collection":[{"href":"https:\/\/armoire-a-vin.ch\/fr\/wp-json\/wp\/v2\/pages"}],"about":[{"href":"https:\/\/armoire-a-vin.ch\/fr\/wp-json\/wp\/v2\/types\/page"}],"author":[{"embeddable":true,"href":"https:\/\/armoire-a-vin.ch\/fr\/wp-json\/wp\/v2\/users\/1"}],"replies":[{"embeddable":true,"href":"https:\/\/armoire-a-vin.ch\/fr\/wp-json\/wp\/v2\/comments?post=3536"}],"version-history":[{"count":2,"href":"https:\/\/armoire-a-vin.ch\/fr\/wp-json\/wp\/v2\/pages\/3536\/revisions"}],"predecessor-version":[{"id":4411,"href":"https:\/\/armoire-a-vin.ch\/fr\/wp-json\/wp\/v2\/pages\/3536\/revisions\/4411"}],"up":[{"embeddable":true,"href":"https:\/\/armoire-a-vin.ch\/fr\/wp-json\/wp\/v2\/pages\/79"}],"wp:attachment":[{"href":"https:\/\/armoire-a-vin.ch\/fr\/wp-json\/wp\/v2\/media?parent=3536"}],"curies":[{"name":"wp","href":"https:\/\/api.w.org\/{rel}","templated":true}]}}