{"id":2987,"date":"2021-02-12T14:02:51","date_gmt":"2021-02-12T13:02:51","guid":{"rendered":"http:\/\/armoire-a-vin.ch\/?page_id=2987"},"modified":"2025-04-02T14:33:44","modified_gmt":"2025-04-02T12:33:44","slug":"dvn-44-120-db-to","status":"publish","type":"page","link":"https:\/\/armoire-a-vin.ch\/fr\/dunavox-3\/integrable-encastrable\/dvn-44-120-db-to\/","title":{"rendered":"DVN-44.120 DB.TO"},"content":{"rendered":"<p><\/p>\n<h6 style=\"text-align: center;\"><strong>Armoire \u00e0 vin encastrable \/ sous-plan avec 2 zones de temp\u00e9rature<\/strong><\/h6>\n<p><a href=\"http:\/\/armoire-a-vin.ch\/wp-content\/uploads\/2025\/04\/Noble-44.jpg\"><img decoding=\"async\" loading=\"lazy\" class=\"size-full wp-image-4258 aligncenter\" src=\"http:\/\/armoire-a-vin.ch\/wp-content\/uploads\/2025\/04\/Noble-44.jpg\" alt=\"\" width=\"1000\" height=\"1000\" srcset=\"https:\/\/armoire-a-vin.ch\/wp-content\/uploads\/2025\/04\/Noble-44.jpg 1000w, https:\/\/armoire-a-vin.ch\/wp-content\/uploads\/2025\/04\/Noble-44-300x300.jpg 300w, https:\/\/armoire-a-vin.ch\/wp-content\/uploads\/2025\/04\/Noble-44-150x150.jpg 150w, https:\/\/armoire-a-vin.ch\/wp-content\/uploads\/2025\/04\/Noble-44-768x768.jpg 768w\" sizes=\"(max-width: 1000px) 100vw, 1000px\" \/><\/a><\/p>\n<p style=\"text-align: justify;\">Cette armoire \u00e0 vin est destin\u00e9e a \u00eatre encastr\u00e9e dans un meuble de cuisine ou sous un plan de travail. Elle poss\u00e8de deux zones de temp\u00e9rature et peut accueillir jusqu&rsquo;\u00e0 44 bouteilles r\u00e9parties sur des clayettes coulissantes en bois et d\u00e9licatement r\u00e9v\u00e9l\u00e9es par un \u00e9clairage int\u00e9rieur. La porte est enti\u00e8rement vitr\u00e9e \u00ab full glass \u00bb noir, trait\u00e9 anti-UV.<\/p>\n<p style=\"text-align: justify;\"><strong>Push-to-Open Technologie :\u00a0<\/strong>Cette armoire \u00e0 vin est \u00e9quip\u00e9e du syst\u00e8me Push-to-Open permettant d\u2019ouvrir la porte gr\u00e2ce \u00e0 une l\u00e9g\u00e8re pression de la main.<br \/>\n<strong>Syst\u00e8me de ventilation int\u00e9gr\u00e9 :\u00a0<\/strong>Simple \u00e0 installer sans grille de ventilation; permettant d\u2019installer sous un plan de travail tout en gardant les lignes de la cuisine.<br \/>\n<strong>Ecran TFT :\u00a0<\/strong>L\u2019interface intuitive de l\u2019\u00e9cran TFT offre un contr\u00f4le pr\u00e9cis sur les param\u00e8tres de temp\u00e9rature, l\u2019\u00e9clairage et bien plus encore. Visualisez et g\u00e9rez votre collection de vins en toute simplicit\u00e9, du bout des doigts.<br \/>\n<strong>Connectivit\u00e9 WiFi :\u00a0<\/strong>Surveillez et contr\u00f4lez votre armoire \u00e0 vin de n\u2019importe o\u00f9 gr\u00e2ce \u00e0 l\u2019option WiFi. Ajustez les param\u00e8tres de temp\u00e9rature, recevez des alertes et suivez votre collection via une application d\u00e9di\u00e9e sur votre smartphone ou votre tablette.<br \/>\n<strong>Conception int\u00e9gr\u00e9e :<\/strong>\u00a0Con\u00e7u pour s\u2019int\u00e9grer parfaitement dans votre cuisine ou dans n\u2019importe quel espace. Son design \u00e9pur\u00e9 et minimaliste rehausse l\u2019attrait esth\u00e9tique de votre maison.<br \/>\n<strong>Efficacit\u00e9 \u00e9nerg\u00e9tique :\u00a0<\/strong>Avec une technologie respectueuse de l\u2019environnement, cette armoire \u00e0 vin offre des performances \u00e9lev\u00e9es avec une faible consommation d\u2019\u00e9nergie, r\u00e9duisant ainsi votre empreinte carbone sans compromettre la qualit\u00e9.<\/p>\n<p><strong>Caract\u00e9ristiques techniques :<\/strong><br \/>\nDimensions : H. 88.6 x L. 59.2 x P. 55.9 cm<br \/>\nCapacit\u00e9 : 44 bouteilles<br \/>\nZone de temp\u00e9rature : 2 (+5 \u00b0C \/ +20\u00b0C)<br \/>\nEcran tactile : TFT<br \/>\nEclairage int\u00e9rieure : Multi LED (ambre, blanc ou bleu)<\/p>\n<p><a href=\"https:\/\/armoire-a-vin.ch\/wp-content\/uploads\/2024\/10\/TFT-screen-1.jpg\"><img decoding=\"async\" loading=\"lazy\" class=\"size-full wp-image-3674 aligncenter\" src=\"https:\/\/armoire-a-vin.ch\/wp-content\/uploads\/2024\/10\/TFT-screen-1.jpg\" sizes=\"(max-width: 1000px) 100vw, 1000px\" srcset=\"https:\/\/armoire-a-vin.ch\/wp-content\/uploads\/2024\/10\/TFT-screen-1.jpg 1000w, https:\/\/armoire-a-vin.ch\/wp-content\/uploads\/2024\/10\/TFT-screen-1-300x54.jpg 300w, https:\/\/armoire-a-vin.ch\/wp-content\/uploads\/2024\/10\/TFT-screen-1-768x139.jpg 768w\" alt=\"\" width=\"1000\" height=\"181\" \/><\/a><\/p>\n<p class=\"has-text-align-center\" style=\"text-align: left;\"><strong><a href=\"http:\/\/armoire-a-vin.ch\/wp-content\/uploads\/2024\/10\/Screenshot-44.120.png\"><img decoding=\"async\" loading=\"lazy\" class=\"size-full wp-image-3737 aligncenter\" src=\"http:\/\/armoire-a-vin.ch\/wp-content\/uploads\/2024\/10\/Screenshot-44.120.png\" alt=\"\" width=\"694\" height=\"83\" srcset=\"https:\/\/armoire-a-vin.ch\/wp-content\/uploads\/2024\/10\/Screenshot-44.120.png 694w, https:\/\/armoire-a-vin.ch\/wp-content\/uploads\/2024\/10\/Screenshot-44.120-300x36.png 300w\" sizes=\"(max-width: 694px) 100vw, 694px\" \/><\/a>\u00a0<\/strong><\/p>\n<p><\/p>","protected":false},"excerpt":{"rendered":"<p>Armoire \u00e0 vin encastrable \/ sous-plan avec 2 zones de temp\u00e9rature Cette armoire \u00e0 vin est destin\u00e9e a \u00eatre encastr\u00e9e dans un meuble de cuisine ou sous un plan de travail. Elle poss\u00e8de deux zones de temp\u00e9rature et peut accueillir jusqu&rsquo;\u00e0 44 bouteilles r\u00e9parties sur des clayettes coulissantes en bois et d\u00e9licatement r\u00e9v\u00e9l\u00e9es par un &hellip; <a href=\"https:\/\/armoire-a-vin.ch\/fr\/dunavox-3\/integrable-encastrable\/dvn-44-120-db-to\/\" class=\"more-link\">Continuer la lecture<span class=\"screen-reader-text\"> de <span class=\"screen-reader-text\">DVN-44.120 DB.TO<\/span><\/span>&nbsp;<span class=\"meta-nav\">&rarr;<\/span><\/a><\/p>\n","protected":false},"author":1,"featured_media":0,"parent":234,"menu_order":4,"comment_status":"closed","ping_status":"closed","template":"","meta":[],"_links":{"self":[{"href":"https:\/\/armoire-a-vin.ch\/fr\/wp-json\/wp\/v2\/pages\/2987"}],"collection":[{"href":"https:\/\/armoire-a-vin.ch\/fr\/wp-json\/wp\/v2\/pages"}],"about":[{"href":"https:\/\/armoire-a-vin.ch\/fr\/wp-json\/wp\/v2\/types\/page"}],"author":[{"embeddable":true,"href":"https:\/\/armoire-a-vin.ch\/fr\/wp-json\/wp\/v2\/users\/1"}],"replies":[{"embeddable":true,"href":"https:\/\/armoire-a-vin.ch\/fr\/wp-json\/wp\/v2\/comments?post=2987"}],"version-history":[{"count":17,"href":"https:\/\/armoire-a-vin.ch\/fr\/wp-json\/wp\/v2\/pages\/2987\/revisions"}],"predecessor-version":[{"id":4259,"href":"https:\/\/armoire-a-vin.ch\/fr\/wp-json\/wp\/v2\/pages\/2987\/revisions\/4259"}],"up":[{"embeddable":true,"href":"https:\/\/armoire-a-vin.ch\/fr\/wp-json\/wp\/v2\/pages\/234"}],"wp:attachment":[{"href":"https:\/\/armoire-a-vin.ch\/fr\/wp-json\/wp\/v2\/media?parent=2987"}],"curies":[{"name":"wp","href":"https:\/\/api.w.org\/{rel}","templated":true}]}}