{"id":2977,"date":"2021-02-10T16:05:51","date_gmt":"2021-02-10T15:05:51","guid":{"rendered":"http:\/\/armoire-a-vin.ch\/?page_id=2977"},"modified":"2024-11-07T11:45:08","modified_gmt":"2024-11-07T10:45:08","slug":"dauf-46-138","status":"publish","type":"page","link":"https:\/\/armoire-a-vin.ch\/fr\/dunavox-3\/encastrable-sous-plan\/dauf-46-138\/","title":{"rendered":"DAUF-46.138"},"content":{"rendered":"<p><\/p>\n<h6 style=\"text-align: center;\"><strong>Armoire \u00e0 vin sous plan \/ pose libre avec 1 zone de temp\u00e9rature<\/strong><\/h6>\n<p><a href=\"https:\/\/armoire-a-vin.ch\/wp-content\/uploads\/2021\/02\/DAUF-46.138-B.jpeg\"><img decoding=\"async\" loading=\"lazy\" class=\"size-full wp-image-3204 aligncenter\" src=\"https:\/\/armoire-a-vin.ch\/wp-content\/uploads\/2021\/02\/DAUF-46.138-B.jpeg\" alt=\"DAUF-46.138 B\" width=\"1000\" height=\"1000\" srcset=\"https:\/\/armoire-a-vin.ch\/wp-content\/uploads\/2021\/02\/DAUF-46.138-B.jpeg 1000w, https:\/\/armoire-a-vin.ch\/wp-content\/uploads\/2021\/02\/DAUF-46.138-B-150x150.jpeg 150w, https:\/\/armoire-a-vin.ch\/wp-content\/uploads\/2021\/02\/DAUF-46.138-B-300x300.jpeg 300w, https:\/\/armoire-a-vin.ch\/wp-content\/uploads\/2021\/02\/DAUF-46.138-B-768x768.jpeg 768w\" sizes=\"(max-width: 1000px) 100vw, 1000px\" \/><\/a><\/p>\n<p style=\"text-align: justify;\">Cette armoire \u00e0 vin de vieillissement encastrable sous un plan de travail s\u2019int\u00e8gre parfaitement et facilement dans une cuisine. Elle peut \u00e9galement \u00eatre en pose libre. Elle poss\u00e8de une zone de temp\u00e9rature d\u2019une capacit\u00e9 de stockage totale de 46 bouteilles.<\/p>\n<p style=\"text-align: justify;\">Porte, soign\u00e9e et \u00e9l\u00e9gante, est enti\u00e8rement vitr\u00e9e, teint\u00e9e et trait\u00e9e anti-UV. Dot\u00e9e d\u2019une poign\u00e9e, la porte vitr\u00e9e est propos\u00e9e soit avec un cadre \u00ab full glass \u00bb noir, un cadre inox, un cadre matt noir et vous avez \u00e9galement la possibilit\u00e9 de personnaliser le cadre selon la palette couleur RAL.<\/p>\n<p style=\"text-align: justify;\">Les bouteilles sont r\u00e9parties sur des clayettes en bois massif et sont r\u00e9v\u00e9l\u00e9es par un \u00e9clairage int\u00e9rieur.<\/p>\n<p><strong>Caract\u00e9ristiques techniques :<\/strong><br \/>\nDimensions : H. 82.2 x L. 59.5 x P. 56 cm<br \/>\nCapacit\u00e9 : 46 bouteilles<br \/>\nZone de temp\u00e9rature : 1 (+5 \u00b0C \/ +20\u00b0C)<br \/>\nMod\u00e8les : cadre noir (B), cadre inox (SS). cadre noir matt (MB), cadre couleur RAL (C)<br \/>\nEcran tactile : LED<br \/>\nEclairage int\u00e9rieure : Multi LED (ambre, blanc ou bleu)<\/p>\n<p><a href=\"http:\/\/armoire-a-vin.ch\/wp-content\/uploads\/2024\/10\/Ecran-LED-1.jpg\"><img decoding=\"async\" loading=\"lazy\" class=\"size-full wp-image-3868 aligncenter\" src=\"http:\/\/armoire-a-vin.ch\/wp-content\/uploads\/2024\/10\/Ecran-LED-1.jpg\" alt=\"\" width=\"998\" height=\"120\" srcset=\"https:\/\/armoire-a-vin.ch\/wp-content\/uploads\/2024\/10\/Ecran-LED-1.jpg 998w, https:\/\/armoire-a-vin.ch\/wp-content\/uploads\/2024\/10\/Ecran-LED-1-300x36.jpg 300w, https:\/\/armoire-a-vin.ch\/wp-content\/uploads\/2024\/10\/Ecran-LED-1-768x92.jpg 768w\" sizes=\"(max-width: 998px) 100vw, 998px\" \/><\/a><\/p>\n<p><a href=\"http:\/\/armoire-a-vin.ch\/wp-content\/uploads\/2024\/10\/46.138.jpeg\"><img decoding=\"async\" loading=\"lazy\" class=\"size-full wp-image-4043 aligncenter\" src=\"http:\/\/armoire-a-vin.ch\/wp-content\/uploads\/2024\/10\/46.138.jpeg\" alt=\"\" width=\"509\" height=\"114\" srcset=\"https:\/\/armoire-a-vin.ch\/wp-content\/uploads\/2024\/10\/46.138.jpeg 509w, https:\/\/armoire-a-vin.ch\/wp-content\/uploads\/2024\/10\/46.138-300x67.jpeg 300w\" sizes=\"(max-width: 509px) 100vw, 509px\" \/><\/a><\/p>","protected":false},"excerpt":{"rendered":"<p>Armoire \u00e0 vin sous plan \/ pose libre avec 1 zone de temp\u00e9rature Cette armoire \u00e0 vin de vieillissement encastrable sous un plan de travail s\u2019int\u00e8gre parfaitement et facilement dans une cuisine. Elle peut \u00e9galement \u00eatre en pose libre. Elle poss\u00e8de une zone de temp\u00e9rature d\u2019une capacit\u00e9 de stockage totale de 46 bouteilles. Porte, soign\u00e9e &hellip; <a href=\"https:\/\/armoire-a-vin.ch\/fr\/dunavox-3\/encastrable-sous-plan\/dauf-46-138\/\" class=\"more-link\">Continuer la lecture<span class=\"screen-reader-text\"> de <span class=\"screen-reader-text\">DAUF-46.138<\/span><\/span>&nbsp;<span class=\"meta-nav\">&rarr;<\/span><\/a><\/p>\n","protected":false},"author":1,"featured_media":0,"parent":1533,"menu_order":8,"comment_status":"closed","ping_status":"closed","template":"","meta":[],"_links":{"self":[{"href":"https:\/\/armoire-a-vin.ch\/fr\/wp-json\/wp\/v2\/pages\/2977"}],"collection":[{"href":"https:\/\/armoire-a-vin.ch\/fr\/wp-json\/wp\/v2\/pages"}],"about":[{"href":"https:\/\/armoire-a-vin.ch\/fr\/wp-json\/wp\/v2\/types\/page"}],"author":[{"embeddable":true,"href":"https:\/\/armoire-a-vin.ch\/fr\/wp-json\/wp\/v2\/users\/1"}],"replies":[{"embeddable":true,"href":"https:\/\/armoire-a-vin.ch\/fr\/wp-json\/wp\/v2\/comments?post=2977"}],"version-history":[{"count":9,"href":"https:\/\/armoire-a-vin.ch\/fr\/wp-json\/wp\/v2\/pages\/2977\/revisions"}],"predecessor-version":[{"id":4044,"href":"https:\/\/armoire-a-vin.ch\/fr\/wp-json\/wp\/v2\/pages\/2977\/revisions\/4044"}],"up":[{"embeddable":true,"href":"https:\/\/armoire-a-vin.ch\/fr\/wp-json\/wp\/v2\/pages\/1533"}],"wp:attachment":[{"href":"https:\/\/armoire-a-vin.ch\/fr\/wp-json\/wp\/v2\/media?parent=2977"}],"curies":[{"name":"wp","href":"https:\/\/api.w.org\/{rel}","templated":true}]}}