{"id":2958,"date":"2021-02-10T15:36:41","date_gmt":"2021-02-10T14:36:41","guid":{"rendered":"http:\/\/armoire-a-vin.ch\/?page_id=2958"},"modified":"2025-04-02T14:53:32","modified_gmt":"2025-04-02T12:53:32","slug":"dvh-70-185","status":"publish","type":"page","link":"https:\/\/armoire-a-vin.ch\/fr\/dunavox-3\/integrable-encastrable\/dunavox-horizon\/dvh-70-185\/","title":{"rendered":"DVH-70.185"},"content":{"rendered":"<p><\/p>\n<h6 style=\"text-align: center;\"><strong>Armoire \u00e0 vin encastrable avec 2 zones de temp\u00e9rature<\/strong><\/h6>\n<p><a href=\"http:\/\/armoire-a-vin.ch\/wp-content\/uploads\/2025\/04\/Horizon-70.jpg\"><img decoding=\"async\" loading=\"lazy\" class=\"size-full wp-image-4268 aligncenter\" src=\"http:\/\/armoire-a-vin.ch\/wp-content\/uploads\/2025\/04\/Horizon-70.jpg\" alt=\"\" width=\"1000\" height=\"1000\" srcset=\"https:\/\/armoire-a-vin.ch\/wp-content\/uploads\/2025\/04\/Horizon-70.jpg 1000w, https:\/\/armoire-a-vin.ch\/wp-content\/uploads\/2025\/04\/Horizon-70-300x300.jpg 300w, https:\/\/armoire-a-vin.ch\/wp-content\/uploads\/2025\/04\/Horizon-70-150x150.jpg 150w, https:\/\/armoire-a-vin.ch\/wp-content\/uploads\/2025\/04\/Horizon-70-768x768.jpg 768w\" sizes=\"(max-width: 1000px) 100vw, 1000px\" \/><\/a><\/p>\n<div style=\"text-align: justify;\">Cette armoire \u00e0 vin est destin\u00e9e \u00e0 \u00eatre encastr\u00e9e dans un meuble de cuisine. Elle poss\u00e8de deux zones de temp\u00e9rature et peut accueillir jusqu\u2019\u00e0 70 bouteilles r\u00e9parties sur des clayettes coulissantes en bois et d\u00e9licatement r\u00e9v\u00e9l\u00e9es par un \u00e9clairage int\u00e9rieur. La porte est enti\u00e8rement vitr\u00e9e, trait\u00e9 anti-UV, soit full glass noir (DB), cadre inox (DSS), cadre noir matt (DMB). Possibilit\u00e9 de personnaliser le cadre selon la palette couleur RAL (DC).<\/div>\n<div style=\"text-align: justify;\"><span style=\"color: #ffffff;\">\u2026<\/span><\/div>\n<div>\n<p style=\"text-align: justify;\"><strong>Push-to-Open Technologie :\u00a0<\/strong>Cette armoire \u00e0 vin est \u00e9quip\u00e9e du syst\u00e8me Push-to-Open permettant d\u2019ouvrir la porte gr\u00e2ce \u00e0 une l\u00e9g\u00e8re pression de la main.<br \/>\n<strong>Syst\u00e8me de ventilation int\u00e9gr\u00e9 :\u00a0<\/strong>Simple \u00e0 installer sans grille de ventilation; permettant d\u2019installer sous un plan de travail tout en gardant les lignes de la cuisine.<br \/>\n<strong>Ecran LCD :\u00a0<\/strong>Ecran tactile d\u00e9taill\u00e9 affichant diverses fonctions telles que les temp\u00e9ratures et la couleur de la lumi\u00e8re.<br \/>\n<strong>Connectivit\u00e9 WiFi :\u00a0<\/strong>Surveillez et contr\u00f4lez votre armoire \u00e0 vin de n\u2019importe o\u00f9 gr\u00e2ce \u00e0 l\u2019option WiFi. Ajustez les param\u00e8tres de temp\u00e9rature, recevez des alertes et suivez votre collection via une application d\u00e9di\u00e9e sur votre smartphone ou votre tablette.<br \/>\n<strong>Conception int\u00e9gr\u00e9e :<\/strong>\u00a0Con\u00e7u pour s\u2019int\u00e9grer parfaitement dans votre cuisine ou dans n\u2019importe quel espace. Son design \u00e9pur\u00e9 et minimaliste rehausse l\u2019attrait esth\u00e9tique de votre maison.<br \/>\n<strong>Efficacit\u00e9 \u00e9nerg\u00e9tique :\u00a0<\/strong>Avec une technologie respectueuse de l\u2019environnement, cette armoire \u00e0 vin offre des performances \u00e9lev\u00e9es avec une faible consommation d\u2019\u00e9nergie, r\u00e9duisant ainsi votre empreinte carbone sans compromettre la qualit\u00e9.<\/p>\n<\/div>\n<p><strong>Caract\u00e9ristiques techniques :<\/strong><br \/>\nDimensions : H. 123.3 x L. 59 x P. 57.1 cm<br \/>\nCapacit\u00e9 : 70 bouteilles<br \/>\nZone de temp\u00e9rature : 2 (+5 \u00b0C \/ +20\u00b0C)<br \/>\n<span lang=\"en\">Mod\u00e8les : full glass (DB), cadre inox (DSS), cadre noir matt (DMB), cadre couleur RAL (DC)<\/span><br \/>\nEcran tactile : LCD<br \/>\nEclairage int\u00e9rieure : Multi LED (ambre, blanc ou bleu)<\/p>\n<p>&nbsp;<\/p>\n<p><a href=\"http:\/\/armoire-a-vin.ch\/wp-content\/uploads\/2024\/10\/Ecran-LCD-1.jpg\"><img decoding=\"async\" loading=\"lazy\" class=\"size-full wp-image-3756 aligncenter\" src=\"http:\/\/armoire-a-vin.ch\/wp-content\/uploads\/2024\/10\/Ecran-LCD-1.jpg\" alt=\"\" width=\"979\" height=\"87\" srcset=\"https:\/\/armoire-a-vin.ch\/wp-content\/uploads\/2024\/10\/Ecran-LCD-1.jpg 979w, https:\/\/armoire-a-vin.ch\/wp-content\/uploads\/2024\/10\/Ecran-LCD-1-300x27.jpg 300w, https:\/\/armoire-a-vin.ch\/wp-content\/uploads\/2024\/10\/Ecran-LCD-1-768x68.jpg 768w\" sizes=\"(max-width: 979px) 100vw, 979px\" \/><\/a><\/p>\n<p>&nbsp;<\/p>\n<p class=\"has-text-align-center\" style=\"text-align: left;\"><strong><a href=\"http:\/\/armoire-a-vin.ch\/wp-content\/uploads\/2024\/10\/Screenshot-DVH-70.185.jpeg\"><img decoding=\"async\" loading=\"lazy\" class=\"size-full wp-image-3817 aligncenter\" src=\"http:\/\/armoire-a-vin.ch\/wp-content\/uploads\/2024\/10\/Screenshot-DVH-70.185.jpeg\" alt=\"\" width=\"687\" height=\"105\" srcset=\"https:\/\/armoire-a-vin.ch\/wp-content\/uploads\/2024\/10\/Screenshot-DVH-70.185.jpeg 687w, https:\/\/armoire-a-vin.ch\/wp-content\/uploads\/2024\/10\/Screenshot-DVH-70.185-300x46.jpeg 300w\" sizes=\"(max-width: 687px) 100vw, 687px\" \/><\/a><\/strong><span style=\"color: #ffffff;\"><strong>.<\/strong><\/span><\/p>\n<p class=\"has-text-align-center\" style=\"text-align: left;\"><span style=\"color: #ffffff;\"><strong>.<a href=\"http:\/\/armoire-a-vin.ch\/wp-content\/uploads\/2024\/10\/Touch-open-picture_1.jpg\"><img decoding=\"async\" loading=\"lazy\" class=\"size-full wp-image-3853 aligncenter\" src=\"http:\/\/armoire-a-vin.ch\/wp-content\/uploads\/2024\/10\/Touch-open-picture_1.jpg\" alt=\"\" width=\"2000\" height=\"1500\" srcset=\"https:\/\/armoire-a-vin.ch\/wp-content\/uploads\/2024\/10\/Touch-open-picture_1.jpg 2000w, https:\/\/armoire-a-vin.ch\/wp-content\/uploads\/2024\/10\/Touch-open-picture_1-300x225.jpg 300w, https:\/\/armoire-a-vin.ch\/wp-content\/uploads\/2024\/10\/Touch-open-picture_1-1024x768.jpg 1024w, https:\/\/armoire-a-vin.ch\/wp-content\/uploads\/2024\/10\/Touch-open-picture_1-768x576.jpg 768w, https:\/\/armoire-a-vin.ch\/wp-content\/uploads\/2024\/10\/Touch-open-picture_1-1536x1152.jpg 1536w\" sizes=\"(max-width: 2000px) 100vw, 2000px\" \/><\/a><\/strong><\/span><\/p>\n<p class=\"has-text-align-center\" style=\"text-align: left;\"><span style=\"color: #ffffff;\"><strong>.<\/strong><\/span><\/p>\n<p class=\"has-text-align-center\" style=\"text-align: left;\"><span style=\"color: #ffffff;\"><strong>.<\/strong><\/span><\/p>\n<p>&nbsp;<\/p>","protected":false},"excerpt":{"rendered":"<p>Armoire \u00e0 vin encastrable avec 2 zones de temp\u00e9rature Cette armoire \u00e0 vin est destin\u00e9e \u00e0 \u00eatre encastr\u00e9e dans un meuble de cuisine. Elle poss\u00e8de deux zones de temp\u00e9rature et peut accueillir jusqu\u2019\u00e0 70 bouteilles r\u00e9parties sur des clayettes coulissantes en bois et d\u00e9licatement r\u00e9v\u00e9l\u00e9es par un \u00e9clairage int\u00e9rieur. La porte est enti\u00e8rement vitr\u00e9e, trait\u00e9 &hellip; <a href=\"https:\/\/armoire-a-vin.ch\/fr\/dunavox-3\/integrable-encastrable\/dunavox-horizon\/dvh-70-185\/\" class=\"more-link\">Continuer la lecture<span class=\"screen-reader-text\"> de <span class=\"screen-reader-text\">DVH-70.185<\/span><\/span>&nbsp;<span class=\"meta-nav\">&rarr;<\/span><\/a><\/p>\n","protected":false},"author":1,"featured_media":0,"parent":3397,"menu_order":9,"comment_status":"closed","ping_status":"closed","template":"","meta":[],"_links":{"self":[{"href":"https:\/\/armoire-a-vin.ch\/fr\/wp-json\/wp\/v2\/pages\/2958"}],"collection":[{"href":"https:\/\/armoire-a-vin.ch\/fr\/wp-json\/wp\/v2\/pages"}],"about":[{"href":"https:\/\/armoire-a-vin.ch\/fr\/wp-json\/wp\/v2\/types\/page"}],"author":[{"embeddable":true,"href":"https:\/\/armoire-a-vin.ch\/fr\/wp-json\/wp\/v2\/users\/1"}],"replies":[{"embeddable":true,"href":"https:\/\/armoire-a-vin.ch\/fr\/wp-json\/wp\/v2\/comments?post=2958"}],"version-history":[{"count":15,"href":"https:\/\/armoire-a-vin.ch\/fr\/wp-json\/wp\/v2\/pages\/2958\/revisions"}],"predecessor-version":[{"id":4269,"href":"https:\/\/armoire-a-vin.ch\/fr\/wp-json\/wp\/v2\/pages\/2958\/revisions\/4269"}],"up":[{"embeddable":true,"href":"https:\/\/armoire-a-vin.ch\/fr\/wp-json\/wp\/v2\/pages\/3397"}],"wp:attachment":[{"href":"https:\/\/armoire-a-vin.ch\/fr\/wp-json\/wp\/v2\/media?parent=2958"}],"curies":[{"name":"wp","href":"https:\/\/api.w.org\/{rel}","templated":true}]}}