{"id":234,"date":"2016-02-04T14:23:33","date_gmt":"2016-02-04T13:23:33","guid":{"rendered":"http:\/\/armoire-a-vin.com\/?page_id=234"},"modified":"2025-04-03T14:31:40","modified_gmt":"2025-04-03T12:31:40","slug":"integrable-encastrable","status":"publish","type":"page","link":"https:\/\/armoire-a-vin.ch\/fr\/dunavox-3\/integrable-encastrable\/","title":{"rendered":"Dunavox Encastrable"},"content":{"rendered":"<p><\/p>\n<p style=\"text-align: justify;\">Une cuisine moderne m\u00e9rite une armoire \u00e0 vin qui vous permet d\u2019avoir vos meilleurs crus a port\u00e9 de main.<\/p>\n<p style=\"text-align: justify;\">Offrez-vous une armoire \u00e0 vin qui, non seulement stocke votre collection de vins mais, la met \u00e9galement en valeur. Nos armoires \u00e0 vin \u00e0 \u00e9cran TFT \/ \u00e9cran LED ou \u00e9cran LCD sont enti\u00e8rement int\u00e9gr\u00e9 sont plus qu\u2019un appareil; c\u2019est une d\u00e9claration de sophistication et un engagement envers le verre de vin parfait. Que vous soyez connaisseur chevronn\u00e9 ou que vous d\u00e9butiez tout juste votre collection, cette armoire \u00e0 vin est con\u00e7ue pour r\u00e9pondre \u00e0 tous vos besoins avec style et pr\u00e9cision.<\/p>\n<p style=\"text-align: justify;\"><a href=\"http:\/\/armoire-a-vin.ch\/wp-content\/uploads\/2025\/04\/Noble-25.65-1.jpg\"><img decoding=\"async\" loading=\"lazy\" class=\"size-full wp-image-4322 aligncenter\" src=\"http:\/\/armoire-a-vin.ch\/wp-content\/uploads\/2025\/04\/Noble-25.65-1.jpg\" alt=\"\" width=\"1000\" height=\"1000\" srcset=\"https:\/\/armoire-a-vin.ch\/wp-content\/uploads\/2025\/04\/Noble-25.65-1.jpg 1000w, https:\/\/armoire-a-vin.ch\/wp-content\/uploads\/2025\/04\/Noble-25.65-1-300x300.jpg 300w, https:\/\/armoire-a-vin.ch\/wp-content\/uploads\/2025\/04\/Noble-25.65-1-150x150.jpg 150w, https:\/\/armoire-a-vin.ch\/wp-content\/uploads\/2025\/04\/Noble-25.65-1-768x768.jpg 768w\" sizes=\"(max-width: 1000px) 100vw, 1000px\" \/><\/a><\/p>\n<p style=\"text-align: justify;\">Les armoires \u00e0 vin sont \u00e0 install\u00e9s dans les meubles de cuisine et aussi sous un plan de travail. Plusieurs sont \u00e9quip\u00e9es du syst\u00e8me <strong>\u201cPush-to-Open\u201d<\/strong>\u00a0permettant d\u2019ouvrir la porte gr\u00e2ce \u00e0 une l\u00e9g\u00e8re pression de la main assurant une parfaite correspondance avec toutes les cuisines sans poign\u00e9es dans un environnement moderne.<\/p>\n<p style=\"text-align: justify;\">Le syst\u00e8me de ventilation int\u00e9gr\u00e9 d\u00e9velopp\u00e9 par Dunavox permet \u00e0 l\u2019air frais d\u2019atteindre le compresseur et\u00a0<strong>ne<\/strong>\u00a0<strong>n\u00e9cessite plus<\/strong>\u00a0le rajout de grilles d\u2019a\u00e9ration sup\u00e9rieure et inf\u00e9rieure.<\/p>\n<p style=\"text-align: justify;\"><span class=\"transpan\"><span id=\"tran0\">Peu importe quelle taille ou type de vin vous voudriez stocker, nos mod\u00e8les avec une ou deux zone de temp\u00e9rature satisferont certainement vos besoins.<\/span><\/span><\/p>\n<p style=\"text-align: justify;\">La capacit\u00e9 des armoires varie de 19 \u00e0 114 bouteilles, de quoi s\u2019adapter aux besoins de toutes les familles.<\/p>\n<p><a href=\"http:\/\/armoire-a-vin.ch\/wp-content\/uploads\/2025\/04\/Horizon-44-1.jpg\"><img decoding=\"async\" loading=\"lazy\" class=\"size-full wp-image-4323 aligncenter\" src=\"http:\/\/armoire-a-vin.ch\/wp-content\/uploads\/2025\/04\/Horizon-44-1.jpg\" alt=\"\" width=\"1000\" height=\"1000\" srcset=\"https:\/\/armoire-a-vin.ch\/wp-content\/uploads\/2025\/04\/Horizon-44-1.jpg 1000w, https:\/\/armoire-a-vin.ch\/wp-content\/uploads\/2025\/04\/Horizon-44-1-300x300.jpg 300w, https:\/\/armoire-a-vin.ch\/wp-content\/uploads\/2025\/04\/Horizon-44-1-150x150.jpg 150w, https:\/\/armoire-a-vin.ch\/wp-content\/uploads\/2025\/04\/Horizon-44-1-768x768.jpg 768w\" sizes=\"(max-width: 1000px) 100vw, 1000px\" \/><\/a><\/p>\n<p><a href=\"http:\/\/armoire-a-vin.ch\/wp-content\/uploads\/2025\/04\/Balance-65-1.jpg\"><img decoding=\"async\" loading=\"lazy\" class=\"size-full wp-image-4324 aligncenter\" src=\"http:\/\/armoire-a-vin.ch\/wp-content\/uploads\/2025\/04\/Balance-65-1.jpg\" alt=\"\" width=\"1000\" height=\"1000\" srcset=\"https:\/\/armoire-a-vin.ch\/wp-content\/uploads\/2025\/04\/Balance-65-1.jpg 1000w, https:\/\/armoire-a-vin.ch\/wp-content\/uploads\/2025\/04\/Balance-65-1-300x300.jpg 300w, https:\/\/armoire-a-vin.ch\/wp-content\/uploads\/2025\/04\/Balance-65-1-150x150.jpg 150w, https:\/\/armoire-a-vin.ch\/wp-content\/uploads\/2025\/04\/Balance-65-1-768x768.jpg 768w\" sizes=\"(max-width: 1000px) 100vw, 1000px\" \/><\/a><\/p>\n<p>&nbsp;<\/p>","protected":false},"excerpt":{"rendered":"<p>Une cuisine moderne m\u00e9rite une armoire \u00e0 vin qui vous permet d\u2019avoir vos meilleurs crus a port\u00e9 de main. Offrez-vous une armoire \u00e0 vin qui, non seulement stocke votre collection de vins mais, la met \u00e9galement en valeur. Nos armoires \u00e0 vin \u00e0 \u00e9cran TFT \/ \u00e9cran LED ou \u00e9cran LCD sont enti\u00e8rement int\u00e9gr\u00e9 sont &hellip; <a href=\"https:\/\/armoire-a-vin.ch\/fr\/dunavox-3\/integrable-encastrable\/\" class=\"more-link\">Continuer la lecture<span class=\"screen-reader-text\"> de <span class=\"screen-reader-text\">Dunavox Encastrable<\/span><\/span>&nbsp;<span class=\"meta-nav\">&rarr;<\/span><\/a><\/p>\n","protected":false},"author":1,"featured_media":0,"parent":79,"menu_order":1,"comment_status":"closed","ping_status":"closed","template":"","meta":[],"_links":{"self":[{"href":"https:\/\/armoire-a-vin.ch\/fr\/wp-json\/wp\/v2\/pages\/234"}],"collection":[{"href":"https:\/\/armoire-a-vin.ch\/fr\/wp-json\/wp\/v2\/pages"}],"about":[{"href":"https:\/\/armoire-a-vin.ch\/fr\/wp-json\/wp\/v2\/types\/page"}],"author":[{"embeddable":true,"href":"https:\/\/armoire-a-vin.ch\/fr\/wp-json\/wp\/v2\/users\/1"}],"replies":[{"embeddable":true,"href":"https:\/\/armoire-a-vin.ch\/fr\/wp-json\/wp\/v2\/comments?post=234"}],"version-history":[{"count":25,"href":"https:\/\/armoire-a-vin.ch\/fr\/wp-json\/wp\/v2\/pages\/234\/revisions"}],"predecessor-version":[{"id":4325,"href":"https:\/\/armoire-a-vin.ch\/fr\/wp-json\/wp\/v2\/pages\/234\/revisions\/4325"}],"up":[{"embeddable":true,"href":"https:\/\/armoire-a-vin.ch\/fr\/wp-json\/wp\/v2\/pages\/79"}],"wp:attachment":[{"href":"https:\/\/armoire-a-vin.ch\/fr\/wp-json\/wp\/v2\/media?parent=234"}],"curies":[{"name":"wp","href":"https:\/\/api.w.org\/{rel}","templated":true}]}}