{"id":2202,"date":"2020-04-02T16:23:17","date_gmt":"2020-04-02T14:23:17","guid":{"rendered":"http:\/\/armoire-a-vin.ch\/?page_id=2202"},"modified":"2024-11-07T12:36:07","modified_gmt":"2024-11-07T11:36:07","slug":"dauf-9-22","status":"publish","type":"page","link":"https:\/\/armoire-a-vin.ch\/fr\/dunavox-3\/encastrable-sous-plan\/dauf-9-22\/","title":{"rendered":"DAUF-9.22"},"content":{"rendered":"<p><\/p>\n<h6 style=\"text-align: center;\"><strong>Armoire \u00e0 vin sous plan avec 1 zone de temp\u00e9rature<\/strong><\/h6>\n<p><a href=\"https:\/\/armoire-a-vin.ch\/wp-content\/uploads\/2020\/04\/9.22.jpg\"><img decoding=\"async\" loading=\"lazy\" class=\"size-full wp-image-2203 aligncenter\" src=\"https:\/\/armoire-a-vin.ch\/wp-content\/uploads\/2020\/04\/9.22.jpg\" alt=\"9.22\" width=\"1000\" height=\"1000\" srcset=\"https:\/\/armoire-a-vin.ch\/wp-content\/uploads\/2020\/04\/9.22.jpg 1000w, https:\/\/armoire-a-vin.ch\/wp-content\/uploads\/2020\/04\/9.22-150x150.jpg 150w, https:\/\/armoire-a-vin.ch\/wp-content\/uploads\/2020\/04\/9.22-300x300.jpg 300w, https:\/\/armoire-a-vin.ch\/wp-content\/uploads\/2020\/04\/9.22-768x768.jpg 768w\" sizes=\"(max-width: 1000px) 100vw, 1000px\" \/><\/a><\/p>\n<p style=\"text-align: justify;\">Ce petit mod\u00e8le d\u2019armoire \u00e0 vin, encastrable sous plan, peut accueillir jusqu\u2019\u00e0 9 bouteilles (7 couch\u00e9s, 2 debout) rang\u00e9es sur des clayettes fixes et \u00e9clair\u00e9e par une \u00e9l\u00e9gante lumi\u00e8re.<\/p>\n<p style=\"text-align: justify;\">Porte, soign\u00e9e et \u00e9l\u00e9gante, est enti\u00e8rement vitr\u00e9e, teint\u00e9e et trait\u00e9e anti-UV. Dot\u00e9e d\u2019une poign\u00e9e, la porte vitr\u00e9e est propos\u00e9e soit avec un cadre \u00ab\u00a0full glass\u00a0\u00bb noir, un cadre inox, un cadre matt noir et vous avez \u00e9galement la possibilit\u00e9 de personnaliser le cadre selon la palette couleur RAL.<\/p>\n<p style=\"text-align: justify;\">De m\u00eame format que le tiroir \u00e0 \u00e9pices coulissant, elle est facile \u00e0 loger sous un plan de travail et est id\u00e9ale pour les cuisines.<\/p>\n<p><strong>Caract\u00e9ristiques techniques :<\/strong><br \/>\nDimensions : H. 82 x L. 15 x P. 52.5 cm<br \/>\nCapacit\u00e9 : 9 bouteilles<br \/>\nZone de temp\u00e9rature : 1 (+5 \u00b0C \/ +20\u00b0C)<br \/>\nMod\u00e8les : cadre noir (B), cadre inox (SS). cadre noir matt (MB), cadre couleur RAL (C)<br \/>\nEcran tactile : LED<br \/>\nEclairage int\u00e9rieure : LED (blanc)<\/p>\n<div>\n<p><a href=\"http:\/\/armoire-a-vin.ch\/wp-content\/uploads\/2024\/10\/Ecran-LED-1.jpg\"><img decoding=\"async\" loading=\"lazy\" class=\"size-full wp-image-3868 aligncenter\" src=\"http:\/\/armoire-a-vin.ch\/wp-content\/uploads\/2024\/10\/Ecran-LED-1.jpg\" alt=\"\" width=\"998\" height=\"120\" srcset=\"https:\/\/armoire-a-vin.ch\/wp-content\/uploads\/2024\/10\/Ecran-LED-1.jpg 998w, https:\/\/armoire-a-vin.ch\/wp-content\/uploads\/2024\/10\/Ecran-LED-1-300x36.jpg 300w, https:\/\/armoire-a-vin.ch\/wp-content\/uploads\/2024\/10\/Ecran-LED-1-768x92.jpg 768w\" sizes=\"(max-width: 998px) 100vw, 998px\" \/><\/a><\/p>\n<\/div>\n<p><a href=\"http:\/\/armoire-a-vin.ch\/wp-content\/uploads\/2024\/10\/9.22.jpeg\"><img decoding=\"async\" loading=\"lazy\" class=\"size-full wp-image-3966 aligncenter\" src=\"http:\/\/armoire-a-vin.ch\/wp-content\/uploads\/2024\/10\/9.22.jpeg\" alt=\"\" width=\"522\" height=\"128\" srcset=\"https:\/\/armoire-a-vin.ch\/wp-content\/uploads\/2024\/10\/9.22.jpeg 522w, https:\/\/armoire-a-vin.ch\/wp-content\/uploads\/2024\/10\/9.22-300x74.jpeg 300w\" sizes=\"(max-width: 522px) 100vw, 522px\" \/><\/a><\/p>\n<p><a href=\"http:\/\/armoire-a-vin.ch\/wp-content\/uploads\/2024\/11\/9.22.jpg\"><img decoding=\"async\" loading=\"lazy\" class=\" wp-image-4162 aligncenter\" src=\"http:\/\/armoire-a-vin.ch\/wp-content\/uploads\/2024\/11\/9.22.jpg\" alt=\"\" width=\"164\" height=\"457\" srcset=\"https:\/\/armoire-a-vin.ch\/wp-content\/uploads\/2024\/11\/9.22.jpg 346w, https:\/\/armoire-a-vin.ch\/wp-content\/uploads\/2024\/11\/9.22-108x300.jpg 108w\" sizes=\"(max-width: 164px) 100vw, 164px\" \/><\/a><\/p>\n<div class=\"wp-block-group\"><span style=\"color: #ffffff;\">.<\/span><\/div>\n<div><span style=\"color: #ffffff;\">.<\/span><\/div>\n<div><span style=\"color: #ffffff;\">.<\/span><\/div>\n<div><span style=\"color: #ffffff;\">.<\/span><span style=\"color: #ffffff;\">.<\/span><\/div>\n<p style=\"text-align: center;\"><strong>\u00a0<\/strong><\/p>\n<p><\/p>","protected":false},"excerpt":{"rendered":"<p>Armoire \u00e0 vin sous plan avec 1 zone de temp\u00e9rature Ce petit mod\u00e8le d\u2019armoire \u00e0 vin, encastrable sous plan, peut accueillir jusqu\u2019\u00e0 9 bouteilles (7 couch\u00e9s, 2 debout) rang\u00e9es sur des clayettes fixes et \u00e9clair\u00e9e par une \u00e9l\u00e9gante lumi\u00e8re. Porte, soign\u00e9e et \u00e9l\u00e9gante, est enti\u00e8rement vitr\u00e9e, teint\u00e9e et trait\u00e9e anti-UV. Dot\u00e9e d\u2019une poign\u00e9e, la porte &hellip; <a href=\"https:\/\/armoire-a-vin.ch\/fr\/dunavox-3\/encastrable-sous-plan\/dauf-9-22\/\" class=\"more-link\">Continuer la lecture<span class=\"screen-reader-text\"> de <span class=\"screen-reader-text\">DAUF-9.22<\/span><\/span>&nbsp;<span class=\"meta-nav\">&rarr;<\/span><\/a><\/p>\n","protected":false},"author":1,"featured_media":0,"parent":1533,"menu_order":2,"comment_status":"closed","ping_status":"closed","template":"","meta":[],"_links":{"self":[{"href":"https:\/\/armoire-a-vin.ch\/fr\/wp-json\/wp\/v2\/pages\/2202"}],"collection":[{"href":"https:\/\/armoire-a-vin.ch\/fr\/wp-json\/wp\/v2\/pages"}],"about":[{"href":"https:\/\/armoire-a-vin.ch\/fr\/wp-json\/wp\/v2\/types\/page"}],"author":[{"embeddable":true,"href":"https:\/\/armoire-a-vin.ch\/fr\/wp-json\/wp\/v2\/users\/1"}],"replies":[{"embeddable":true,"href":"https:\/\/armoire-a-vin.ch\/fr\/wp-json\/wp\/v2\/comments?post=2202"}],"version-history":[{"count":26,"href":"https:\/\/armoire-a-vin.ch\/fr\/wp-json\/wp\/v2\/pages\/2202\/revisions"}],"predecessor-version":[{"id":4167,"href":"https:\/\/armoire-a-vin.ch\/fr\/wp-json\/wp\/v2\/pages\/2202\/revisions\/4167"}],"up":[{"embeddable":true,"href":"https:\/\/armoire-a-vin.ch\/fr\/wp-json\/wp\/v2\/pages\/1533"}],"wp:attachment":[{"href":"https:\/\/armoire-a-vin.ch\/fr\/wp-json\/wp\/v2\/media?parent=2202"}],"curies":[{"name":"wp","href":"https:\/\/api.w.org\/{rel}","templated":true}]}}