{"id":1965,"date":"2019-02-12T13:19:36","date_gmt":"2019-02-12T12:19:36","guid":{"rendered":"http:\/\/armoire-a-vin.ch\/?page_id=1965"},"modified":"2021-03-17T15:22:44","modified_gmt":"2021-03-17T14:22:44","slug":"accessoires","status":"publish","type":"page","link":"https:\/\/armoire-a-vin.ch\/fr\/accessoires\/","title":{"rendered":"Accessoires"},"content":{"rendered":"<p><\/p>\n<h2 style=\"text-align: center;\"><a href=\"https:\/\/wineaccessories.ch\/fr\/\"><strong><span style=\"color: #800000;\">www.wineaccessories.ch<\/span><\/strong><\/a><\/h2>\n<p>&nbsp;<\/p>\n<p>&nbsp;<\/p>\n<p><strong>HygroPlus Box :<br \/>\n<\/strong>Ma\u00eetriser l&rsquo;hygrom\u00e9trie de votre armoire \u00e0 vins.<strong><strong><br \/>\n<\/strong><br \/>\n<\/strong><\/p>\n<p><a href=\"https:\/\/armoire-a-vin.ch\/wp-content\/uploads\/2019\/02\/HygroPlus-4-A.jpg\"><img decoding=\"async\" loading=\"lazy\" class=\"wp-image-2897 aligncenter\" src=\"https:\/\/armoire-a-vin.ch\/wp-content\/uploads\/2019\/02\/HygroPlus-4-A-e1611837939463.jpg\" alt=\"HygroPlus 4 A\" width=\"369\" height=\"277\" srcset=\"https:\/\/armoire-a-vin.ch\/wp-content\/uploads\/2019\/02\/HygroPlus-4-A-e1611837939463.jpg 4032w, https:\/\/armoire-a-vin.ch\/wp-content\/uploads\/2019\/02\/HygroPlus-4-A-e1611837939463-300x225.jpg 300w, https:\/\/armoire-a-vin.ch\/wp-content\/uploads\/2019\/02\/HygroPlus-4-A-e1611837939463-768x576.jpg 768w, https:\/\/armoire-a-vin.ch\/wp-content\/uploads\/2019\/02\/HygroPlus-4-A-e1611837939463-1024x768.jpg 1024w\" sizes=\"(max-width: 369px) 100vw, 369px\" \/><\/a><\/p>\n<p style=\"text-align: justify;\">L&rsquo;<strong>HygroPlus Box<\/strong> a \u00e9t\u00e9 d\u00e9velopp\u00e9 pour vous permettre de maintenir un taux d&rsquo;hygrom\u00e9trie optimum en fonction de votre besoin. Particuli\u00e8rement recommand\u00e9 pour le stockage \u00e0 long terme des bouteilles.<\/p>\n<p style=\"text-align: justify;\">Le syst\u00e8me est compact et simple d&rsquo;utilisation. Il suffit de mouiller les pierres de lave pour augmenter le taux d&rsquo;humidit\u00e9 relative de l&rsquo;armoire \u00e0 vins. Il est compos\u00e9 d&rsquo;une bo\u00eete en bois massif, d&rsquo;un bac amovible en mati\u00e8re synth\u00e9tique et de pierres de lave naturelles.<\/p>\n<p style=\"text-align: justify;\"><a href=\"http:\/\/armoire-a-vin.ch\/wp-content\/uploads\/2019\/02\/HygroPlus-2.jpg\"><img decoding=\"async\" loading=\"lazy\" class=\"wp-image-1976 aligncenter\" src=\"http:\/\/armoire-a-vin.ch\/wp-content\/uploads\/2019\/02\/HygroPlus-2.jpg\" alt=\"HygroPlus 2\" width=\"301\" height=\"206\" srcset=\"https:\/\/armoire-a-vin.ch\/wp-content\/uploads\/2019\/02\/HygroPlus-2.jpg 3277w, https:\/\/armoire-a-vin.ch\/wp-content\/uploads\/2019\/02\/HygroPlus-2-300x206.jpg 300w, https:\/\/armoire-a-vin.ch\/wp-content\/uploads\/2019\/02\/HygroPlus-2-768x526.jpg 768w, https:\/\/armoire-a-vin.ch\/wp-content\/uploads\/2019\/02\/HygroPlus-2-1024x702.jpg 1024w\" sizes=\"(max-width: 301px) 100vw, 301px\" \/><\/a><\/p>\n<p style=\"text-align: justify;\">L\u2019HygroPlus Box se place directement sur une clayette de votre armoire \u00e0 vins et est compatible avec tous les mod\u00e8les.<\/p>\n<p style=\"text-align: justify;\"><a href=\"http:\/\/armoire-a-vin.ch\/wp-content\/uploads\/2019\/02\/HygroPlus-1.jpg\"><img decoding=\"async\" loading=\"lazy\" class=\"wp-image-1974 aligncenter\" src=\"http:\/\/armoire-a-vin.ch\/wp-content\/uploads\/2019\/02\/HygroPlus-1.jpg\" alt=\"HygroPlus 1\" width=\"427\" height=\"317\" srcset=\"https:\/\/armoire-a-vin.ch\/wp-content\/uploads\/2019\/02\/HygroPlus-1.jpg 2992w, https:\/\/armoire-a-vin.ch\/wp-content\/uploads\/2019\/02\/HygroPlus-1-300x222.jpg 300w, https:\/\/armoire-a-vin.ch\/wp-content\/uploads\/2019\/02\/HygroPlus-1-768x569.jpg 768w, https:\/\/armoire-a-vin.ch\/wp-content\/uploads\/2019\/02\/HygroPlus-1-1024x759.jpg 1024w\" sizes=\"(max-width: 427px) 100vw, 427px\" \/><\/a><\/p>\n<p style=\"text-align: justify;\">Il est recommand\u00e9 de remplacer les pierres de lave tous les 3 ans pour garantir une efficacit\u00e9 optimale.<\/p>\n<p>L&rsquo;HygroPlus Box existe en deux tailles : HPB25, HPB30.<\/p>\n<p>Dimensions :<br \/>\nMod\u00e8le HPB25 : L. 25.0 x P. 10.0 x H. 7.0 cm<br \/>\nMod\u00e8le HPB30 : L. 32.5 x P. 10.0 x H. 7.0 cm<\/p>\n<p><strong>CLAYETTES LIEBHERR<\/strong><\/p>\n<p style=\"text-align: justify;\">Les clayettes en bois naturel sont parfaitement adapt\u00e9es \u00e0 la conservation des bouteilles de Bordeaux. En pla\u00e7ant les bouteilles t\u00eate-b\u00eache sur les clayettes r\u00e9glables en hauteur, il est possible d\u2019utiliser tout l\u2019espace int\u00e9rieur des appareils<\/p>\n<p style=\"text-align: justify;\"><strong>Clayette en m\u00e9tal<\/strong><\/p>\n<p><a href=\"https:\/\/armoire-a-vin.ch\/wp-content\/uploads\/2019\/02\/Clayette-acier.jpg\"><img decoding=\"async\" loading=\"lazy\" class=\"size-full wp-image-3122 aligncenter\" src=\"https:\/\/armoire-a-vin.ch\/wp-content\/uploads\/2019\/02\/Clayette-acier.jpg\" alt=\"Clayette acier\" width=\"293\" height=\"178\" \/><\/a><\/p>\n<p><strong>Clayette en bois<\/strong><\/p>\n<p><a href=\"https:\/\/armoire-a-vin.ch\/wp-content\/uploads\/2019\/02\/Clayette-bois.jpg\"><img decoding=\"async\" loading=\"lazy\" class=\"wp-image-3123 aligncenter\" src=\"https:\/\/armoire-a-vin.ch\/wp-content\/uploads\/2019\/02\/Clayette-bois.jpg\" alt=\"Clayette bois\" width=\"322\" height=\"214\" srcset=\"https:\/\/armoire-a-vin.ch\/wp-content\/uploads\/2019\/02\/Clayette-bois.jpg 387w, https:\/\/armoire-a-vin.ch\/wp-content\/uploads\/2019\/02\/Clayette-bois-300x199.jpg 300w\" sizes=\"(max-width: 322px) 100vw, 322px\" \/><\/a><\/p>\n<p><strong>CLAYETTES TASTVIN <\/strong><\/p>\n<p style=\"text-align: justify;\">Les clayettes pour les armoires \u00e0 vins <strong>TASTVIN<\/strong> sont en bois et absorbent les vibrations \u00e9ventuelles de l\u2019environnement. Elles sont\u00a0coulissantes sur galets pour rangement individuel ou verrouill\u00e9e en position fixe pour empilage. Emplacements des bouteilles d\u00e9coup\u00e9s dans la masse (bouteilles bien cal\u00e9es). Fa\u00e7ade profil bois avec\u00a0porte \u00e9tiquettes int\u00e9gr\u00e9.<\/p>\n<p><strong>Clayette STANDARD <\/strong><br \/>\nUtilisation rangement individuel ou stockage, bouteilles formats Bordeaux, Bourgogne.<\/p>\n<p><a href=\"http:\/\/armoire-a-vin.ch\/wp-content\/uploads\/2019\/02\/Standard-Shelf.jpg\"><img decoding=\"async\" loading=\"lazy\" class=\"aligncenter wp-image-1971\" src=\"http:\/\/armoire-a-vin.ch\/wp-content\/uploads\/2019\/02\/Standard-Shelf.jpg\" alt=\"Standard Shelf\" width=\"470\" height=\"235\" srcset=\"https:\/\/armoire-a-vin.ch\/wp-content\/uploads\/2019\/02\/Standard-Shelf.jpg 591w, https:\/\/armoire-a-vin.ch\/wp-content\/uploads\/2019\/02\/Standard-Shelf-300x150.jpg 300w\" sizes=\"(max-width: 470px) 100vw, 470px\" \/><\/a><\/p>\n<p><strong>Clayette CHAMPAGNE<\/strong><br \/>\nUtilisation rangement individuel ou stockage, bouteilles formats Champagne.<\/p>\n<p><a href=\"http:\/\/armoire-a-vin.ch\/wp-content\/uploads\/2019\/02\/Champagne-shelf.jpg\"><img decoding=\"async\" loading=\"lazy\" class=\"aligncenter wp-image-1968\" src=\"http:\/\/armoire-a-vin.ch\/wp-content\/uploads\/2019\/02\/Champagne-shelf.jpg\" alt=\"Champagne shelf\" width=\"470\" height=\"235\" srcset=\"https:\/\/armoire-a-vin.ch\/wp-content\/uploads\/2019\/02\/Champagne-shelf.jpg 591w, https:\/\/armoire-a-vin.ch\/wp-content\/uploads\/2019\/02\/Champagne-shelf-300x150.jpg 300w\" sizes=\"(max-width: 470px) 100vw, 470px\" \/><\/a><\/p>\n<p><strong>Clayette MAGNUM<\/strong><br \/>\nUtilisation rangement individuel ou stockage, bouteilles formats Magnum.<\/p>\n<p><a href=\"http:\/\/armoire-a-vin.ch\/wp-content\/uploads\/2019\/02\/Magnum-Shelf.jpg\"><img decoding=\"async\" loading=\"lazy\" class=\"wp-image-1970 aligncenter\" src=\"http:\/\/armoire-a-vin.ch\/wp-content\/uploads\/2019\/02\/Magnum-Shelf.jpg\" alt=\"Magnum Shelf\" width=\"470\" height=\"235\" srcset=\"https:\/\/armoire-a-vin.ch\/wp-content\/uploads\/2019\/02\/Magnum-Shelf.jpg 591w, https:\/\/armoire-a-vin.ch\/wp-content\/uploads\/2019\/02\/Magnum-Shelf-300x150.jpg 300w\" sizes=\"(max-width: 470px) 100vw, 470px\" \/><\/a><\/p>\n<p><strong>Clayette PRESENTATION<\/strong><br \/>\nUtilisation rangement individuel ou stockage.<\/p>\n<p><a href=\"http:\/\/armoire-a-vin.ch\/wp-content\/uploads\/2019\/02\/Display-Shelf.jpg\"><img decoding=\"async\" loading=\"lazy\" class=\"alignnone wp-image-1969\" src=\"http:\/\/armoire-a-vin.ch\/wp-content\/uploads\/2019\/02\/Display-Shelf.jpg\" alt=\"Display Shelf\" width=\"470\" height=\"235\" srcset=\"https:\/\/armoire-a-vin.ch\/wp-content\/uploads\/2019\/02\/Display-Shelf.jpg 591w, https:\/\/armoire-a-vin.ch\/wp-content\/uploads\/2019\/02\/Display-Shelf-300x150.jpg 300w\" sizes=\"(max-width: 470px) 100vw, 470px\" \/><\/a><\/p>\n<p>&nbsp;<\/p>\n<p>&nbsp;<\/p>\n<p>&nbsp;<\/p>","protected":false},"excerpt":{"rendered":"<p>www.wineaccessories.ch &nbsp; &nbsp; HygroPlus Box : Ma\u00eetriser l&rsquo;hygrom\u00e9trie de votre armoire \u00e0 vins. L&rsquo;HygroPlus Box a \u00e9t\u00e9 d\u00e9velopp\u00e9 pour vous permettre de maintenir un taux d&rsquo;hygrom\u00e9trie optimum en fonction de votre besoin. Particuli\u00e8rement recommand\u00e9 pour le stockage \u00e0 long terme des bouteilles. Le syst\u00e8me est compact et simple d&rsquo;utilisation. Il suffit de mouiller les pierres &hellip; <a href=\"https:\/\/armoire-a-vin.ch\/fr\/accessoires\/\" class=\"more-link\">Continuer la lecture<span class=\"screen-reader-text\"> de <span class=\"screen-reader-text\">Accessoires<\/span><\/span>&nbsp;<span class=\"meta-nav\">&rarr;<\/span><\/a><\/p>\n","protected":false},"author":1,"featured_media":0,"parent":0,"menu_order":4,"comment_status":"closed","ping_status":"closed","template":"","meta":[],"_links":{"self":[{"href":"https:\/\/armoire-a-vin.ch\/fr\/wp-json\/wp\/v2\/pages\/1965"}],"collection":[{"href":"https:\/\/armoire-a-vin.ch\/fr\/wp-json\/wp\/v2\/pages"}],"about":[{"href":"https:\/\/armoire-a-vin.ch\/fr\/wp-json\/wp\/v2\/types\/page"}],"author":[{"embeddable":true,"href":"https:\/\/armoire-a-vin.ch\/fr\/wp-json\/wp\/v2\/users\/1"}],"replies":[{"embeddable":true,"href":"https:\/\/armoire-a-vin.ch\/fr\/wp-json\/wp\/v2\/comments?post=1965"}],"version-history":[{"count":26,"href":"https:\/\/armoire-a-vin.ch\/fr\/wp-json\/wp\/v2\/pages\/1965\/revisions"}],"predecessor-version":[{"id":3136,"href":"https:\/\/armoire-a-vin.ch\/fr\/wp-json\/wp\/v2\/pages\/1965\/revisions\/3136"}],"wp:attachment":[{"href":"https:\/\/armoire-a-vin.ch\/fr\/wp-json\/wp\/v2\/media?parent=1965"}],"curies":[{"name":"wp","href":"https:\/\/api.w.org\/{rel}","templated":true}]}}