{"id":1651,"date":"2018-07-19T16:54:37","date_gmt":"2018-07-19T14:54:37","guid":{"rendered":"http:\/\/armoire-a-vin.ch\/?page_id=1651"},"modified":"2025-04-04T14:42:17","modified_gmt":"2025-04-04T12:42:17","slug":"dxfh-28-88","status":"publish","type":"page","link":"https:\/\/armoire-a-vin.ch\/fr\/dunavox-3\/pose-libre-2\/dxfh-28-88\/","title":{"rendered":"DXFH-28.88"},"content":{"rendered":"<p><\/p>\n<h6 style=\"text-align: center;\"><strong>Armoire \u00e0 vin pose libre avec 1 zone de temp\u00e9rature<\/strong><\/h6>\n<p><a href=\"http:\/\/armoire-a-vin.ch\/wp-content\/uploads\/2025\/04\/Home-28.jpg\"><img decoding=\"async\" loading=\"lazy\" class=\"size-full wp-image-4388 aligncenter\" src=\"http:\/\/armoire-a-vin.ch\/wp-content\/uploads\/2025\/04\/Home-28.jpg\" alt=\"\" width=\"1000\" height=\"1000\" srcset=\"https:\/\/armoire-a-vin.ch\/wp-content\/uploads\/2025\/04\/Home-28.jpg 1000w, https:\/\/armoire-a-vin.ch\/wp-content\/uploads\/2025\/04\/Home-28-300x300.jpg 300w, https:\/\/armoire-a-vin.ch\/wp-content\/uploads\/2025\/04\/Home-28-150x150.jpg 150w, https:\/\/armoire-a-vin.ch\/wp-content\/uploads\/2025\/04\/Home-28-768x768.jpg 768w\" sizes=\"(max-width: 1000px) 100vw, 1000px\" \/><\/a><\/p>\n<p style=\"text-align: justify;\">Armoire \u00e0 vin pose libre, coloris noir, avec une zone de temp\u00e9rature. Capacit\u00e9 de stockage 28 bouteilles 0.75 l, porte en verre avec cadre en acier inoxydable.<\/p>\n<p>L\u2019armoire \u00e0 vin est \u00e9quip\u00e9e de clayettes en bois et une lumi\u00e8re LED.<\/p>\n<p><span lang=\"en\"><strong>Caract\u00e9ristiques techniques :<\/strong><br \/>\nDimensions : H. 84.5 x L. 43 x P. 48 cm<br \/>\n<\/span><span lang=\"en\">Capacit\u00e9 : 28 bouteilles<br \/>\nZone de temp\u00e9rature : 1 (+5 \u00b0C \/ +20\u00b0C)<br \/>\nEcran tactile : LED<br \/>\nEclairage int\u00e9rieure : LED (bleu)<br \/>\n<\/span><\/p>\n<p><a href=\"http:\/\/armoire-a-vin.ch\/wp-content\/uploads\/2024\/10\/Ecran-LED-1.jpg\"><img decoding=\"async\" loading=\"lazy\" class=\"size-full wp-image-3868 aligncenter\" src=\"http:\/\/armoire-a-vin.ch\/wp-content\/uploads\/2024\/10\/Ecran-LED-1.jpg\" alt=\"\" width=\"998\" height=\"120\" srcset=\"https:\/\/armoire-a-vin.ch\/wp-content\/uploads\/2024\/10\/Ecran-LED-1.jpg 998w, https:\/\/armoire-a-vin.ch\/wp-content\/uploads\/2024\/10\/Ecran-LED-1-300x36.jpg 300w, https:\/\/armoire-a-vin.ch\/wp-content\/uploads\/2024\/10\/Ecran-LED-1-768x92.jpg 768w\" sizes=\"(max-width: 998px) 100vw, 998px\" \/><\/a><\/p>\n<p><a href=\"http:\/\/armoire-a-vin.ch\/wp-content\/uploads\/2024\/11\/28.88.jpeg\"><img decoding=\"async\" loading=\"lazy\" class=\"size-full wp-image-4064 aligncenter\" src=\"http:\/\/armoire-a-vin.ch\/wp-content\/uploads\/2024\/11\/28.88.jpeg\" alt=\"\" width=\"506\" height=\"116\" srcset=\"https:\/\/armoire-a-vin.ch\/wp-content\/uploads\/2024\/11\/28.88.jpeg 506w, https:\/\/armoire-a-vin.ch\/wp-content\/uploads\/2024\/11\/28.88-300x69.jpeg 300w\" sizes=\"(max-width: 506px) 100vw, 506px\" \/><\/a><\/p>\n<p>&nbsp;<\/p>\n<h4 class=\"title-inner1\" style=\"text-align: center;\"><\/h4>\n<p><\/p>","protected":false},"excerpt":{"rendered":"<p>Armoire \u00e0 vin pose libre avec 1 zone de temp\u00e9rature Armoire \u00e0 vin pose libre, coloris noir, avec une zone de temp\u00e9rature. Capacit\u00e9 de stockage 28 bouteilles 0.75 l, porte en verre avec cadre en acier inoxydable. L\u2019armoire \u00e0 vin est \u00e9quip\u00e9e de clayettes en bois et une lumi\u00e8re LED. Caract\u00e9ristiques techniques : Dimensions : &hellip; <a href=\"https:\/\/armoire-a-vin.ch\/fr\/dunavox-3\/pose-libre-2\/dxfh-28-88\/\" class=\"more-link\">Continuer la lecture<span class=\"screen-reader-text\"> de <span class=\"screen-reader-text\">DXFH-28.88<\/span><\/span>&nbsp;<span class=\"meta-nav\">&rarr;<\/span><\/a><\/p>\n","protected":false},"author":1,"featured_media":0,"parent":1668,"menu_order":3,"comment_status":"closed","ping_status":"closed","template":"","meta":[],"_links":{"self":[{"href":"https:\/\/armoire-a-vin.ch\/fr\/wp-json\/wp\/v2\/pages\/1651"}],"collection":[{"href":"https:\/\/armoire-a-vin.ch\/fr\/wp-json\/wp\/v2\/pages"}],"about":[{"href":"https:\/\/armoire-a-vin.ch\/fr\/wp-json\/wp\/v2\/types\/page"}],"author":[{"embeddable":true,"href":"https:\/\/armoire-a-vin.ch\/fr\/wp-json\/wp\/v2\/users\/1"}],"replies":[{"embeddable":true,"href":"https:\/\/armoire-a-vin.ch\/fr\/wp-json\/wp\/v2\/comments?post=1651"}],"version-history":[{"count":16,"href":"https:\/\/armoire-a-vin.ch\/fr\/wp-json\/wp\/v2\/pages\/1651\/revisions"}],"predecessor-version":[{"id":4389,"href":"https:\/\/armoire-a-vin.ch\/fr\/wp-json\/wp\/v2\/pages\/1651\/revisions\/4389"}],"up":[{"embeddable":true,"href":"https:\/\/armoire-a-vin.ch\/fr\/wp-json\/wp\/v2\/pages\/1668"}],"wp:attachment":[{"href":"https:\/\/armoire-a-vin.ch\/fr\/wp-json\/wp\/v2\/media?parent=1651"}],"curies":[{"name":"wp","href":"https:\/\/api.w.org\/{rel}","templated":true}]}}