{"id":104,"date":"2016-01-29T17:56:56","date_gmt":"2016-01-29T16:56:56","guid":{"rendered":"http:\/\/armoire-a-vin.com\/?page_id=104"},"modified":"2020-10-23T16:35:31","modified_gmt":"2020-10-23T14:35:31","slug":"tastvin-espace-2","status":"publish","type":"page","link":"https:\/\/armoire-a-vin.ch\/fr\/tastvin-espace-2\/","title":{"rendered":"Tastvin Espace"},"content":{"rendered":"<p><\/p>\n<p style=\"text-align: justify;\"><strong><a href=\"https:\/\/armoire-a-vin.ch\/wp-content\/uploads\/2016\/01\/Tastvin.png\"><img decoding=\"async\" loading=\"lazy\" class=\"alignnone wp-image-2504\" src=\"https:\/\/armoire-a-vin.ch\/wp-content\/uploads\/2016\/01\/Tastvin.png\" alt=\"Tastvin\" width=\"698\" height=\"276\" srcset=\"https:\/\/armoire-a-vin.ch\/wp-content\/uploads\/2016\/01\/Tastvin.png 1156w, https:\/\/armoire-a-vin.ch\/wp-content\/uploads\/2016\/01\/Tastvin-300x119.png 300w, https:\/\/armoire-a-vin.ch\/wp-content\/uploads\/2016\/01\/Tastvin-768x304.png 768w, https:\/\/armoire-a-vin.ch\/wp-content\/uploads\/2016\/01\/Tastvin-1024x406.png 1024w\" sizes=\"(max-width: 698px) 100vw, 698px\" \/><\/a><\/strong><\/p>\n<p style=\"text-align: justify;\">L&rsquo;armoire \u00e0 vin de <strong>vieillissement<\/strong> <strong>Espace TASTVIN <\/strong>offre une capacit\u00e9 de stockage consid\u00e9rable par rapport \u00e0 son faible encombrement gr\u00e2ce \u00e0 son syst\u00e8me de rangement exclusifs.<\/p>\n<p style=\"text-align: justify;\"><strong>L&rsquo;ESPACE 900 <\/strong>peut \u00eatre compl\u00e9t\u00e9 par une ou plusieurs <strong>extensions de 500 bouteilles<\/strong> chacune. Les capacit\u00e9s sont donn\u00e9es \u00e0 titre indicatif et varient en fonction du type de bouteille et du nombre de clayette.<\/p>\n<p><strong>Espace 900<\/strong><br \/>\n&#8211; 23 clayettes coulissantes<br \/>\n&#8211; 990 bouteilles (Bordeaux ou Bourgogne 0,75 l)<br \/>\n&#8211; H x L x P en cm : 205 x 187 x 117<\/p>\n<p><strong>Extension<\/strong><br \/>\n&#8211; 12 clayettes coulissantes<br \/>\n&#8211; 500 bouteilles (Bordeaux ou Bourgogne 0,75 l)<br \/>\n&#8211; H x L x P en cm : 205 x 187 x 53<\/p>\n<p>&nbsp;<\/p>\n<p><img decoding=\"async\" loading=\"lazy\" class=\"size-full wp-image-1279 aligncenter\" src=\"http:\/\/armoire-a-vin.com\/wp-content\/uploads\/2016\/01\/Interieur-espace1900.jpg\" alt=\"Interieur espace1900\" width=\"400\" height=\"370\" srcset=\"https:\/\/armoire-a-vin.ch\/wp-content\/uploads\/2016\/01\/Interieur-espace1900.jpg 400w, https:\/\/armoire-a-vin.ch\/wp-content\/uploads\/2016\/01\/Interieur-espace1900-300x278.jpg 300w\" sizes=\"(max-width: 400px) 100vw, 400px\" \/><\/p>\n<p><span style=\"color: #333333;\"><strong>\u00a0\u00a0\u00a0\u00a0\u00a0\u00a0\u00a0\u00a0\u00a0\u00a0\u00a0\u00a0\u00a0\u00a0\u00a0\u00a0\u00a0\u00a0\u00a0 \u00a0 \u00a0 \u00a0 \u00a0 \u00a0 \u00a0 \u00a0 \u00a0 \u00a0 \u00a0 \u00a0 \u00a0 \u00a0 \u00a0\u00a0\u00a0\u00a0\u00a0 Int\u00e9rieur de l&rsquo;Espace avec 2 extensions<\/strong><\/span><\/p>\n<p style=\"text-align: justify;\"><span style=\"color: #333333;\">L&rsquo;armoire \u00e0 vin <strong>Espace<\/strong> est fabriqu\u00e9 avec les mat\u00e9riaux les plus performants (structure en aluminium, int\u00e9rieur et ext\u00e9rieur, et isolation en\u00a0polystyr\u00e8ne extrud\u00e9).<\/span><span style=\"color: #333333;\"> L\u2019Espace a un syst\u00e8me d\u2019assemblage tel, qu\u2019il permet d\u2019\u00eatre mont\u00e9 en\u00a0une \u00bd journ\u00e9e. Le d\u00e9montage s\u2019effectuera de la m\u00eame fa\u00e7on pour un d\u00e9m\u00e9nagement.<\/span> <span style=\"color: #333333;\">Les fonctions temp\u00e9rature, ventilation et humidification, sont assur\u00e9es par le climatiseur.<\/span><\/p>\n<p>Lumi\u00e8re int\u00e9rieure. Coloris noir.<\/p>\n<p><strong>Garantie :<br \/>\n<\/strong>&#8211; 10 ans anti-d\u00e9formation<br \/>\n&#8211; 2 ans sur le reste des composants<\/p>\n<p><strong>Options :<br \/>\n<\/strong>&#8211; Porte double vitrage fum\u00e9 et trait\u00e9 anti-UV avec cadre en noir<br \/>\n&#8211; Porte ouverture droite ou gauche<br \/>\n&#8211; Climatisation \u00e0 droite ou \u00e0 gauche<br \/>\n&#8211; Clayettes : magnum, champagne, pr\u00e9sentation<\/p>\n<p>&nbsp;<\/p>\n<p>&nbsp;<\/p>","protected":false},"excerpt":{"rendered":"<p>L&rsquo;armoire \u00e0 vin de vieillissement Espace TASTVIN offre une capacit\u00e9 de stockage consid\u00e9rable par rapport \u00e0 son faible encombrement gr\u00e2ce \u00e0 son syst\u00e8me de rangement exclusifs. L&rsquo;ESPACE 900 peut \u00eatre compl\u00e9t\u00e9 par une ou plusieurs extensions de 500 bouteilles chacune. Les capacit\u00e9s sont donn\u00e9es \u00e0 titre indicatif et varient en fonction du type de bouteille &hellip; <a href=\"https:\/\/armoire-a-vin.ch\/fr\/tastvin-espace-2\/\" class=\"more-link\">Continuer la lecture<span class=\"screen-reader-text\"> de <span class=\"screen-reader-text\">Tastvin Espace<\/span><\/span>&nbsp;<span class=\"meta-nav\">&rarr;<\/span><\/a><\/p>\n","protected":false},"author":1,"featured_media":0,"parent":0,"menu_order":0,"comment_status":"closed","ping_status":"closed","template":"","meta":[],"_links":{"self":[{"href":"https:\/\/armoire-a-vin.ch\/fr\/wp-json\/wp\/v2\/pages\/104"}],"collection":[{"href":"https:\/\/armoire-a-vin.ch\/fr\/wp-json\/wp\/v2\/pages"}],"about":[{"href":"https:\/\/armoire-a-vin.ch\/fr\/wp-json\/wp\/v2\/types\/page"}],"author":[{"embeddable":true,"href":"https:\/\/armoire-a-vin.ch\/fr\/wp-json\/wp\/v2\/users\/1"}],"replies":[{"embeddable":true,"href":"https:\/\/armoire-a-vin.ch\/fr\/wp-json\/wp\/v2\/comments?post=104"}],"version-history":[{"count":15,"href":"https:\/\/armoire-a-vin.ch\/fr\/wp-json\/wp\/v2\/pages\/104\/revisions"}],"predecessor-version":[{"id":2510,"href":"https:\/\/armoire-a-vin.ch\/fr\/wp-json\/wp\/v2\/pages\/104\/revisions\/2510"}],"wp:attachment":[{"href":"https:\/\/armoire-a-vin.ch\/fr\/wp-json\/wp\/v2\/media?parent=104"}],"curies":[{"name":"wp","href":"https:\/\/api.w.org\/{rel}","templated":true}]}}