{"id":85,"date":"2016-01-29T17:47:49","date_gmt":"2016-01-29T16:47:49","guid":{"rendered":"http:\/\/armoire-a-vin.com\/?page_id=85"},"modified":"2025-07-02T15:35:01","modified_gmt":"2025-07-02T13:35:01","slug":"contact-4","status":"publish","type":"page","link":"http:\/\/armoire-a-vin.ch\/fr\/contact-4\/","title":{"rendered":"Point de Vente"},"content":{"rendered":"<p><\/p>\n<div>\n<p><img decoding=\"async\" loading=\"lazy\" class=\"alignnone wp-image-776\" src=\"http:\/\/cave-a-vin.ch\/wp-content\/uploads\/2015\/04\/Logo-4.gif\" alt=\"Logo 4\" width=\"157\" height=\"83\" \/><\/p>\n<p><strong>Chemin J.-Philibert-De-Sauvage 37<br \/>\nCH \u2013 1219 Ch\u00e2telaine<br \/>\n<\/strong><strong>T\u00e9l. +41 (0)22 320 79 20<br \/>\n<\/strong><strong>Email info@vino-concept.ch<\/strong><\/p>\n<p>Commande par Email \u2013 T\u00e9l\u00e9phone<br \/>\nConditions : Prix TTC d\u00e9part d\u00e9p\u00f4t \u2013 <strong>Frais de livraison et installation en sus<\/strong><\/p>\n<p style=\"text-align: left;\"><strong style=\"text-align: justify;\">Service apr\u00e8s-vente<\/strong><\/p>\n<\/div>\n<div style=\"text-align: justify;\">Nous assurons la maintenance et le d\u00e9pannage sur toutes les caves \u00e0 vins de marque :<\/div>\n<div style=\"text-align: justify;\">WINEMASTER, LIEBHERR, TASTVIN, DUNAVOX, HAIER, TRANSTHERM.<br \/>\n<em><br \/>\n<\/em>N&rsquo;oubliez pas de changer les filtres \u00e0 charbon actif et des pierres \u00e0 laves des armoires Liebherr. Vous pouvez les commander sur notre online shop : <span style=\"color: #800000;\"><a style=\"color: #800000;\" href=\"http:\/\/www.wineaccessories.ch\/index.php?cPath=110_113&amp;language=fr\"><em><strong>www.wineaccessories.ch<\/strong><\/em><\/a><\/span><em><em>.<\/em><\/em><em><br \/>\n<\/em><\/div>\n<div><span style=\"color: #ffffff;\">&#8230;.<\/span><\/div>\n<div style=\"text-align: justify;\"><\/div>\n<div>\n<div>\n<p class=\"widget-title\" style=\"text-align: justify;\"><strong style=\"font-family: Bitter, Georgia, serif; font-size: 22px;\">Liens<\/strong><\/p>\n<div>\n<h4 class=\"widget-title\"><span style=\"color: #800000;\"><a style=\"color: #800000;\" href=\"https:\/\/cave-a-vin.ch\/fr\/\"><strong>www.cave-a-vin.ch<\/strong><\/a><\/span><\/h4>\n<p class=\"widget-title\" style=\"text-align: justify;\">Depuis 1990, Vino Concept accompagne particuliers et professionnels dans la conception, la construction et l\u2019am\u00e9nagement complet de caves \u00e0 vin et d\u2019armoires sur mesure.<\/p>\n<h4 style=\"text-align: justify;\"><span style=\"color: #800000;\"><a style=\"color: #800000;\" href=\"https:\/\/winemaster-suisse.ch\/\"><strong>www.winemaster-suisse.ch<\/strong><\/a><\/span><\/h4>\n<p style=\"text-align: justify;\">La gamme\u00a0<strong>WineMaster<\/strong>\u00a0propose des solutions adapt\u00e9es \u00e0 toutes les configurations de caves : climatiseurs encastr\u00e9s, int\u00e9gr\u00e9s, splits ou bloc-portes. Sobres, \u00e9l\u00e9gants et silencieux, ils s\u2019int\u00e8grent harmonieusement dans votre projet, tout en pr\u00e9servant l\u2019environnement de votre cave \u00e0 vin.<\/p>\n<h4 class=\"widget-title\" style=\"text-align: justify;\"><span style=\"color: #800000;\"><a style=\"color: #800000;\" href=\"https:\/\/www.cellarview.ch\/fr\/\"><strong>www.cellarview.ch<\/strong><\/a><\/span><\/h4>\n<p class=\"widget-title\" style=\"text-align: justify;\">Un design innovant et contemporain permettant une magnifique pr\u00e9sentation et une mise en valeur exclusive de vos bouteilles.<\/p>\n<h4 style=\"text-align: justify;\"><a href=\"https:\/\/ch-fr.dunavox.com\/page\/home\"><span style=\"color: #800000;\"><strong>ch-fr.dunavox.com<\/strong><\/span><\/a><\/h4>\n<article class=\"text-token-text-primary w-full\" dir=\"auto\" data-testid=\"conversation-turn-4\" data-scroll-anchor=\"true\">\n<div class=\"text-base my-auto mx-auto py-5 px-6\">\n<div class=\"mx-auto flex flex-1 text-base gap-4 md:gap-5 lg:gap-6 md:max-w-3xl lg:max-w-[40rem] xl:max-w-[48rem] group\/turn-messages focus-visible:outline-hidden\" tabindex=\"-1\">\n<div class=\"group\/conversation-turn relative flex w-full min-w-0 flex-col agent-turn @xs\/thread:px-0 @sm\/thread:px-1.5 @md\/thread:px-4\">\n<div class=\"relative flex-col gap-1 md:gap-3\">\n<div class=\"flex max-w-full flex-col grow\">\n<div class=\"min-h-8 text-message relative flex w-full flex-col items-end gap-2 text-start break-words whitespace-normal [.text-message+&amp;]:mt-5\" dir=\"auto\" data-message-author-role=\"assistant\" data-message-id=\"cfb5b6a2-61f3-4c34-8f0e-0c302ecd161f\" data-message-model-slug=\"gpt-4o\">\n<div class=\"flex w-full flex-col gap-1 empty:hidden first:pt-[3px]\">\n<div class=\"markdown prose dark:prose-invert w-full break-words light\">\n<p class=\"\" data-start=\"0\" data-end=\"50\">Une s\u00e9lection des meilleurs caves \u00e0 vin du march\u00e9.<\/p>\n<\/div>\n<\/div>\n<\/div>\n<\/div>\n<div class=\"flex justify-start\">\n<div class=\"touch:-me-2 touch:-ms-3.5 -ms-2.5 -me-1 flex items-center p-1 select-none -mt-1 duration-[1.5s] focus-within:transition-none hover:transition-none pointer-events-none [mask-image:linear-gradient(to_right,black_33%,transparent_66%)] [mask-position:100%_0%] [mask-size:300%_100%] motion-safe:transition-[mask-position] group-hover\/turn-messages:pointer-events-auto group-hover\/turn-messages:[mask-position:0_0] group-focus-within\/turn-messages:pointer-events-auto group-focus-within\/turn-messages:[mask-position:0_0] has-data-[state=open]:pointer-events-auto has-data-[state=open]:[mask-position:0_0]\"><strong style=\"color: #800000; font-family: Bitter, Georgia, serif; font-size: 20px;\"><a style=\"color: #800000;\" href=\"https:\/\/wineaccessories.ch\/fr\/\">www.wineaccessories.ch<\/a><\/strong><\/div>\n<\/div>\n<\/div>\n<\/div>\n<\/div>\n<\/div>\n<\/article>\n<p class=\"widget-title\" style=\"text-align: justify;\">La boutique des passionn\u00e9s du vin !\u00a0Un vaste choix d\u2019accessoires et d\u2019articles de cave, carafes, verres de d\u00e9gustation, jeux de soci\u00e9t\u00e9, tire-bouchons, thermom\u00e8tres\u2026.<\/p>\n<\/div>\n<\/div>\n<p>&nbsp;<\/p>\n<\/div>\n<p><\/p>","protected":false},"excerpt":{"rendered":"<p>Chemin J.-Philibert-De-Sauvage 37 CH \u2013 1219 Ch\u00e2telaine T\u00e9l. +41 (0)22 320 79 20 Email info@vino-concept.ch Commande par Email \u2013 T\u00e9l\u00e9phone Conditions : Prix TTC d\u00e9part d\u00e9p\u00f4t \u2013 Frais de livraison et installation en sus Service apr\u00e8s-vente Nous assurons la maintenance et le d\u00e9pannage sur toutes les caves \u00e0 vins de marque : WINEMASTER, LIEBHERR, TASTVIN, &hellip; <a href=\"http:\/\/armoire-a-vin.ch\/fr\/contact-4\/\" class=\"more-link\">Continuer la lecture<span class=\"screen-reader-text\"> de <span class=\"screen-reader-text\">Point de Vente<\/span><\/span>&nbsp;<span class=\"meta-nav\">&rarr;<\/span><\/a><\/p>\n","protected":false},"author":1,"featured_media":0,"parent":0,"menu_order":0,"comment_status":"closed","ping_status":"closed","template":"","meta":[],"_links":{"self":[{"href":"http:\/\/armoire-a-vin.ch\/fr\/wp-json\/wp\/v2\/pages\/85"}],"collection":[{"href":"http:\/\/armoire-a-vin.ch\/fr\/wp-json\/wp\/v2\/pages"}],"about":[{"href":"http:\/\/armoire-a-vin.ch\/fr\/wp-json\/wp\/v2\/types\/page"}],"author":[{"embeddable":true,"href":"http:\/\/armoire-a-vin.ch\/fr\/wp-json\/wp\/v2\/users\/1"}],"replies":[{"embeddable":true,"href":"http:\/\/armoire-a-vin.ch\/fr\/wp-json\/wp\/v2\/comments?post=85"}],"version-history":[{"count":43,"href":"http:\/\/armoire-a-vin.ch\/fr\/wp-json\/wp\/v2\/pages\/85\/revisions"}],"predecessor-version":[{"id":4425,"href":"http:\/\/armoire-a-vin.ch\/fr\/wp-json\/wp\/v2\/pages\/85\/revisions\/4425"}],"wp:attachment":[{"href":"http:\/\/armoire-a-vin.ch\/fr\/wp-json\/wp\/v2\/media?parent=85"}],"curies":[{"name":"wp","href":"https:\/\/api.w.org\/{rel}","templated":true}]}}