{"id":79,"date":"2016-01-29T17:47:58","date_gmt":"2016-01-29T16:47:58","guid":{"rendered":"http:\/\/armoire-a-vin.com\/?page_id=79"},"modified":"2025-07-02T15:25:11","modified_gmt":"2025-07-02T13:25:11","slug":"dunavox-3","status":"publish","type":"page","link":"http:\/\/armoire-a-vin.ch\/fr\/dunavox-3\/","title":{"rendered":"Dunavox"},"content":{"rendered":"<p><img decoding=\"async\" loading=\"lazy\" class=\"wp-image-212 aligncenter\" src=\"http:\/\/armoire-a-vin.com\/wp-content\/uploads\/2016\/01\/dab-36.80db-small.jpg\" alt=\"dab-36.80db small\" width=\"399\" height=\"177\" srcset=\"http:\/\/armoire-a-vin.ch\/wp-content\/uploads\/2016\/01\/dab-36.80db-small.jpg 674w, http:\/\/armoire-a-vin.ch\/wp-content\/uploads\/2016\/01\/dab-36.80db-small-300x133.jpg 300w, http:\/\/armoire-a-vin.ch\/wp-content\/uploads\/2016\/01\/dab-36.80db-small-604x270.jpg 604w\" sizes=\"(max-width: 399px) 100vw, 399px\" \/><\/p>\n<p style=\"text-align: justify;\">Les armoires \u00e0 vin <b>DUNAVOX<\/b> remplissent toutes les conditions d&rsquo;une bonne cave \u00e0 vin pour prot\u00e9ger le vin de la lumi\u00e8re, la chaleur, l&rsquo;humidit\u00e9 et les vibrations.<\/p>\n<p style=\"text-align: justify;\">Un ou deux zones de stockage et de temp\u00e9ratures ind\u00e9pendantes pourvues de commandes digitales, vous permettent de maintenir des conditions de conservation et de d\u00e9gustation id\u00e9ales dans une m\u00eame armoire \u00e0 vin.<\/p>\n<p style=\"text-align: justify;\"><a href=\"http:\/\/armoire-a-vin.ch\/wp-content\/uploads\/2016\/01\/Dunavox-DAU-DAB-2-002.jpg\"><img decoding=\"async\" loading=\"lazy\" class=\"alignnone size-full wp-image-2019\" src=\"http:\/\/armoire-a-vin.ch\/wp-content\/uploads\/2016\/01\/Dunavox-DAU-DAB-2-002.jpg\" alt=\"Dunavox DAU DAB 2-002\" width=\"3049\" height=\"1741\" srcset=\"http:\/\/armoire-a-vin.ch\/wp-content\/uploads\/2016\/01\/Dunavox-DAU-DAB-2-002.jpg 3049w, http:\/\/armoire-a-vin.ch\/wp-content\/uploads\/2016\/01\/Dunavox-DAU-DAB-2-002-300x171.jpg 300w, http:\/\/armoire-a-vin.ch\/wp-content\/uploads\/2016\/01\/Dunavox-DAU-DAB-2-002-768x439.jpg 768w, http:\/\/armoire-a-vin.ch\/wp-content\/uploads\/2016\/01\/Dunavox-DAU-DAB-2-002-1024x585.jpg 1024w\" sizes=\"(max-width: 3049px) 100vw, 3049px\" \/><\/a><\/p>\n<p style=\"text-align: justify;\">Conserver du vin dans de bonnes conditions, surtout \u00e0 la cuisine, peut devenir probl\u00e9matique. Les armoires \u00e0 vin de <b>DUNAVOX<\/b> offre une gamme <strong>exclusive<\/strong> de cave int\u00e9grables ou encastrables.<\/p>\n<p style=\"text-align: justify;\">Gr\u00e2ce aux diff\u00e9rents dimensions, ces armoires \u00e0 vin s\u2019adaptent \u00e0 chaque cuisine. Nos mod\u00e8les int\u00e9grables ou encastrables apporteront la derni\u00e8re technologie dans votre maison.<\/p>\n<p><a href=\"http:\/\/armoire-a-vin.ch\/wp-content\/uploads\/2025\/04\/Noble-44-1.jpg\"><img decoding=\"async\" loading=\"lazy\" class=\"size-full wp-image-4370 aligncenter\" src=\"http:\/\/armoire-a-vin.ch\/wp-content\/uploads\/2025\/04\/Noble-44-1.jpg\" alt=\"\" width=\"1000\" height=\"1000\" srcset=\"http:\/\/armoire-a-vin.ch\/wp-content\/uploads\/2025\/04\/Noble-44-1.jpg 1000w, http:\/\/armoire-a-vin.ch\/wp-content\/uploads\/2025\/04\/Noble-44-1-300x300.jpg 300w, http:\/\/armoire-a-vin.ch\/wp-content\/uploads\/2025\/04\/Noble-44-1-150x150.jpg 150w, http:\/\/armoire-a-vin.ch\/wp-content\/uploads\/2025\/04\/Noble-44-1-768x768.jpg 768w\" sizes=\"(max-width: 1000px) 100vw, 1000px\" \/><\/a><\/p>\n<p>&nbsp;<\/p>\n<p><a href=\"http:\/\/armoire-a-vin.ch\/wp-content\/uploads\/2025\/04\/Joy-3.jpg\"><img decoding=\"async\" loading=\"lazy\" class=\"size-full wp-image-4249 aligncenter\" src=\"http:\/\/armoire-a-vin.ch\/wp-content\/uploads\/2025\/04\/Joy-3.jpg\" alt=\"\" width=\"1000\" height=\"1000\" srcset=\"http:\/\/armoire-a-vin.ch\/wp-content\/uploads\/2025\/04\/Joy-3.jpg 1000w, http:\/\/armoire-a-vin.ch\/wp-content\/uploads\/2025\/04\/Joy-3-300x300.jpg 300w, http:\/\/armoire-a-vin.ch\/wp-content\/uploads\/2025\/04\/Joy-3-150x150.jpg 150w, http:\/\/armoire-a-vin.ch\/wp-content\/uploads\/2025\/04\/Joy-3-768x768.jpg 768w\" sizes=\"(max-width: 1000px) 100vw, 1000px\" \/><\/a><\/p>\n<h6><\/h6>\n<p style=\"text-align: justify;\">\n<p><\/p>","protected":false},"excerpt":{"rendered":"<p>Les armoires \u00e0 vin DUNAVOX remplissent toutes les conditions d&rsquo;une bonne cave \u00e0 vin pour prot\u00e9ger le vin de la lumi\u00e8re, la chaleur, l&rsquo;humidit\u00e9 et les vibrations. Un ou deux zones de stockage et de temp\u00e9ratures ind\u00e9pendantes pourvues de commandes digitales, vous permettent de maintenir des conditions de conservation et de d\u00e9gustation id\u00e9ales dans une &hellip; <a href=\"http:\/\/armoire-a-vin.ch\/fr\/dunavox-3\/\" class=\"more-link\">Continuer la lecture<span class=\"screen-reader-text\"> de <span class=\"screen-reader-text\">Dunavox<\/span><\/span>&nbsp;<span class=\"meta-nav\">&rarr;<\/span><\/a><\/p>\n","protected":false},"author":1,"featured_media":0,"parent":0,"menu_order":0,"comment_status":"closed","ping_status":"closed","template":"","meta":[],"_links":{"self":[{"href":"http:\/\/armoire-a-vin.ch\/fr\/wp-json\/wp\/v2\/pages\/79"}],"collection":[{"href":"http:\/\/armoire-a-vin.ch\/fr\/wp-json\/wp\/v2\/pages"}],"about":[{"href":"http:\/\/armoire-a-vin.ch\/fr\/wp-json\/wp\/v2\/types\/page"}],"author":[{"embeddable":true,"href":"http:\/\/armoire-a-vin.ch\/fr\/wp-json\/wp\/v2\/users\/1"}],"replies":[{"embeddable":true,"href":"http:\/\/armoire-a-vin.ch\/fr\/wp-json\/wp\/v2\/comments?post=79"}],"version-history":[{"count":16,"href":"http:\/\/armoire-a-vin.ch\/fr\/wp-json\/wp\/v2\/pages\/79\/revisions"}],"predecessor-version":[{"id":4418,"href":"http:\/\/armoire-a-vin.ch\/fr\/wp-json\/wp\/v2\/pages\/79\/revisions\/4418"}],"wp:attachment":[{"href":"http:\/\/armoire-a-vin.ch\/fr\/wp-json\/wp\/v2\/media?parent=79"}],"curies":[{"name":"wp","href":"https:\/\/api.w.org\/{rel}","templated":true}]}}