{"id":4428,"date":"2025-08-19T13:53:51","date_gmt":"2025-08-19T11:53:51","guid":{"rendered":"https:\/\/armoire-a-vin.ch\/?page_id=4428"},"modified":"2025-08-19T14:06:05","modified_gmt":"2025-08-19T12:06:05","slug":"winewall-sur-mesure","status":"publish","type":"page","link":"http:\/\/armoire-a-vin.ch\/fr\/winewall-3\/winewall-sur-mesure\/","title":{"rendered":"WineWall Sur Mesure"},"content":{"rendered":"<p><\/p>\n<p style=\"text-align: justify;\"><a href=\"http:\/\/armoire-a-vin.ch\/wp-content\/uploads\/2025\/08\/WineWall-01.jpg\"><img decoding=\"async\" loading=\"lazy\" class=\"size-full wp-image-4429 aligncenter\" src=\"http:\/\/armoire-a-vin.ch\/wp-content\/uploads\/2025\/08\/WineWall-01.jpg\" alt=\"\" width=\"900\" height=\"675\" srcset=\"http:\/\/armoire-a-vin.ch\/wp-content\/uploads\/2025\/08\/WineWall-01.jpg 900w, http:\/\/armoire-a-vin.ch\/wp-content\/uploads\/2025\/08\/WineWall-01-300x225.jpg 300w, http:\/\/armoire-a-vin.ch\/wp-content\/uploads\/2025\/08\/WineWall-01-768x576.jpg 768w\" sizes=\"(max-width: 900px) 100vw, 900px\" \/><\/a><br \/>\nLe <strong>WineWall<\/strong> <strong>sur mesure<\/strong> est une solution de cave \u00e0 vin qui prend en compte votre environnement et s\u2019y int\u00e8gre parfaitement. Cave \u00e0 vin vitr\u00e9e, en fa\u00e7ade ou sur tous ses c\u00f4t\u00e9s, elle offre \u00e0 votre salon, salle de restaurant ou \u00e0 votre h\u00f4tel l\u2019\u00e9l\u00e9gance et l\u2019esth\u00e9tique transparente qui mettra vos bouteilles en valeur. Nous mettons tout en \u0153uvre notre savoir-faire pour cr\u00e9er pour vous une <strong>armoire \u00e0 vin haut de gamme et design<\/strong>. Cet am\u00e9nagement trouvera sa place dans toutes les pi\u00e8ces : gain de place et int\u00e9gration r\u00e9ussie.<\/p>\n<p style=\"text-align: justify;\">Nous imaginerons pour vous la cave \u00e0 vin id\u00e9ale : un ou plusieurs compartiments s\u00e9par\u00e9s par des parois en plexiglas pour jouer sur la transparence, ou en polymiroirs pour un effet d\u00e9co original. La cellule est pr\u00e9vue sur mesure. On peut, par exemple, avoir une cave \u00e0 une cellule pour la conservation longue dur\u00e9e. Ou bien deux cellules accol\u00e9es, l\u2019une pour le service des vins rouges (temp\u00e9rature de 16 \u00e0 18\u00b0) et l\u2019autre pour le service des vins blancs, ros\u00e9 et Champagne (temp\u00e9rature de 8\u00b0).<\/p>\n<p><a href=\"http:\/\/armoire-a-vin.ch\/wp-content\/uploads\/2025\/08\/WineWall-02.jpg\"><img decoding=\"async\" loading=\"lazy\" class=\"alignnone size-full wp-image-4430\" src=\"http:\/\/armoire-a-vin.ch\/wp-content\/uploads\/2025\/08\/WineWall-02.jpg\" alt=\"\" width=\"699\" height=\"800\" srcset=\"http:\/\/armoire-a-vin.ch\/wp-content\/uploads\/2025\/08\/WineWall-02.jpg 699w, http:\/\/armoire-a-vin.ch\/wp-content\/uploads\/2025\/08\/WineWall-02-262x300.jpg 262w\" sizes=\"(max-width: 699px) 100vw, 699px\" \/><\/a><\/p>\n<p style=\"text-align: justify;\">Symbole d\u2019\u00e9l\u00e9gance et de raffinement, la <strong>cave \u00e0 vin moderne<\/strong> combine la technique et l\u2019esth\u00e9tique pour un r\u00e9sultat en harmonie avec son environnement. Mat\u00e9riaux nobles, style \u00e9pur\u00e9 et design, r\u00e9gulation \u00e9lectronique de temp\u00e9rature et du taux d\u2019humidit\u00e9, les caves haut de gamme r\u00e9pondent aux crit\u00e8res de l\u2019exigence et du luxe.<\/p>\n<p style=\"text-align: justify;\">Con\u00e7ue comme telle, la cave \u00e0 vin n\u2019a de limite que celle de l\u2019imagination des amateurs de vin et d\u2019originalit\u00e9. La bouteille de vin est \u00e9rig\u00e9e en objet d\u2019art, sa multiplication en collection et le soin qui lui est apport\u00e9 en science de la conservation. Le vin n\u2019est-il pas une composante de ce patrimoine luxueux que le monde entier admire ? Il reste alors \u00e0 le conserver soigneusement dans des espaces am\u00e9nag\u00e9s sur mesure et r\u00e9pondant \u00e0 des qualit\u00e9s de fabrication irr\u00e9prochables.<\/p>\n<h5 dir=\"ltr\" data-placeholder=\"Traduction\"><span style=\"color: #800000;\"><strong>PRIX SUR DEMANDE : info@vino-concept.ch \/ +41(0)22 320 79 20<\/strong><\/span><\/h5>\n<p>&nbsp;<\/p>\n<p><\/p>","protected":false},"excerpt":{"rendered":"<p>Le WineWall sur mesure est une solution de cave \u00e0 vin qui prend en compte votre environnement et s\u2019y int\u00e8gre parfaitement. Cave \u00e0 vin vitr\u00e9e, en fa\u00e7ade ou sur tous ses c\u00f4t\u00e9s, elle offre \u00e0 votre salon, salle de restaurant ou \u00e0 votre h\u00f4tel l\u2019\u00e9l\u00e9gance et l\u2019esth\u00e9tique transparente qui mettra vos bouteilles en valeur. Nous &hellip; <a href=\"http:\/\/armoire-a-vin.ch\/fr\/winewall-3\/winewall-sur-mesure\/\" class=\"more-link\">Continuer la lecture<span class=\"screen-reader-text\"> de <span class=\"screen-reader-text\">WineWall Sur Mesure<\/span><\/span>&nbsp;<span class=\"meta-nav\">&rarr;<\/span><\/a><\/p>\n","protected":false},"author":1,"featured_media":0,"parent":81,"menu_order":0,"comment_status":"closed","ping_status":"closed","template":"","meta":[],"_links":{"self":[{"href":"http:\/\/armoire-a-vin.ch\/fr\/wp-json\/wp\/v2\/pages\/4428"}],"collection":[{"href":"http:\/\/armoire-a-vin.ch\/fr\/wp-json\/wp\/v2\/pages"}],"about":[{"href":"http:\/\/armoire-a-vin.ch\/fr\/wp-json\/wp\/v2\/types\/page"}],"author":[{"embeddable":true,"href":"http:\/\/armoire-a-vin.ch\/fr\/wp-json\/wp\/v2\/users\/1"}],"replies":[{"embeddable":true,"href":"http:\/\/armoire-a-vin.ch\/fr\/wp-json\/wp\/v2\/comments?post=4428"}],"version-history":[{"count":2,"href":"http:\/\/armoire-a-vin.ch\/fr\/wp-json\/wp\/v2\/pages\/4428\/revisions"}],"predecessor-version":[{"id":4437,"href":"http:\/\/armoire-a-vin.ch\/fr\/wp-json\/wp\/v2\/pages\/4428\/revisions\/4437"}],"up":[{"embeddable":true,"href":"http:\/\/armoire-a-vin.ch\/fr\/wp-json\/wp\/v2\/pages\/81"}],"wp:attachment":[{"href":"http:\/\/armoire-a-vin.ch\/fr\/wp-json\/wp\/v2\/media?parent=4428"}],"curies":[{"name":"wp","href":"https:\/\/api.w.org\/{rel}","templated":true}]}}