{"id":4351,"date":"2025-04-03T15:24:37","date_gmt":"2025-04-03T13:24:37","guid":{"rendered":"https:\/\/armoire-a-vin.ch\/?page_id=4351"},"modified":"2025-04-03T15:48:15","modified_gmt":"2025-04-03T13:48:15","slug":"dx-89-246","status":"publish","type":"page","link":"http:\/\/armoire-a-vin.ch\/fr\/dunavox-3\/integrable-encastrable\/dunavox-joy\/dx-89-246\/","title":{"rendered":"DX-89.246"},"content":{"rendered":"<p><\/p>\n<p style=\"text-align: center;\"><strong>Armoire \u00e0 vin encastrable avec 3 zones de temp\u00e9rature<\/strong><\/p>\n<p><a href=\"http:\/\/armoire-a-vin.ch\/wp-content\/uploads\/2025\/04\/Joy-89.jpg\"><img decoding=\"async\" loading=\"lazy\" class=\"size-full wp-image-4352 aligncenter\" src=\"http:\/\/armoire-a-vin.ch\/wp-content\/uploads\/2025\/04\/Joy-89.jpg\" alt=\"\" width=\"1000\" height=\"1000\" srcset=\"http:\/\/armoire-a-vin.ch\/wp-content\/uploads\/2025\/04\/Joy-89.jpg 1000w, http:\/\/armoire-a-vin.ch\/wp-content\/uploads\/2025\/04\/Joy-89-300x300.jpg 300w, http:\/\/armoire-a-vin.ch\/wp-content\/uploads\/2025\/04\/Joy-89-150x150.jpg 150w, http:\/\/armoire-a-vin.ch\/wp-content\/uploads\/2025\/04\/Joy-89-768x768.jpg 768w\" sizes=\"(max-width: 1000px) 100vw, 1000px\" \/><\/a><\/p>\n<p style=\"text-align: justify;\">D\u00e9stin\u00e9 a \u00eatre encastr\u00e9e dans un meuble de cuisine. Elle poss\u00e8de trois zones de temp\u00e9rature et peut accueillir jusqu\u2019\u00e0 100 bouteilles r\u00e9parties sur des clayettes coulissantes en bois et d\u00e9licatement r\u00e9v\u00e9l\u00e9es par un \u00e9clairage int\u00e9rieur. La porte est enti\u00e8rement vitr\u00e9e, trait\u00e9 anti-UV, soit full glass noir, cadre inox, cadre noir matt. Possibilit\u00e9 de personnaliser le cadre selon la palette couleur RAL.<\/p>\n<p style=\"text-align: justify;\"><strong>Conception int\u00e9gr\u00e9e :<\/strong>\u00a0Con\u00e7u pour s\u2019int\u00e9grer parfaitement dans votre cuisine ou dans n\u2019importe quel espace. Son design \u00e9pur\u00e9 et minimaliste rehausse l\u2019attrait esth\u00e9tique de votre maison.<br \/>\n<strong>Efficacit\u00e9 \u00e9nerg\u00e9tique :\u00a0<\/strong>Avec une technologie respectueuse de l\u2019environnement, cette armoire \u00e0 vin offre des performances \u00e9lev\u00e9es avec une faible consommation d\u2019\u00e9nergie, r\u00e9duisant ainsi votre empreinte carbone sans compromettre la qualit\u00e9.<\/p>\n<div>\n<p><strong>Caract\u00e9ristiques techniques :<br \/>\n<\/strong>Dimensions : H. 178.6 x L. 59.5 x P. 55.9 cm<br \/>\nCapacit\u00e9 : 100 bouteilles<br \/>\nPoign\u00e9e de porte : noire ou inox<br \/>\nZone de temp\u00e9rature\u00a0 : 2 (+5 \u00b0C \/ +18\u00b0C)<br \/>\nEcran tactile : LED<br \/>\nEclairage int\u00e9rieure : Blanc<\/p>\n<\/div>\n<p><a href=\"http:\/\/armoire-a-vin.ch\/wp-content\/uploads\/2024\/10\/Ecran-LED-1.jpg\"><img decoding=\"async\" loading=\"lazy\" class=\"size-full wp-image-3868 aligncenter\" src=\"http:\/\/armoire-a-vin.ch\/wp-content\/uploads\/2024\/10\/Ecran-LED-1.jpg\" alt=\"\" width=\"998\" height=\"120\" srcset=\"http:\/\/armoire-a-vin.ch\/wp-content\/uploads\/2024\/10\/Ecran-LED-1.jpg 998w, http:\/\/armoire-a-vin.ch\/wp-content\/uploads\/2024\/10\/Ecran-LED-1-300x36.jpg 300w, http:\/\/armoire-a-vin.ch\/wp-content\/uploads\/2024\/10\/Ecran-LED-1-768x92.jpg 768w\" sizes=\"(max-width: 998px) 100vw, 998px\" \/><\/a><\/p>\n<p><a href=\"http:\/\/armoire-a-vin.ch\/wp-content\/uploads\/2025\/04\/89.246.jpeg\"><img decoding=\"async\" loading=\"lazy\" class=\"size-full wp-image-4353 aligncenter\" src=\"http:\/\/armoire-a-vin.ch\/wp-content\/uploads\/2025\/04\/89.246.jpeg\" alt=\"\" width=\"450\" height=\"85\" srcset=\"http:\/\/armoire-a-vin.ch\/wp-content\/uploads\/2025\/04\/89.246.jpeg 450w, http:\/\/armoire-a-vin.ch\/wp-content\/uploads\/2025\/04\/89.246-300x57.jpeg 300w\" sizes=\"(max-width: 450px) 100vw, 450px\" \/><\/a><\/p>\n<p><a href=\"http:\/\/armoire-a-vin.ch\/wp-content\/uploads\/2025\/03\/Poignees.jpg\"><img decoding=\"async\" loading=\"lazy\" class=\"size-full wp-image-4224 aligncenter\" src=\"http:\/\/armoire-a-vin.ch\/wp-content\/uploads\/2025\/03\/Poignees.jpg\" alt=\"\" width=\"999\" height=\"498\" srcset=\"http:\/\/armoire-a-vin.ch\/wp-content\/uploads\/2025\/03\/Poignees.jpg 999w, http:\/\/armoire-a-vin.ch\/wp-content\/uploads\/2025\/03\/Poignees-300x150.jpg 300w, http:\/\/armoire-a-vin.ch\/wp-content\/uploads\/2025\/03\/Poignees-768x383.jpg 768w\" sizes=\"(max-width: 999px) 100vw, 999px\" \/><\/a><\/p>\n<p>&nbsp;<\/p>\n<p>&nbsp;<\/p>","protected":false},"excerpt":{"rendered":"<p>Armoire \u00e0 vin encastrable avec 3 zones de temp\u00e9rature D\u00e9stin\u00e9 a \u00eatre encastr\u00e9e dans un meuble de cuisine. Elle poss\u00e8de trois zones de temp\u00e9rature et peut accueillir jusqu\u2019\u00e0 100 bouteilles r\u00e9parties sur des clayettes coulissantes en bois et d\u00e9licatement r\u00e9v\u00e9l\u00e9es par un \u00e9clairage int\u00e9rieur. La porte est enti\u00e8rement vitr\u00e9e, trait\u00e9 anti-UV, soit full glass noir, &hellip; <a href=\"http:\/\/armoire-a-vin.ch\/fr\/dunavox-3\/integrable-encastrable\/dunavox-joy\/dx-89-246\/\" class=\"more-link\">Continuer la lecture<span class=\"screen-reader-text\"> de <span class=\"screen-reader-text\">DX-89.246<\/span><\/span>&nbsp;<span class=\"meta-nav\">&rarr;<\/span><\/a><\/p>\n","protected":false},"author":1,"featured_media":0,"parent":4248,"menu_order":0,"comment_status":"closed","ping_status":"closed","template":"","meta":[],"_links":{"self":[{"href":"http:\/\/armoire-a-vin.ch\/fr\/wp-json\/wp\/v2\/pages\/4351"}],"collection":[{"href":"http:\/\/armoire-a-vin.ch\/fr\/wp-json\/wp\/v2\/pages"}],"about":[{"href":"http:\/\/armoire-a-vin.ch\/fr\/wp-json\/wp\/v2\/types\/page"}],"author":[{"embeddable":true,"href":"http:\/\/armoire-a-vin.ch\/fr\/wp-json\/wp\/v2\/users\/1"}],"replies":[{"embeddable":true,"href":"http:\/\/armoire-a-vin.ch\/fr\/wp-json\/wp\/v2\/comments?post=4351"}],"version-history":[{"count":1,"href":"http:\/\/armoire-a-vin.ch\/fr\/wp-json\/wp\/v2\/pages\/4351\/revisions"}],"predecessor-version":[{"id":4354,"href":"http:\/\/armoire-a-vin.ch\/fr\/wp-json\/wp\/v2\/pages\/4351\/revisions\/4354"}],"up":[{"embeddable":true,"href":"http:\/\/armoire-a-vin.ch\/fr\/wp-json\/wp\/v2\/pages\/4248"}],"wp:attachment":[{"href":"http:\/\/armoire-a-vin.ch\/fr\/wp-json\/wp\/v2\/media?parent=4351"}],"curies":[{"name":"wp","href":"https:\/\/api.w.org\/{rel}","templated":true}]}}