{"id":4332,"date":"2025-04-03T15:04:06","date_gmt":"2025-04-03T13:04:06","guid":{"rendered":"https:\/\/armoire-a-vin.ch\/?page_id=4332"},"modified":"2025-04-03T15:38:48","modified_gmt":"2025-04-03T13:38:48","slug":"dxj-26-69-db","status":"publish","type":"page","link":"http:\/\/armoire-a-vin.ch\/fr\/dunavox-3\/integrable-encastrable\/dunavox-joy\/dxj-26-69-db\/","title":{"rendered":"DXJ-26.69 DB"},"content":{"rendered":"<p><\/p>\n<p style=\"text-align: center;\"><strong>Armoire \u00e0 vin encastrable avec 2 zones de temp\u00e9rature<\/strong><\/p>\n<p><a href=\"http:\/\/armoire-a-vin.ch\/wp-content\/uploads\/2025\/04\/Joy-26.69.jpg\"><img decoding=\"async\" loading=\"lazy\" class=\"size-full wp-image-4333 aligncenter\" src=\"http:\/\/armoire-a-vin.ch\/wp-content\/uploads\/2025\/04\/Joy-26.69.jpg\" alt=\"\" width=\"1000\" height=\"1000\" srcset=\"http:\/\/armoire-a-vin.ch\/wp-content\/uploads\/2025\/04\/Joy-26.69.jpg 1000w, http:\/\/armoire-a-vin.ch\/wp-content\/uploads\/2025\/04\/Joy-26.69-300x300.jpg 300w, http:\/\/armoire-a-vin.ch\/wp-content\/uploads\/2025\/04\/Joy-26.69-150x150.jpg 150w, http:\/\/armoire-a-vin.ch\/wp-content\/uploads\/2025\/04\/Joy-26.69-768x768.jpg 768w\" sizes=\"(max-width: 1000px) 100vw, 1000px\" \/><\/a><\/p>\n<div style=\"text-align: justify;\">Cette armoire \u00e0 vin est destin\u00e9e \u00e0 \u00eatre encastr\u00e9e dans un meuble de cuisine. Elle poss\u00e8de deux zones de temp\u00e9rature et peut accueillir jusqu\u2019\u00e0 26 bouteilles r\u00e9parties sur des clayettes coulissantes en bois et d\u00e9licatement r\u00e9v\u00e9l\u00e9es par un \u00e9clairage int\u00e9rieur. La porte est enti\u00e8rement vitr\u00e9e et trait\u00e9 anti-UV.<\/div>\n<div style=\"text-align: justify;\"><span style=\"color: #ffffff;\"><strong>\u2026<\/strong><\/span><\/div>\n<div>\n<p style=\"text-align: justify;\"><strong>Conception int\u00e9gr\u00e9e :<\/strong>\u00a0Con\u00e7u pour s\u2019int\u00e9grer parfaitement dans votre cuisine ou dans n\u2019importe quel espace. Son design \u00e9pur\u00e9 et minimaliste rehausse l\u2019attrait esth\u00e9tique de votre maison.<br \/>\n<strong>Efficacit\u00e9 \u00e9nerg\u00e9tique :\u00a0<\/strong>Avec une technologie respectueuse de l\u2019environnement, cette armoire \u00e0 vin offre des performances \u00e9lev\u00e9es avec une faible consommation d\u2019\u00e9nergie, r\u00e9duisant ainsi votre empreinte carbone sans compromettre la qualit\u00e9.<br \/>\n<span style=\"color: #ffffff;\">\u2026<\/span><br \/>\n<strong>Caract\u00e9ristiques techniques :<br \/>\n<\/strong>Dimensions : H. 59 x L. 59 x P. 56.5 cm<br \/>\nCapacit\u00e9 : 26 bouteilles<br \/>\nPoign\u00e9e de porte : noire ou inox<br \/>\nZone de temp\u00e9rature\u00a0 : 2 (+5 \u00b0C \/ +20\u00b0C)<br \/>\nEcran tactile : LED<br \/>\nEclairage int\u00e9rieure : Multi LED (ambre, blanc ou bleu)<\/p>\n<\/div>\n<p><a href=\"http:\/\/armoire-a-vin.ch\/wp-content\/uploads\/2024\/10\/Ecran-LED-1.jpg\"><img decoding=\"async\" loading=\"lazy\" class=\"size-full wp-image-3868 aligncenter\" src=\"http:\/\/armoire-a-vin.ch\/wp-content\/uploads\/2024\/10\/Ecran-LED-1.jpg\" alt=\"\" width=\"998\" height=\"120\" srcset=\"http:\/\/armoire-a-vin.ch\/wp-content\/uploads\/2024\/10\/Ecran-LED-1.jpg 998w, http:\/\/armoire-a-vin.ch\/wp-content\/uploads\/2024\/10\/Ecran-LED-1-300x36.jpg 300w, http:\/\/armoire-a-vin.ch\/wp-content\/uploads\/2024\/10\/Ecran-LED-1-768x92.jpg 768w\" sizes=\"(max-width: 998px) 100vw, 998px\" \/><\/a><\/p>\n<p><a href=\"http:\/\/armoire-a-vin.ch\/wp-content\/uploads\/2025\/04\/26.69.jpeg\"><img decoding=\"async\" loading=\"lazy\" class=\"size-full wp-image-4334 aligncenter\" src=\"http:\/\/armoire-a-vin.ch\/wp-content\/uploads\/2025\/04\/26.69.jpeg\" alt=\"\" width=\"439\" height=\"87\" srcset=\"http:\/\/armoire-a-vin.ch\/wp-content\/uploads\/2025\/04\/26.69.jpeg 439w, http:\/\/armoire-a-vin.ch\/wp-content\/uploads\/2025\/04\/26.69-300x59.jpeg 300w\" sizes=\"(max-width: 439px) 100vw, 439px\" \/><\/a><\/p>\n<p>&nbsp;<\/p>","protected":false},"excerpt":{"rendered":"<p>Armoire \u00e0 vin encastrable avec 2 zones de temp\u00e9rature Cette armoire \u00e0 vin est destin\u00e9e \u00e0 \u00eatre encastr\u00e9e dans un meuble de cuisine. Elle poss\u00e8de deux zones de temp\u00e9rature et peut accueillir jusqu\u2019\u00e0 26 bouteilles r\u00e9parties sur des clayettes coulissantes en bois et d\u00e9licatement r\u00e9v\u00e9l\u00e9es par un \u00e9clairage int\u00e9rieur. La porte est enti\u00e8rement vitr\u00e9e et &hellip; <a href=\"http:\/\/armoire-a-vin.ch\/fr\/dunavox-3\/integrable-encastrable\/dunavox-joy\/dxj-26-69-db\/\" class=\"more-link\">Continuer la lecture<span class=\"screen-reader-text\"> de <span class=\"screen-reader-text\">DXJ-26.69 DB<\/span><\/span>&nbsp;<span class=\"meta-nav\">&rarr;<\/span><\/a><\/p>\n","protected":false},"author":1,"featured_media":0,"parent":4248,"menu_order":0,"comment_status":"closed","ping_status":"closed","template":"","meta":[],"_links":{"self":[{"href":"http:\/\/armoire-a-vin.ch\/fr\/wp-json\/wp\/v2\/pages\/4332"}],"collection":[{"href":"http:\/\/armoire-a-vin.ch\/fr\/wp-json\/wp\/v2\/pages"}],"about":[{"href":"http:\/\/armoire-a-vin.ch\/fr\/wp-json\/wp\/v2\/types\/page"}],"author":[{"embeddable":true,"href":"http:\/\/armoire-a-vin.ch\/fr\/wp-json\/wp\/v2\/users\/1"}],"replies":[{"embeddable":true,"href":"http:\/\/armoire-a-vin.ch\/fr\/wp-json\/wp\/v2\/comments?post=4332"}],"version-history":[{"count":1,"href":"http:\/\/armoire-a-vin.ch\/fr\/wp-json\/wp\/v2\/pages\/4332\/revisions"}],"predecessor-version":[{"id":4338,"href":"http:\/\/armoire-a-vin.ch\/fr\/wp-json\/wp\/v2\/pages\/4332\/revisions\/4338"}],"up":[{"embeddable":true,"href":"http:\/\/armoire-a-vin.ch\/fr\/wp-json\/wp\/v2\/pages\/4248"}],"wp:attachment":[{"href":"http:\/\/armoire-a-vin.ch\/fr\/wp-json\/wp\/v2\/media?parent=4332"}],"curies":[{"name":"wp","href":"https:\/\/api.w.org\/{rel}","templated":true}]}}