{"id":3564,"date":"2022-07-06T16:33:54","date_gmt":"2022-07-06T14:33:54","guid":{"rendered":"http:\/\/armoire-a-vin.ch\/?page_id=3564"},"modified":"2024-11-07T11:40:53","modified_gmt":"2024-11-07T10:40:53","slug":"dx-58-258-sera","status":"publish","type":"page","link":"http:\/\/armoire-a-vin.ch\/fr\/dunavox-3\/dunavox-champagne\/dx-58-258-sera\/","title":{"rendered":"DX-58.258 SERA"},"content":{"rendered":"<p><\/p>\n<h6 style=\"text-align: center;\"><strong>Armoire \u00e0 champagne encastrable \/ pose libre avec 2 zones de temp\u00e9rature<\/strong><\/h6>\n<p><a href=\"http:\/\/armoire-a-vin.ch\/wp-content\/uploads\/2022\/07\/Sera.jpeg\"><img decoding=\"async\" loading=\"lazy\" class=\"alignnone size-full wp-image-3543\" src=\"http:\/\/armoire-a-vin.ch\/wp-content\/uploads\/2022\/07\/Sera.jpeg\" alt=\"Sera\" width=\"637\" height=\"354\" srcset=\"http:\/\/armoire-a-vin.ch\/wp-content\/uploads\/2022\/07\/Sera.jpeg 637w, http:\/\/armoire-a-vin.ch\/wp-content\/uploads\/2022\/07\/Sera-300x167.jpeg 300w\" sizes=\"(max-width: 637px) 100vw, 637px\" \/><\/a><\/p>\n<p style=\"text-align: justify;\">Dot\u00e9e d\u2019un syst\u00e8me d\u2019\u00e9tag\u00e8res coulissantes brevet\u00e9es, cette armoire \u00e0 vin de service a \u00e9t\u00e9 pens\u00e9e et con\u00e7ue pour disposer les 58 bouteilles \u00e0 l\u2019horizontale, afin de rendre les \u00e9tiquettes bien visibles pour un rep\u00e9rage simple et rapide. Elle a \u00e9t\u00e9 con\u00e7ue pour \u00eatre encastr\u00e9e ou en pose libre.<\/p>\n<p style=\"text-align: justify;\">Porte, soign\u00e9e et \u00e9l\u00e9gante, est enti\u00e8rement vitr\u00e9e, teint\u00e9e et trait\u00e9e anti-UV. Dot\u00e9e d\u2019une poign\u00e9e, la porte vitr\u00e9e est propos\u00e9e soit avec un cadre \u00ab full glass \u00bb noir, un cadre inox, un cadre matt noir et vous avez \u00e9galement la possibilit\u00e9 de personnaliser le cadre selon la palette couleur RAL.<\/p>\n<p style=\"text-align: justify;\"><strong>Le Sera-58 convient non seulement aux grandes bouteilles telles que le champagne et le prosecco, mais est \u00e9galement enti\u00e8rement utilisable pour les bouteilles de type Bordeaux, Bourgogne et Rh\u00f4ne.<\/strong><\/p>\n<p><strong>Caract\u00e9ristiques techniques :<\/strong><br \/>\nDimensions : H. 122 x L. 59.5 x P. 68 cm<br \/>\nCapacit\u00e9 : 58 bouteilles<br \/>\nPoign\u00e9e int\u00e9gr\u00e9e : full glass noir (DB)<br \/>\nZone de temp\u00e9rature : 2 (+5 \u00b0C \/ +20\u00b0C)<br \/>\nMod\u00e8les : cadre noir (DB), cadre inox (DSS). cadre noir matt (DMB), cadre couleur RAL (DC)<br \/>\nEcran tactile : LED<br \/>\nEclairage int\u00e9rieure : Multi LED (ambre, blanc ou bleu)<\/p>\n<p><a href=\"http:\/\/armoire-a-vin.ch\/wp-content\/uploads\/2024\/10\/Ecran-LED-1.jpg\"><img decoding=\"async\" loading=\"lazy\" class=\"size-full wp-image-3868 aligncenter\" src=\"http:\/\/armoire-a-vin.ch\/wp-content\/uploads\/2024\/10\/Ecran-LED-1.jpg\" alt=\"\" width=\"998\" height=\"120\" srcset=\"http:\/\/armoire-a-vin.ch\/wp-content\/uploads\/2024\/10\/Ecran-LED-1.jpg 998w, http:\/\/armoire-a-vin.ch\/wp-content\/uploads\/2024\/10\/Ecran-LED-1-300x36.jpg 300w, http:\/\/armoire-a-vin.ch\/wp-content\/uploads\/2024\/10\/Ecran-LED-1-768x92.jpg 768w\" sizes=\"(max-width: 998px) 100vw, 998px\" \/><\/a><\/p>\n<p><a href=\"http:\/\/armoire-a-vin.ch\/wp-content\/uploads\/2024\/11\/58.258.jpeg\"><img decoding=\"async\" loading=\"lazy\" class=\"size-full wp-image-4174 aligncenter\" src=\"http:\/\/armoire-a-vin.ch\/wp-content\/uploads\/2024\/11\/58.258.jpeg\" alt=\"\" width=\"585\" height=\"107\" srcset=\"http:\/\/armoire-a-vin.ch\/wp-content\/uploads\/2024\/11\/58.258.jpeg 585w, http:\/\/armoire-a-vin.ch\/wp-content\/uploads\/2024\/11\/58.258-300x55.jpeg 300w\" sizes=\"(max-width: 585px) 100vw, 585px\" \/><\/a><\/p>\n<p>&nbsp;<\/p>\n<p>&nbsp;<\/p>","protected":false},"excerpt":{"rendered":"<p>Armoire \u00e0 champagne encastrable \/ pose libre avec 2 zones de temp\u00e9rature Dot\u00e9e d\u2019un syst\u00e8me d\u2019\u00e9tag\u00e8res coulissantes brevet\u00e9es, cette armoire \u00e0 vin de service a \u00e9t\u00e9 pens\u00e9e et con\u00e7ue pour disposer les 58 bouteilles \u00e0 l\u2019horizontale, afin de rendre les \u00e9tiquettes bien visibles pour un rep\u00e9rage simple et rapide. Elle a \u00e9t\u00e9 con\u00e7ue pour \u00eatre &hellip; <a href=\"http:\/\/armoire-a-vin.ch\/fr\/dunavox-3\/dunavox-champagne\/dx-58-258-sera\/\" class=\"more-link\">Continuer la lecture<span class=\"screen-reader-text\"> de <span class=\"screen-reader-text\">DX-58.258 SERA<\/span><\/span>&nbsp;<span class=\"meta-nav\">&rarr;<\/span><\/a><\/p>\n","protected":false},"author":1,"featured_media":0,"parent":3536,"menu_order":2,"comment_status":"closed","ping_status":"closed","template":"","meta":[],"_links":{"self":[{"href":"http:\/\/armoire-a-vin.ch\/fr\/wp-json\/wp\/v2\/pages\/3564"}],"collection":[{"href":"http:\/\/armoire-a-vin.ch\/fr\/wp-json\/wp\/v2\/pages"}],"about":[{"href":"http:\/\/armoire-a-vin.ch\/fr\/wp-json\/wp\/v2\/types\/page"}],"author":[{"embeddable":true,"href":"http:\/\/armoire-a-vin.ch\/fr\/wp-json\/wp\/v2\/users\/1"}],"replies":[{"embeddable":true,"href":"http:\/\/armoire-a-vin.ch\/fr\/wp-json\/wp\/v2\/comments?post=3564"}],"version-history":[{"count":7,"href":"http:\/\/armoire-a-vin.ch\/fr\/wp-json\/wp\/v2\/pages\/3564\/revisions"}],"predecessor-version":[{"id":4197,"href":"http:\/\/armoire-a-vin.ch\/fr\/wp-json\/wp\/v2\/pages\/3564\/revisions\/4197"}],"up":[{"embeddable":true,"href":"http:\/\/armoire-a-vin.ch\/fr\/wp-json\/wp\/v2\/pages\/3536"}],"wp:attachment":[{"href":"http:\/\/armoire-a-vin.ch\/fr\/wp-json\/wp\/v2\/media?parent=3564"}],"curies":[{"name":"wp","href":"https:\/\/api.w.org\/{rel}","templated":true}]}}