{"id":3394,"date":"2022-04-12T15:30:35","date_gmt":"2022-04-12T13:30:35","guid":{"rendered":"http:\/\/armoire-a-vin.ch\/?page_id=3394"},"modified":"2025-04-02T14:27:40","modified_gmt":"2025-04-02T12:27:40","slug":"dunavox-noble","status":"publish","type":"page","link":"http:\/\/armoire-a-vin.ch\/fr\/dunavox-3\/dunavox-noble\/","title":{"rendered":"Dunavox Noble"},"content":{"rendered":"<p><\/p>\n<div class=\"ng-tns-c357-2 ng-star-inserted\">\n<div class=\"ng-tns-c357-2\">\n<p style=\"text-align: justify;\">Offrez-vous une armoire \u00e0 vin qui, non seulement stocke votre collection de vins mais, la met \u00e9galement en valeur. Nos armoires \u00e0 vin \u00e0 \u00e9cran TFT enti\u00e8rement int\u00e9gr\u00e9 sont plus qu\u2019un appareil; c\u2019est une d\u00e9claration de sophistication et un engagement envers le verre de vin parfait. Que vous soyez connaisseur chevronn\u00e9 ou que vous d\u00e9butiez tout juste votre collection, cette armoire \u00e0 vin est con\u00e7ue pour r\u00e9pondre \u00e0 tous vos besoins avec style et pr\u00e9cision.<\/p>\n<p><a href=\"http:\/\/armoire-a-vin.ch\/wp-content\/uploads\/2025\/04\/Noble-70.jpg\"><img decoding=\"async\" loading=\"lazy\" class=\"alignnone size-full wp-image-4252\" src=\"http:\/\/armoire-a-vin.ch\/wp-content\/uploads\/2025\/04\/Noble-70.jpg\" alt=\"\" width=\"1000\" height=\"1000\" srcset=\"http:\/\/armoire-a-vin.ch\/wp-content\/uploads\/2025\/04\/Noble-70.jpg 1000w, http:\/\/armoire-a-vin.ch\/wp-content\/uploads\/2025\/04\/Noble-70-300x300.jpg 300w, http:\/\/armoire-a-vin.ch\/wp-content\/uploads\/2025\/04\/Noble-70-150x150.jpg 150w, http:\/\/armoire-a-vin.ch\/wp-content\/uploads\/2025\/04\/Noble-70-768x768.jpg 768w\" sizes=\"(max-width: 1000px) 100vw, 1000px\" \/><\/a><\/p>\n<p style=\"text-align: justify;\">Les armoires \u00e0 vin <strong>Dunavox NOBLE<\/strong> sont \u00e0 install\u00e9s dans les meubles de cuisine et aussi sous un plan de travail. Elles sont toutes \u00e9quip\u00e9es du syst\u00e8me <strong>\u201cPush-to-Open\u201d<\/strong> permettant d\u2019ouvrir la porte gr\u00e2ce \u00e0 une l\u00e9g\u00e8re pression de la main assurant une parfaite correspondance avec toutes les cuisines sans poign\u00e9es dans un environnement moderne.<\/p>\n<p style=\"text-align: justify;\">Le syst\u00e8me de ventilation int\u00e9gr\u00e9 d\u00e9velopp\u00e9 par Dunavox permet \u00e0 l\u2019air frais d\u2019atteindre le compresseur et <strong>ne<\/strong> <strong>n\u00e9cessite plus<\/strong> le rajout de grilles d\u2019a\u00e9ration sup\u00e9rieure et inf\u00e9rieure.<\/p>\n<p>&#8211; Ecran tactile TFT (touch screen display)<br \/>\n&#8211; WiFi + SmartHome App contr\u00f4le<br \/>\n&#8211; Syst\u00e8me de ventilation int\u00e9gr\u00e9e<br \/>\n&#8211; Syst\u00e8me \u00ab\u00a0Push-to-Open\u00a0\u00bb sans poign\u00e9e<br \/>\n&#8211; Eclairage multi LED<br \/>\n&#8211; Clayettes coulissantes en bois<\/p>\n<\/div>\n<\/div>\n<p><a href=\"http:\/\/armoire-a-vin.ch\/wp-content\/uploads\/2024\/10\/TFT-screen-1.jpg\"><img decoding=\"async\" loading=\"lazy\" class=\"size-full wp-image-3674 aligncenter\" src=\"http:\/\/armoire-a-vin.ch\/wp-content\/uploads\/2024\/10\/TFT-screen-1.jpg\" alt=\"\" width=\"1000\" height=\"181\" srcset=\"http:\/\/armoire-a-vin.ch\/wp-content\/uploads\/2024\/10\/TFT-screen-1.jpg 1000w, http:\/\/armoire-a-vin.ch\/wp-content\/uploads\/2024\/10\/TFT-screen-1-300x54.jpg 300w, http:\/\/armoire-a-vin.ch\/wp-content\/uploads\/2024\/10\/TFT-screen-1-768x139.jpg 768w\" sizes=\"(max-width: 1000px) 100vw, 1000px\" \/><\/a><\/p>\n<div class=\"ng-tns-c357-2 ng-star-inserted\">\n<div class=\"ng-tns-c357-2\">\n<p><a href=\"http:\/\/armoire-a-vin.ch\/wp-content\/uploads\/2020\/04\/Systeme-ventilation.jpg\"><img decoding=\"async\" loading=\"lazy\" class=\" wp-image-3681 aligncenter\" src=\"http:\/\/armoire-a-vin.ch\/wp-content\/uploads\/2020\/04\/Systeme-ventilation.jpg\" alt=\"\" width=\"423\" height=\"423\" srcset=\"http:\/\/armoire-a-vin.ch\/wp-content\/uploads\/2020\/04\/Systeme-ventilation.jpg 1000w, http:\/\/armoire-a-vin.ch\/wp-content\/uploads\/2020\/04\/Systeme-ventilation-300x300.jpg 300w, http:\/\/armoire-a-vin.ch\/wp-content\/uploads\/2020\/04\/Systeme-ventilation-150x150.jpg 150w, http:\/\/armoire-a-vin.ch\/wp-content\/uploads\/2020\/04\/Systeme-ventilation-768x768.jpg 768w\" sizes=\"(max-width: 423px) 100vw, 423px\" \/><\/a><\/p>\n<\/div>\n<\/div>\n<p>&nbsp;<\/p>","protected":false},"excerpt":{"rendered":"<p>Offrez-vous une armoire \u00e0 vin qui, non seulement stocke votre collection de vins mais, la met \u00e9galement en valeur. Nos armoires \u00e0 vin \u00e0 \u00e9cran TFT enti\u00e8rement int\u00e9gr\u00e9 sont plus qu\u2019un appareil; c\u2019est une d\u00e9claration de sophistication et un engagement envers le verre de vin parfait. Que vous soyez connaisseur chevronn\u00e9 ou que vous d\u00e9butiez &hellip; <a href=\"http:\/\/armoire-a-vin.ch\/fr\/dunavox-3\/dunavox-noble\/\" class=\"more-link\">Continuer la lecture<span class=\"screen-reader-text\"> de <span class=\"screen-reader-text\">Dunavox Noble<\/span><\/span>&nbsp;<span class=\"meta-nav\">&rarr;<\/span><\/a><\/p>\n","protected":false},"author":1,"featured_media":0,"parent":79,"menu_order":1,"comment_status":"closed","ping_status":"closed","template":"","meta":[],"_links":{"self":[{"href":"http:\/\/armoire-a-vin.ch\/fr\/wp-json\/wp\/v2\/pages\/3394"}],"collection":[{"href":"http:\/\/armoire-a-vin.ch\/fr\/wp-json\/wp\/v2\/pages"}],"about":[{"href":"http:\/\/armoire-a-vin.ch\/fr\/wp-json\/wp\/v2\/types\/page"}],"author":[{"embeddable":true,"href":"http:\/\/armoire-a-vin.ch\/fr\/wp-json\/wp\/v2\/users\/1"}],"replies":[{"embeddable":true,"href":"http:\/\/armoire-a-vin.ch\/fr\/wp-json\/wp\/v2\/comments?post=3394"}],"version-history":[{"count":24,"href":"http:\/\/armoire-a-vin.ch\/fr\/wp-json\/wp\/v2\/pages\/3394\/revisions"}],"predecessor-version":[{"id":4253,"href":"http:\/\/armoire-a-vin.ch\/fr\/wp-json\/wp\/v2\/pages\/3394\/revisions\/4253"}],"up":[{"embeddable":true,"href":"http:\/\/armoire-a-vin.ch\/fr\/wp-json\/wp\/v2\/pages\/79"}],"wp:attachment":[{"href":"http:\/\/armoire-a-vin.ch\/fr\/wp-json\/wp\/v2\/media?parent=3394"}],"curies":[{"name":"wp","href":"https:\/\/api.w.org\/{rel}","templated":true}]}}