{"id":3107,"date":"2021-02-24T13:12:10","date_gmt":"2021-02-24T12:12:10","guid":{"rendered":"http:\/\/armoire-a-vin.ch\/?page_id=3107"},"modified":"2025-04-02T14:30:29","modified_gmt":"2025-04-02T12:30:29","slug":"dvn-25-65-db-to","status":"publish","type":"page","link":"http:\/\/armoire-a-vin.ch\/fr\/dunavox-3\/integrable-encastrable\/dvn-25-65-db-to\/","title":{"rendered":"DVN-25.65 DB.TO"},"content":{"rendered":"<p><\/p>\n<h6 style=\"text-align: center;\"><strong>Armoire \u00e0 vin encastrable \/ sous-plan avec 2 zones de temp\u00e9rature<\/strong><\/h6>\n<h6 style=\"text-align: center;\"><strong><a href=\"http:\/\/armoire-a-vin.ch\/wp-content\/uploads\/2025\/04\/Noble-25.65.jpg\"><img decoding=\"async\" loading=\"lazy\" class=\"size-full wp-image-4256 aligncenter\" src=\"http:\/\/armoire-a-vin.ch\/wp-content\/uploads\/2025\/04\/Noble-25.65.jpg\" alt=\"\" width=\"1000\" height=\"1000\" srcset=\"http:\/\/armoire-a-vin.ch\/wp-content\/uploads\/2025\/04\/Noble-25.65.jpg 1000w, http:\/\/armoire-a-vin.ch\/wp-content\/uploads\/2025\/04\/Noble-25.65-300x300.jpg 300w, http:\/\/armoire-a-vin.ch\/wp-content\/uploads\/2025\/04\/Noble-25.65-150x150.jpg 150w, http:\/\/armoire-a-vin.ch\/wp-content\/uploads\/2025\/04\/Noble-25.65-768x768.jpg 768w\" sizes=\"(max-width: 1000px) 100vw, 1000px\" \/><\/a><\/strong><\/h6>\n<div class=\"ng-star-inserted\">\n<p style=\"text-align: justify;\">Cette armoire \u00e0 vin est destin\u00e9e a \u00eatre encastr\u00e9e dans un meuble de cuisine ou sous un plan de travail. Elle poss\u00e8de deux zones de temp\u00e9rature et peut accueillir jusqu&rsquo;\u00e0 25 bouteilles r\u00e9parties sur des clayettes coulissantes en bois et d\u00e9licatement r\u00e9v\u00e9l\u00e9es par un \u00e9clairage int\u00e9rieur. La porte est enti\u00e8rement vitr\u00e9e \u00ab\u00a0full glass\u00a0\u00bb noir, trait\u00e9 anti-UV.<\/p>\n<p style=\"text-align: justify;\"><strong>Push-to-Open Technologie : <\/strong>Cette armoire \u00e0 vin est \u00e9quip\u00e9e du syst\u00e8me Push-to-Open permettant d&rsquo;ouvrir la porte gr\u00e2ce \u00e0 une l\u00e9g\u00e8re pression de la main.<br \/>\n<strong>Syst\u00e8me de ventilation int\u00e9gr\u00e9 : <\/strong>Simple \u00e0 installer sans grille de ventilation; permettant d&rsquo;installer sous un plan de travail tout en gardant les lignes de la cuisine.<br \/>\n<strong>Ecran TFT : <\/strong>L&rsquo;interface intuitive de l&rsquo;\u00e9cran TFT offre un contr\u00f4le pr\u00e9cis sur les param\u00e8tres de temp\u00e9rature, l&rsquo;\u00e9clairage et bien plus encore. Visualisez et g\u00e9rez votre collection de vins en toute simplicit\u00e9, du bout des doigts.<br \/>\n<strong>Connectivit\u00e9 WiFi : <\/strong>Surveillez et contr\u00f4lez votre armoire \u00e0 vin de n&rsquo;importe o\u00f9 gr\u00e2ce \u00e0 l&rsquo;option WiFi. Ajustez les param\u00e8tres de temp\u00e9rature, recevez des alertes et suivez votre collection via une application d\u00e9di\u00e9e sur votre smartphone ou votre tablette.<br \/>\n<strong>Conception int\u00e9gr\u00e9e :<\/strong> Con\u00e7u pour s&rsquo;int\u00e9grer parfaitement dans votre cuisine ou dans n&rsquo;importe quel espace. Son design \u00e9pur\u00e9 et minimaliste rehausse l&rsquo;attrait esth\u00e9tique de votre maison.<br \/>\n<strong>Efficacit\u00e9 \u00e9nerg\u00e9tique : <\/strong>Avec une technologie respectueuse de l&rsquo;environnement, cette armoire \u00e0 vin offre des performances \u00e9lev\u00e9es avec une faible consommation d&rsquo;\u00e9nergie, r\u00e9duisant ainsi votre empreinte carbone sans compromettre la qualit\u00e9.<\/p>\n<\/div>\n<p><strong>Caract\u00e9ristiques techniques :<\/strong><br \/>\nDimensions : H. 59.6 x L. 59 x P. 57.1 cm<br \/>\nCapacit\u00e9 : 25 bouteilles<br \/>\nZone de temp\u00e9rature : 2 (+5 \u00b0C \/ +20\u00b0C)<br \/>\nEcran tactile : TFT<br \/>\nEclairage int\u00e9rieure : Multi LED (ambre, blanc ou bleu)<\/p>\n<p><a href=\"http:\/\/armoire-a-vin.ch\/wp-content\/uploads\/2024\/10\/TFT-screen-1.jpg\"><img decoding=\"async\" loading=\"lazy\" class=\"size-full wp-image-3674 aligncenter\" src=\"http:\/\/armoire-a-vin.ch\/wp-content\/uploads\/2024\/10\/TFT-screen-1.jpg\" alt=\"\" width=\"1000\" height=\"181\" srcset=\"http:\/\/armoire-a-vin.ch\/wp-content\/uploads\/2024\/10\/TFT-screen-1.jpg 1000w, http:\/\/armoire-a-vin.ch\/wp-content\/uploads\/2024\/10\/TFT-screen-1-300x54.jpg 300w, http:\/\/armoire-a-vin.ch\/wp-content\/uploads\/2024\/10\/TFT-screen-1-768x139.jpg 768w\" sizes=\"(max-width: 1000px) 100vw, 1000px\" \/><\/a><\/p>\n<p><a href=\"http:\/\/armoire-a-vin.ch\/wp-content\/uploads\/2024\/10\/Screenshot-25.65.png\"><img decoding=\"async\" loading=\"lazy\" class=\"size-full wp-image-3731 aligncenter\" src=\"http:\/\/armoire-a-vin.ch\/wp-content\/uploads\/2024\/10\/Screenshot-25.65.png\" alt=\"\" width=\"701\" height=\"95\" srcset=\"http:\/\/armoire-a-vin.ch\/wp-content\/uploads\/2024\/10\/Screenshot-25.65.png 701w, http:\/\/armoire-a-vin.ch\/wp-content\/uploads\/2024\/10\/Screenshot-25.65-300x41.png 300w\" sizes=\"(max-width: 701px) 100vw, 701px\" \/><\/a><\/p>\n<p>&nbsp;<\/p>","protected":false},"excerpt":{"rendered":"<p>Armoire \u00e0 vin encastrable \/ sous-plan avec 2 zones de temp\u00e9rature Cette armoire \u00e0 vin est destin\u00e9e a \u00eatre encastr\u00e9e dans un meuble de cuisine ou sous un plan de travail. Elle poss\u00e8de deux zones de temp\u00e9rature et peut accueillir jusqu&rsquo;\u00e0 25 bouteilles r\u00e9parties sur des clayettes coulissantes en bois et d\u00e9licatement r\u00e9v\u00e9l\u00e9es par un &hellip; <a href=\"http:\/\/armoire-a-vin.ch\/fr\/dunavox-3\/integrable-encastrable\/dvn-25-65-db-to\/\" class=\"more-link\">Continuer la lecture<span class=\"screen-reader-text\"> de <span class=\"screen-reader-text\">DVN-25.65 DB.TO<\/span><\/span>&nbsp;<span class=\"meta-nav\">&rarr;<\/span><\/a><\/p>\n","protected":false},"author":1,"featured_media":0,"parent":234,"menu_order":3,"comment_status":"closed","ping_status":"closed","template":"","meta":[],"_links":{"self":[{"href":"http:\/\/armoire-a-vin.ch\/fr\/wp-json\/wp\/v2\/pages\/3107"}],"collection":[{"href":"http:\/\/armoire-a-vin.ch\/fr\/wp-json\/wp\/v2\/pages"}],"about":[{"href":"http:\/\/armoire-a-vin.ch\/fr\/wp-json\/wp\/v2\/types\/page"}],"author":[{"embeddable":true,"href":"http:\/\/armoire-a-vin.ch\/fr\/wp-json\/wp\/v2\/users\/1"}],"replies":[{"embeddable":true,"href":"http:\/\/armoire-a-vin.ch\/fr\/wp-json\/wp\/v2\/comments?post=3107"}],"version-history":[{"count":13,"href":"http:\/\/armoire-a-vin.ch\/fr\/wp-json\/wp\/v2\/pages\/3107\/revisions"}],"predecessor-version":[{"id":4257,"href":"http:\/\/armoire-a-vin.ch\/fr\/wp-json\/wp\/v2\/pages\/3107\/revisions\/4257"}],"up":[{"embeddable":true,"href":"http:\/\/armoire-a-vin.ch\/fr\/wp-json\/wp\/v2\/pages\/234"}],"wp:attachment":[{"href":"http:\/\/armoire-a-vin.ch\/fr\/wp-json\/wp\/v2\/media?parent=3107"}],"curies":[{"name":"wp","href":"https:\/\/api.w.org\/{rel}","templated":true}]}}