{"id":2962,"date":"2021-02-10T15:54:01","date_gmt":"2021-02-10T14:54:01","guid":{"rendered":"http:\/\/armoire-a-vin.ch\/?page_id=2962"},"modified":"2024-11-07T11:42:45","modified_gmt":"2024-11-07T10:42:45","slug":"dauf-17-58","status":"publish","type":"page","link":"http:\/\/armoire-a-vin.ch\/fr\/dunavox-3\/encastrable-sous-plan\/dauf-17-58\/","title":{"rendered":"DAUF-17.58"},"content":{"rendered":"<p><\/p>\n<h6 style=\"text-align: center;\"><strong>Armoire \u00e0 vin sous plan avec 2 zones de temp\u00e9rature<\/strong><\/h6>\n<p style=\"text-align: center;\"><a href=\"https:\/\/armoire-a-vin.ch\/wp-content\/uploads\/2021\/02\/DAUF-17.58-DB.jpeg\"><img decoding=\"async\" loading=\"lazy\" class=\"size-full wp-image-3197 aligncenter\" src=\"https:\/\/armoire-a-vin.ch\/wp-content\/uploads\/2021\/02\/DAUF-17.58-DB.jpeg\" alt=\"DAUF-17.58 DB\" width=\"1000\" height=\"1000\" srcset=\"http:\/\/armoire-a-vin.ch\/wp-content\/uploads\/2021\/02\/DAUF-17.58-DB.jpeg 1000w, http:\/\/armoire-a-vin.ch\/wp-content\/uploads\/2021\/02\/DAUF-17.58-DB-150x150.jpeg 150w, http:\/\/armoire-a-vin.ch\/wp-content\/uploads\/2021\/02\/DAUF-17.58-DB-300x300.jpeg 300w, http:\/\/armoire-a-vin.ch\/wp-content\/uploads\/2021\/02\/DAUF-17.58-DB-768x768.jpeg 768w\" sizes=\"(max-width: 1000px) 100vw, 1000px\" \/><\/a><\/p>\n<p style=\"text-align: justify;\">Cette armoire \u00e0 vin de vieillissement avec deux zones de temp\u00e9rature, d\u2019une capacit\u00e9 maximum de 17 bouteilles, est destin\u00e9 \u00e0 \u00eatre int\u00e9gr\u00e9e sous un plan de travail.<\/p>\n<p style=\"text-align: justify;\">Porte, soign\u00e9e et \u00e9l\u00e9gante, est enti\u00e8rement vitr\u00e9e, teint\u00e9e et trait\u00e9e anti-UV. Dot\u00e9e d\u2019une poign\u00e9e, la porte vitr\u00e9e est propos\u00e9e soit avec un cadre \u00ab full glass \u00bb noir, un cadre inox, un cadre matt noir et vous avez \u00e9galement la possibilit\u00e9 de personnaliser le cadre selon la palette couleur RAL.<\/p>\n<p style=\"text-align: justify;\">Les bouteilles sont rang\u00e9es sur des clayettes en bois et sont d\u00e9licatement r\u00e9v\u00e9l\u00e9es par un \u00e9clairage int\u00e9rieur.<\/p>\n<p><strong>Caract\u00e9ristiques techniques :<\/strong><br \/>\nDimensions : H. 81.5 x L. 29.5 x P. 56.6 cm<br \/>\nCapacit\u00e9 : 17 bouteilles<br \/>\nZone de temp\u00e9rature : 2 (+5 \u00b0C \/ +20\u00b0C)<br \/>\nMod\u00e8les : cadre noir (B), cadre inox (SS). cadre noir matt (MB), cadre couleur RAL (C)<br \/>\nEcran tactile : LED<br \/>\nEclairage int\u00e9rieure : LED (bleu)<\/p>\n<p><a href=\"http:\/\/armoire-a-vin.ch\/wp-content\/uploads\/2024\/10\/Ecran-LED-1.jpg\"><img decoding=\"async\" loading=\"lazy\" class=\"size-full wp-image-3868 aligncenter\" src=\"http:\/\/armoire-a-vin.ch\/wp-content\/uploads\/2024\/10\/Ecran-LED-1.jpg\" alt=\"\" width=\"998\" height=\"120\" srcset=\"http:\/\/armoire-a-vin.ch\/wp-content\/uploads\/2024\/10\/Ecran-LED-1.jpg 998w, http:\/\/armoire-a-vin.ch\/wp-content\/uploads\/2024\/10\/Ecran-LED-1-300x36.jpg 300w, http:\/\/armoire-a-vin.ch\/wp-content\/uploads\/2024\/10\/Ecran-LED-1-768x92.jpg 768w\" sizes=\"(max-width: 998px) 100vw, 998px\" \/><\/a><\/p>\n<h6 style=\"text-align: center;\"><strong><a href=\"http:\/\/armoire-a-vin.ch\/wp-content\/uploads\/2024\/10\/17.58.jpeg\"><img decoding=\"async\" loading=\"lazy\" class=\"size-full wp-image-3997 aligncenter\" src=\"http:\/\/armoire-a-vin.ch\/wp-content\/uploads\/2024\/10\/17.58.jpeg\" alt=\"\" width=\"482\" height=\"116\" srcset=\"http:\/\/armoire-a-vin.ch\/wp-content\/uploads\/2024\/10\/17.58.jpeg 482w, http:\/\/armoire-a-vin.ch\/wp-content\/uploads\/2024\/10\/17.58-300x72.jpeg 300w\" sizes=\"(max-width: 482px) 100vw, 482px\" \/><\/a><\/strong><\/h6>\n<p style=\"text-align: center;\"><strong>\u00a0<\/strong><\/p>\n<p style=\"text-align: center;\">\n<p><\/p>","protected":false},"excerpt":{"rendered":"<p>Armoire \u00e0 vin sous plan avec 2 zones de temp\u00e9rature Cette armoire \u00e0 vin de vieillissement avec deux zones de temp\u00e9rature, d\u2019une capacit\u00e9 maximum de 17 bouteilles, est destin\u00e9 \u00e0 \u00eatre int\u00e9gr\u00e9e sous un plan de travail. Porte, soign\u00e9e et \u00e9l\u00e9gante, est enti\u00e8rement vitr\u00e9e, teint\u00e9e et trait\u00e9e anti-UV. Dot\u00e9e d\u2019une poign\u00e9e, la porte vitr\u00e9e est &hellip; <a href=\"http:\/\/armoire-a-vin.ch\/fr\/dunavox-3\/encastrable-sous-plan\/dauf-17-58\/\" class=\"more-link\">Continuer la lecture<span class=\"screen-reader-text\"> de <span class=\"screen-reader-text\">DAUF-17.58<\/span><\/span>&nbsp;<span class=\"meta-nav\">&rarr;<\/span><\/a><\/p>\n","protected":false},"author":1,"featured_media":0,"parent":1533,"menu_order":2,"comment_status":"closed","ping_status":"closed","template":"","meta":[],"_links":{"self":[{"href":"http:\/\/armoire-a-vin.ch\/fr\/wp-json\/wp\/v2\/pages\/2962"}],"collection":[{"href":"http:\/\/armoire-a-vin.ch\/fr\/wp-json\/wp\/v2\/pages"}],"about":[{"href":"http:\/\/armoire-a-vin.ch\/fr\/wp-json\/wp\/v2\/types\/page"}],"author":[{"embeddable":true,"href":"http:\/\/armoire-a-vin.ch\/fr\/wp-json\/wp\/v2\/users\/1"}],"replies":[{"embeddable":true,"href":"http:\/\/armoire-a-vin.ch\/fr\/wp-json\/wp\/v2\/comments?post=2962"}],"version-history":[{"count":12,"href":"http:\/\/armoire-a-vin.ch\/fr\/wp-json\/wp\/v2\/pages\/2962\/revisions"}],"predecessor-version":[{"id":4030,"href":"http:\/\/armoire-a-vin.ch\/fr\/wp-json\/wp\/v2\/pages\/2962\/revisions\/4030"}],"up":[{"embeddable":true,"href":"http:\/\/armoire-a-vin.ch\/fr\/wp-json\/wp\/v2\/pages\/1533"}],"wp:attachment":[{"href":"http:\/\/armoire-a-vin.ch\/fr\/wp-json\/wp\/v2\/media?parent=2962"}],"curies":[{"name":"wp","href":"https:\/\/api.w.org\/{rel}","templated":true}]}}