{"id":2432,"date":"2020-04-09T12:21:33","date_gmt":"2020-04-09T10:21:33","guid":{"rendered":"http:\/\/armoire-a-vin.ch\/?page_id=2432"},"modified":"2025-04-08T14:06:38","modified_gmt":"2025-04-08T12:06:38","slug":"dx-94-270","status":"publish","type":"page","link":"http:\/\/armoire-a-vin.ch\/fr\/dunavox-3\/grands-modeles\/dx-94-270\/","title":{"rendered":"DX-94.270"},"content":{"rendered":"<p><\/p>\n<h6 style=\"text-align: center;\"><strong>Armoire \u00e0 vin encastrable \/ pose libre avec 2 zones de temp\u00e9rature<\/strong><\/h6>\n<p><img decoding=\"async\" loading=\"lazy\" class=\"size-full wp-image-3456 aligncenter\" src=\"http:\/\/armoire-a-vin.ch\/wp-content\/uploads\/2020\/04\/DX-94.270-Photo.jpeg\" alt=\"DX-94.270 Photo\" width=\"1000\" height=\"1000\" srcset=\"http:\/\/armoire-a-vin.ch\/wp-content\/uploads\/2020\/04\/DX-94.270-Photo.jpeg 1000w, http:\/\/armoire-a-vin.ch\/wp-content\/uploads\/2020\/04\/DX-94.270-Photo-150x150.jpeg 150w, http:\/\/armoire-a-vin.ch\/wp-content\/uploads\/2020\/04\/DX-94.270-Photo-300x300.jpeg 300w, http:\/\/armoire-a-vin.ch\/wp-content\/uploads\/2020\/04\/DX-94.270-Photo-768x768.jpeg 768w\" sizes=\"(max-width: 1000px) 100vw, 1000px\" \/><\/p>\n<p style=\"text-align: justify;\">Cette armoire \u00e0 vin de service poss\u00e8de deux zones de temp\u00e9rature et peut accueillir jusqu\u2019\u00e0 94 bouteilles. Ce mod\u00e8le peut \u00eatre install\u00e9 ou int\u00e9gr\u00e9 dans une cuisine. Elle peut \u00e9galement \u00eatre en pose libre dans n\u2019importe quelle autre pi\u00e8ce.<\/p>\n<p style=\"text-align: justify;\">Porte, soign\u00e9e et \u00e9l\u00e9gante, est enti\u00e8rement vitr\u00e9e, teint\u00e9e et trait\u00e9e anti-UV. Dot\u00e9e d\u2019une poign\u00e9e, la porte vitr\u00e9e est propos\u00e9e soit avec un cadre \u00ab full glass \u00bb noir, un cadre inox, un cadre matt noir et vous avez \u00e9galement la possibilit\u00e9 de personnaliser le cadre selon la palette couleur RAL.<\/p>\n<p>Les bouteilles sont rang\u00e9es sur des clayettes en bois et sont d\u00e9licatement r\u00e9v\u00e9l\u00e9es par un \u00e9clairage int\u00e9rieur.<\/p>\n<p><strong>Caract\u00e9ristiques techniques :<\/strong><br \/>\nDimensions : H. 122 x L. 59.5 x P. 68 cm<br \/>\nCapacit\u00e9 : 94 bouteilles<br \/>\nPoign\u00e9e int\u00e9gr\u00e9e : full glass noir (DBK)<br \/>\nZone de temp\u00e9rature : 2 (+5 \u00b0C \/ +20\u00b0C)<br \/>\nMod\u00e8les : cadre noir (DBK), cadre inox (SDSK). cadre noir matt (MBK), cadre couleur RAL (DCK)<br \/>\nEcran tactile : LED<br \/>\nEclairage int\u00e9rieure : LED (bleu)<\/p>\n<p><a href=\"http:\/\/armoire-a-vin.ch\/wp-content\/uploads\/2024\/10\/Ecran-LED-1.jpg\"><img decoding=\"async\" loading=\"lazy\" class=\"size-full wp-image-3868 aligncenter\" src=\"http:\/\/armoire-a-vin.ch\/wp-content\/uploads\/2024\/10\/Ecran-LED-1.jpg\" alt=\"\" width=\"998\" height=\"120\" srcset=\"http:\/\/armoire-a-vin.ch\/wp-content\/uploads\/2024\/10\/Ecran-LED-1.jpg 998w, http:\/\/armoire-a-vin.ch\/wp-content\/uploads\/2024\/10\/Ecran-LED-1-300x36.jpg 300w, http:\/\/armoire-a-vin.ch\/wp-content\/uploads\/2024\/10\/Ecran-LED-1-768x92.jpg 768w\" sizes=\"(max-width: 998px) 100vw, 998px\" \/><\/a><\/p>\n<p><a href=\"http:\/\/armoire-a-vin.ch\/wp-content\/uploads\/2024\/11\/94.270.jpeg\"><img decoding=\"async\" loading=\"lazy\" class=\"size-full wp-image-4101 aligncenter\" src=\"http:\/\/armoire-a-vin.ch\/wp-content\/uploads\/2024\/11\/94.270.jpeg\" alt=\"\" width=\"586\" height=\"102\" srcset=\"http:\/\/armoire-a-vin.ch\/wp-content\/uploads\/2024\/11\/94.270.jpeg 586w, http:\/\/armoire-a-vin.ch\/wp-content\/uploads\/2024\/11\/94.270-300x52.jpeg 300w\" sizes=\"(max-width: 586px) 100vw, 586px\" \/><\/a><\/p>\n<h4 class=\"title-inner1\" style=\"text-align: center;\"><\/h4>\n<p>&nbsp;<\/p>\n<p>&nbsp;<\/p>\n<p>&nbsp;<\/p>\n<p>&nbsp;<\/p>","protected":false},"excerpt":{"rendered":"<p>Armoire \u00e0 vin encastrable \/ pose libre avec 2 zones de temp\u00e9rature Cette armoire \u00e0 vin de service poss\u00e8de deux zones de temp\u00e9rature et peut accueillir jusqu\u2019\u00e0 94 bouteilles. Ce mod\u00e8le peut \u00eatre install\u00e9 ou int\u00e9gr\u00e9 dans une cuisine. Elle peut \u00e9galement \u00eatre en pose libre dans n\u2019importe quelle autre pi\u00e8ce. Porte, soign\u00e9e et \u00e9l\u00e9gante, &hellip; <a href=\"http:\/\/armoire-a-vin.ch\/fr\/dunavox-3\/grands-modeles\/dx-94-270\/\" class=\"more-link\">Continuer la lecture<span class=\"screen-reader-text\"> de <span class=\"screen-reader-text\">DX-94.270<\/span><\/span>&nbsp;<span class=\"meta-nav\">&rarr;<\/span><\/a><\/p>\n","protected":false},"author":1,"featured_media":0,"parent":2412,"menu_order":2,"comment_status":"closed","ping_status":"closed","template":"","meta":[],"_links":{"self":[{"href":"http:\/\/armoire-a-vin.ch\/fr\/wp-json\/wp\/v2\/pages\/2432"}],"collection":[{"href":"http:\/\/armoire-a-vin.ch\/fr\/wp-json\/wp\/v2\/pages"}],"about":[{"href":"http:\/\/armoire-a-vin.ch\/fr\/wp-json\/wp\/v2\/types\/page"}],"author":[{"embeddable":true,"href":"http:\/\/armoire-a-vin.ch\/fr\/wp-json\/wp\/v2\/users\/1"}],"replies":[{"embeddable":true,"href":"http:\/\/armoire-a-vin.ch\/fr\/wp-json\/wp\/v2\/comments?post=2432"}],"version-history":[{"count":14,"href":"http:\/\/armoire-a-vin.ch\/fr\/wp-json\/wp\/v2\/pages\/2432\/revisions"}],"predecessor-version":[{"id":4134,"href":"http:\/\/armoire-a-vin.ch\/fr\/wp-json\/wp\/v2\/pages\/2432\/revisions\/4134"}],"up":[{"embeddable":true,"href":"http:\/\/armoire-a-vin.ch\/fr\/wp-json\/wp\/v2\/pages\/2412"}],"wp:attachment":[{"href":"http:\/\/armoire-a-vin.ch\/fr\/wp-json\/wp\/v2\/media?parent=2432"}],"curies":[{"name":"wp","href":"https:\/\/api.w.org\/{rel}","templated":true}]}}