{"id":2412,"date":"2020-04-09T11:02:35","date_gmt":"2020-04-09T09:02:35","guid":{"rendered":"http:\/\/armoire-a-vin.ch\/?page_id=2412"},"modified":"2025-04-08T14:04:57","modified_gmt":"2025-04-08T12:04:57","slug":"grands-modeles","status":"publish","type":"page","link":"http:\/\/armoire-a-vin.ch\/fr\/dunavox-3\/grands-modeles\/","title":{"rendered":"Dunavox Grands Mod\u00e8les"},"content":{"rendered":"<p><\/p>\n<p style=\"text-align: justify;\"><span lang=\"fr\"><strong>DUNAVOX<\/strong> proposent des armoires \u00e0 vin avec une ou deux zones de temp\u00e9rature. Elles peuvent stocker entre 94 \u00e0 194 bouteilles.<\/span><\/p>\n<p class=\"tw-data-text tw-text-large tw-ta\" dir=\"ltr\" style=\"text-align: justify;\" data-placeholder=\"Traduction\"><a href=\"http:\/\/armoire-a-vin.ch\/wp-content\/uploads\/2025\/04\/DX-181.490-photo-2.jpg\"><img decoding=\"async\" loading=\"lazy\" class=\"size-full wp-image-4407 aligncenter\" src=\"http:\/\/armoire-a-vin.ch\/wp-content\/uploads\/2025\/04\/DX-181.490-photo-2.jpg\" alt=\"\" width=\"1000\" height=\"1000\" srcset=\"http:\/\/armoire-a-vin.ch\/wp-content\/uploads\/2025\/04\/DX-181.490-photo-2.jpg 1000w, http:\/\/armoire-a-vin.ch\/wp-content\/uploads\/2025\/04\/DX-181.490-photo-2-300x300.jpg 300w, http:\/\/armoire-a-vin.ch\/wp-content\/uploads\/2025\/04\/DX-181.490-photo-2-150x150.jpg 150w, http:\/\/armoire-a-vin.ch\/wp-content\/uploads\/2025\/04\/DX-181.490-photo-2-768x768.jpg 768w\" sizes=\"(max-width: 1000px) 100vw, 1000px\" \/><\/a><\/p>\n<p class=\"tw-data-text tw-text-large tw-ta\" dir=\"ltr\" style=\"text-align: justify;\" data-placeholder=\"Traduction\"><span lang=\"fr\">Leur aspect \u00e9l\u00e9gant, avec des portes en verre, les rendent particuli\u00e8rement repr\u00e9sentatifs dans les restaurants et les cuisines modernes. Leurs portes en verre r\u00e9versibles sont disponibles avec une poign\u00e9e noire et un cadre noir, ou avec une poign\u00e9e inox et un cadre en inox. <\/span><\/p>\n<p class=\"tw-data-text tw-text-large tw-ta\" dir=\"ltr\" style=\"text-align: justify;\" data-placeholder=\"Traduction\"><span lang=\"fr\">Les bouteilles sont r\u00e9parties sur des clayettes coulissantes en bois. Certains mod\u00e8les sont propos\u00e9s pour \u00eatre int\u00e9gr\u00e9s ou peuvent \u00eatre en pose libre.<\/span><\/p>\n<p><a href=\"http:\/\/armoire-a-vin.ch\/wp-content\/uploads\/2025\/04\/DX-194.490-photo-2.jpg\"><img decoding=\"async\" loading=\"lazy\" class=\"size-full wp-image-4408 aligncenter\" src=\"http:\/\/armoire-a-vin.ch\/wp-content\/uploads\/2025\/04\/DX-194.490-photo-2.jpg\" alt=\"\" width=\"1000\" height=\"1000\" srcset=\"http:\/\/armoire-a-vin.ch\/wp-content\/uploads\/2025\/04\/DX-194.490-photo-2.jpg 1000w, http:\/\/armoire-a-vin.ch\/wp-content\/uploads\/2025\/04\/DX-194.490-photo-2-300x300.jpg 300w, http:\/\/armoire-a-vin.ch\/wp-content\/uploads\/2025\/04\/DX-194.490-photo-2-150x150.jpg 150w, http:\/\/armoire-a-vin.ch\/wp-content\/uploads\/2025\/04\/DX-194.490-photo-2-768x768.jpg 768w\" sizes=\"(max-width: 1000px) 100vw, 1000px\" \/><\/a><\/p>\n<p class=\"tw-data-text tw-text-large tw-ta\" dir=\"ltr\" style=\"text-align: justify;\" data-placeholder=\"Traduction\"><img decoding=\"async\" loading=\"lazy\" class=\"size-full wp-image-2413 aligncenter\" src=\"https:\/\/armoire-a-vin.ch\/wp-content\/uploads\/2020\/04\/26-27_DX-194.490DBK_RGB.jpg\" alt=\"26-27_DX-194.490DBK_RGB\" width=\"5616\" height=\"3744\" srcset=\"http:\/\/armoire-a-vin.ch\/wp-content\/uploads\/2020\/04\/26-27_DX-194.490DBK_RGB.jpg 5616w, http:\/\/armoire-a-vin.ch\/wp-content\/uploads\/2020\/04\/26-27_DX-194.490DBK_RGB-300x200.jpg 300w, http:\/\/armoire-a-vin.ch\/wp-content\/uploads\/2020\/04\/26-27_DX-194.490DBK_RGB-768x512.jpg 768w, http:\/\/armoire-a-vin.ch\/wp-content\/uploads\/2020\/04\/26-27_DX-194.490DBK_RGB-1024x683.jpg 1024w\" sizes=\"(max-width: 5616px) 100vw, 5616px\" \/><\/p>\n<p><\/p>","protected":false},"excerpt":{"rendered":"<p>DUNAVOX proposent des armoires \u00e0 vin avec une ou deux zones de temp\u00e9rature. Elles peuvent stocker entre 94 \u00e0 194 bouteilles. Leur aspect \u00e9l\u00e9gant, avec des portes en verre, les rendent particuli\u00e8rement repr\u00e9sentatifs dans les restaurants et les cuisines modernes. Leurs portes en verre r\u00e9versibles sont disponibles avec une poign\u00e9e noire et un cadre noir, &hellip; <a href=\"http:\/\/armoire-a-vin.ch\/fr\/dunavox-3\/grands-modeles\/\" class=\"more-link\">Continuer la lecture<span class=\"screen-reader-text\"> de <span class=\"screen-reader-text\">Dunavox Grands Mod\u00e8les<\/span><\/span>&nbsp;<span class=\"meta-nav\">&rarr;<\/span><\/a><\/p>\n","protected":false},"author":1,"featured_media":0,"parent":79,"menu_order":3,"comment_status":"closed","ping_status":"closed","template":"","meta":[],"_links":{"self":[{"href":"http:\/\/armoire-a-vin.ch\/fr\/wp-json\/wp\/v2\/pages\/2412"}],"collection":[{"href":"http:\/\/armoire-a-vin.ch\/fr\/wp-json\/wp\/v2\/pages"}],"about":[{"href":"http:\/\/armoire-a-vin.ch\/fr\/wp-json\/wp\/v2\/types\/page"}],"author":[{"embeddable":true,"href":"http:\/\/armoire-a-vin.ch\/fr\/wp-json\/wp\/v2\/users\/1"}],"replies":[{"embeddable":true,"href":"http:\/\/armoire-a-vin.ch\/fr\/wp-json\/wp\/v2\/comments?post=2412"}],"version-history":[{"count":8,"href":"http:\/\/armoire-a-vin.ch\/fr\/wp-json\/wp\/v2\/pages\/2412\/revisions"}],"predecessor-version":[{"id":4409,"href":"http:\/\/armoire-a-vin.ch\/fr\/wp-json\/wp\/v2\/pages\/2412\/revisions\/4409"}],"up":[{"embeddable":true,"href":"http:\/\/armoire-a-vin.ch\/fr\/wp-json\/wp\/v2\/pages\/79"}],"wp:attachment":[{"href":"http:\/\/armoire-a-vin.ch\/fr\/wp-json\/wp\/v2\/media?parent=2412"}],"curies":[{"name":"wp","href":"https:\/\/api.w.org\/{rel}","templated":true}]}}