{"id":1659,"date":"2018-07-19T16:55:42","date_gmt":"2018-07-19T14:55:42","guid":{"rendered":"http:\/\/armoire-a-vin.ch\/?page_id=1659"},"modified":"2025-04-04T15:01:57","modified_gmt":"2025-04-04T13:01:57","slug":"dxfh-50-142","status":"publish","type":"page","link":"http:\/\/armoire-a-vin.ch\/fr\/dunavox-3\/pose-libre-2\/dxfh-50-142\/","title":{"rendered":"DXFH-50.142"},"content":{"rendered":"<p><\/p>\n<h6 style=\"text-align: center;\"><strong>Armoire \u00e0 vin pose libre avec 2 zones de temp\u00e9rature<\/strong><\/h6>\n<h6 style=\"text-align: center;\"><strong><a href=\"http:\/\/armoire-a-vin.ch\/wp-content\/uploads\/2025\/04\/Home-50-2.jpg\"><img decoding=\"async\" loading=\"lazy\" class=\"size-full wp-image-4398 aligncenter\" src=\"http:\/\/armoire-a-vin.ch\/wp-content\/uploads\/2025\/04\/Home-50-2.jpg\" alt=\"\" width=\"1000\" height=\"1000\" srcset=\"http:\/\/armoire-a-vin.ch\/wp-content\/uploads\/2025\/04\/Home-50-2.jpg 1000w, http:\/\/armoire-a-vin.ch\/wp-content\/uploads\/2025\/04\/Home-50-2-300x300.jpg 300w, http:\/\/armoire-a-vin.ch\/wp-content\/uploads\/2025\/04\/Home-50-2-150x150.jpg 150w, http:\/\/armoire-a-vin.ch\/wp-content\/uploads\/2025\/04\/Home-50-2-768x768.jpg 768w\" sizes=\"(max-width: 1000px) 100vw, 1000px\" \/><\/a><\/strong><\/h6>\n<p style=\"text-align: justify;\">Armoire \u00e0 vin pose libre, coloris noir, avec deux zones de temp\u00e9ratures. Capacit\u00e9 de stockage 50 bouteilles de 0.75 l, porte en verre avec cadre\u00a0 en acier inoxydable.<\/p>\n<p>L\u2019armoire \u00e0 vin est \u00e9quip\u00e9e de 9 clayettes en bois et une lumi\u00e8re LED.<\/p>\n<p><span lang=\"en\"><strong>Caract\u00e9ristiques techniques :<\/strong><br \/>\nDimensions : H. 129.5 x L. 480 x P. 480 mm<br \/>\n<\/span><span lang=\"en\">Capacit\u00e9 : 50 bouteilles<br \/>\nZone de temp\u00e9rature : 2 (+5 \u00b0C \/ +20\u00b0C)<br \/>\nEcran tactile : LED<br \/>\nEclairage int\u00e9rieure : LED (bleu)<br \/>\n<\/span><\/p>\n<p><a href=\"http:\/\/armoire-a-vin.ch\/wp-content\/uploads\/2024\/10\/Ecran-LED-1.jpg\"><img decoding=\"async\" loading=\"lazy\" class=\"size-full wp-image-3868 aligncenter\" src=\"http:\/\/armoire-a-vin.ch\/wp-content\/uploads\/2024\/10\/Ecran-LED-1.jpg\" alt=\"\" width=\"998\" height=\"120\" srcset=\"http:\/\/armoire-a-vin.ch\/wp-content\/uploads\/2024\/10\/Ecran-LED-1.jpg 998w, http:\/\/armoire-a-vin.ch\/wp-content\/uploads\/2024\/10\/Ecran-LED-1-300x36.jpg 300w, http:\/\/armoire-a-vin.ch\/wp-content\/uploads\/2024\/10\/Ecran-LED-1-768x92.jpg 768w\" sizes=\"(max-width: 998px) 100vw, 998px\" \/><\/a><\/p>\n<p><a href=\"http:\/\/armoire-a-vin.ch\/wp-content\/uploads\/2024\/11\/50.142.jpeg\"><img decoding=\"async\" loading=\"lazy\" class=\"size-full wp-image-4075 aligncenter\" src=\"http:\/\/armoire-a-vin.ch\/wp-content\/uploads\/2024\/11\/50.142.jpeg\" alt=\"\" width=\"509\" height=\"106\" srcset=\"http:\/\/armoire-a-vin.ch\/wp-content\/uploads\/2024\/11\/50.142.jpeg 509w, http:\/\/armoire-a-vin.ch\/wp-content\/uploads\/2024\/11\/50.142-300x62.jpeg 300w\" sizes=\"(max-width: 509px) 100vw, 509px\" \/><\/a><\/p>\n<h4 class=\"title-inner1\" style=\"text-align: center;\"><\/h4>\n<p><\/p>","protected":false},"excerpt":{"rendered":"<p>Armoire \u00e0 vin pose libre avec 2 zones de temp\u00e9rature Armoire \u00e0 vin pose libre, coloris noir, avec deux zones de temp\u00e9ratures. Capacit\u00e9 de stockage 50 bouteilles de 0.75 l, porte en verre avec cadre\u00a0 en acier inoxydable. L\u2019armoire \u00e0 vin est \u00e9quip\u00e9e de 9 clayettes en bois et une lumi\u00e8re LED. Caract\u00e9ristiques techniques : &hellip; <a href=\"http:\/\/armoire-a-vin.ch\/fr\/dunavox-3\/pose-libre-2\/dxfh-50-142\/\" class=\"more-link\">Continuer la lecture<span class=\"screen-reader-text\"> de <span class=\"screen-reader-text\">DXFH-50.142<\/span><\/span>&nbsp;<span class=\"meta-nav\">&rarr;<\/span><\/a><\/p>\n","protected":false},"author":1,"featured_media":0,"parent":1668,"menu_order":7,"comment_status":"closed","ping_status":"closed","template":"","meta":[],"_links":{"self":[{"href":"http:\/\/armoire-a-vin.ch\/fr\/wp-json\/wp\/v2\/pages\/1659"}],"collection":[{"href":"http:\/\/armoire-a-vin.ch\/fr\/wp-json\/wp\/v2\/pages"}],"about":[{"href":"http:\/\/armoire-a-vin.ch\/fr\/wp-json\/wp\/v2\/types\/page"}],"author":[{"embeddable":true,"href":"http:\/\/armoire-a-vin.ch\/fr\/wp-json\/wp\/v2\/users\/1"}],"replies":[{"embeddable":true,"href":"http:\/\/armoire-a-vin.ch\/fr\/wp-json\/wp\/v2\/comments?post=1659"}],"version-history":[{"count":16,"href":"http:\/\/armoire-a-vin.ch\/fr\/wp-json\/wp\/v2\/pages\/1659\/revisions"}],"predecessor-version":[{"id":4399,"href":"http:\/\/armoire-a-vin.ch\/fr\/wp-json\/wp\/v2\/pages\/1659\/revisions\/4399"}],"up":[{"embeddable":true,"href":"http:\/\/armoire-a-vin.ch\/fr\/wp-json\/wp\/v2\/pages\/1668"}],"wp:attachment":[{"href":"http:\/\/armoire-a-vin.ch\/fr\/wp-json\/wp\/v2\/media?parent=1659"}],"curies":[{"name":"wp","href":"https:\/\/api.w.org\/{rel}","templated":true}]}}