{"id":1655,"date":"2018-07-19T16:55:07","date_gmt":"2018-07-19T14:55:07","guid":{"rendered":"http:\/\/armoire-a-vin.ch\/?page_id=1655"},"modified":"2020-04-02T15:52:07","modified_gmt":"2020-04-02T13:52:07","slug":"dx-46-128dk","status":"publish","type":"page","link":"http:\/\/armoire-a-vin.ch\/fr\/dunavox-3\/pose-libre-2\/dx-46-128dk\/","title":{"rendered":"DX 46.128 DK"},"content":{"rendered":"<p><\/p>\n<h6><strong>Armoire \u00e0 vin de service pose libre \/ Nombre de bouteilles : 46<br \/>\n<\/strong><\/h6>\n<p><a href=\"http:\/\/armoire-a-vin.ch\/wp-content\/uploads\/2018\/07\/dx-46-128dk.jpg\"><img decoding=\"async\" loading=\"lazy\" class=\" wp-image-1690 aligncenter\" src=\"http:\/\/armoire-a-vin.ch\/wp-content\/uploads\/2018\/07\/dx-46-128dk.jpg\" alt=\"dx-46-128dk\" width=\"337\" height=\"719\" srcset=\"http:\/\/armoire-a-vin.ch\/wp-content\/uploads\/2018\/07\/dx-46-128dk.jpg 375w, http:\/\/armoire-a-vin.ch\/wp-content\/uploads\/2018\/07\/dx-46-128dk-141x300.jpg 141w\" sizes=\"(max-width: 337px) 100vw, 337px\" \/><\/a><\/p>\n<p style=\"text-align: justify;\">Armoire \u00e0 vin pose libre, coloris noir, avec <strong>deux zones de temp\u00e9ratures<\/strong>. Capacit\u00e9 de stockage 46 bouteilles 0.75 l, porte en verre avec cadre en acier inoxydable.<\/p>\n<p>L\u2019armoire \u00e0 vin est \u00e9quip\u00e9e de 7 clayettes en bois et une lumi\u00e8re LED. Garantie 2 ans.<\/p>\n<p><strong>Dimensions :<\/strong><br \/>\nHauteur : 112.5 cm<br \/>\nLargeur : 48 cm<br \/>\nProfondeur : 47 cm<\/p>","protected":false},"excerpt":{"rendered":"<p>Armoire \u00e0 vin de service pose libre \/ Nombre de bouteilles : 46 Armoire \u00e0 vin pose libre, coloris noir, avec deux zones de temp\u00e9ratures. Capacit\u00e9 de stockage 46 bouteilles 0.75 l, porte en verre avec cadre en acier inoxydable. L\u2019armoire \u00e0 vin est \u00e9quip\u00e9e de 7 clayettes en bois et une lumi\u00e8re LED. Garantie &hellip; <a href=\"http:\/\/armoire-a-vin.ch\/fr\/dunavox-3\/pose-libre-2\/dx-46-128dk\/\" class=\"more-link\">Continuer la lecture<span class=\"screen-reader-text\"> de <span class=\"screen-reader-text\">DX 46.128 DK<\/span><\/span>&nbsp;<span class=\"meta-nav\">&rarr;<\/span><\/a><\/p>\n","protected":false},"author":1,"featured_media":0,"parent":1668,"menu_order":5,"comment_status":"closed","ping_status":"closed","template":"","meta":[],"_links":{"self":[{"href":"http:\/\/armoire-a-vin.ch\/fr\/wp-json\/wp\/v2\/pages\/1655"}],"collection":[{"href":"http:\/\/armoire-a-vin.ch\/fr\/wp-json\/wp\/v2\/pages"}],"about":[{"href":"http:\/\/armoire-a-vin.ch\/fr\/wp-json\/wp\/v2\/types\/page"}],"author":[{"embeddable":true,"href":"http:\/\/armoire-a-vin.ch\/fr\/wp-json\/wp\/v2\/users\/1"}],"replies":[{"embeddable":true,"href":"http:\/\/armoire-a-vin.ch\/fr\/wp-json\/wp\/v2\/comments?post=1655"}],"version-history":[{"count":6,"href":"http:\/\/armoire-a-vin.ch\/fr\/wp-json\/wp\/v2\/pages\/1655\/revisions"}],"predecessor-version":[{"id":2185,"href":"http:\/\/armoire-a-vin.ch\/fr\/wp-json\/wp\/v2\/pages\/1655\/revisions\/2185"}],"up":[{"embeddable":true,"href":"http:\/\/armoire-a-vin.ch\/fr\/wp-json\/wp\/v2\/pages\/1668"}],"wp:attachment":[{"href":"http:\/\/armoire-a-vin.ch\/fr\/wp-json\/wp\/v2\/media?parent=1655"}],"curies":[{"name":"wp","href":"https:\/\/api.w.org\/{rel}","templated":true}]}}