{"id":1647,"date":"2018-07-19T16:54:04","date_gmt":"2018-07-19T14:54:04","guid":{"rendered":"http:\/\/armoire-a-vin.ch\/?page_id=1647"},"modified":"2025-04-04T13:44:30","modified_gmt":"2025-04-04T11:44:30","slug":"dxfh-16-46","status":"publish","type":"page","link":"http:\/\/armoire-a-vin.ch\/fr\/dunavox-3\/pose-libre-2\/dxfh-16-46\/","title":{"rendered":"DXFH-16.46"},"content":{"rendered":"<p><\/p>\n<h6 style=\"text-align: center;\"><strong>Armoire \u00e0 vin pose libre avec 1 zone de temp\u00e9rature<\/strong><\/h6>\n<p><a href=\"http:\/\/armoire-a-vin.ch\/wp-content\/uploads\/2025\/04\/Home-16.jpg\"><img decoding=\"async\" loading=\"lazy\" class=\"size-full wp-image-4376 aligncenter\" src=\"http:\/\/armoire-a-vin.ch\/wp-content\/uploads\/2025\/04\/Home-16.jpg\" alt=\"\" width=\"1000\" height=\"1000\" srcset=\"http:\/\/armoire-a-vin.ch\/wp-content\/uploads\/2025\/04\/Home-16.jpg 1000w, http:\/\/armoire-a-vin.ch\/wp-content\/uploads\/2025\/04\/Home-16-300x300.jpg 300w, http:\/\/armoire-a-vin.ch\/wp-content\/uploads\/2025\/04\/Home-16-150x150.jpg 150w, http:\/\/armoire-a-vin.ch\/wp-content\/uploads\/2025\/04\/Home-16-768x768.jpg 768w\" sizes=\"(max-width: 1000px) 100vw, 1000px\" \/><\/a><\/p>\n<p style=\"text-align: justify;\">Armoire \u00e0 vin pose libre, coloris noir, avec une zone de temp\u00e9rature. Capacit\u00e9 de stockage 15 bouteilles 0.75 l, porte en verre avec cadre en acier inoxydable.<\/p>\n<p>L\u2019armoire \u00e0 vin est \u00e9quip\u00e9e de clayettes en bois et une lumi\u00e8re bleu LED.<\/p>\n<p><strong>Caract\u00e9ristiques techniques :<\/strong><br \/>\nDimensions : H. 51.5 x L. 43 x P. 48 cm<br \/>\nCapacit\u00e9 : 15 bouteilles<br \/>\nZone de temp\u00e9rature : 1 (+5 \u00b0C \/ +20\u00b0C)<br \/>\nEcran tactile : LED<br \/>\nEclairage int\u00e9rieure : LED (bleu)<\/p>\n<p><a href=\"http:\/\/armoire-a-vin.ch\/wp-content\/uploads\/2024\/11\/16.46.jpeg\"><img decoding=\"async\" loading=\"lazy\" class=\"size-full wp-image-4058 aligncenter\" src=\"http:\/\/armoire-a-vin.ch\/wp-content\/uploads\/2024\/11\/16.46.jpeg\" alt=\"\" width=\"520\" height=\"122\" srcset=\"http:\/\/armoire-a-vin.ch\/wp-content\/uploads\/2024\/11\/16.46.jpeg 520w, http:\/\/armoire-a-vin.ch\/wp-content\/uploads\/2024\/11\/16.46-300x70.jpeg 300w\" sizes=\"(max-width: 520px) 100vw, 520px\" \/><\/a><\/p>\n<p>&nbsp;<\/p>\n<h4 class=\"title-inner1\" style=\"text-align: center;\"><\/h4>\n<p><\/p>","protected":false},"excerpt":{"rendered":"<p>Armoire \u00e0 vin pose libre avec 1 zone de temp\u00e9rature Armoire \u00e0 vin pose libre, coloris noir, avec une zone de temp\u00e9rature. Capacit\u00e9 de stockage 15 bouteilles 0.75 l, porte en verre avec cadre en acier inoxydable. L\u2019armoire \u00e0 vin est \u00e9quip\u00e9e de clayettes en bois et une lumi\u00e8re bleu LED. Caract\u00e9ristiques techniques : Dimensions &hellip; <a href=\"http:\/\/armoire-a-vin.ch\/fr\/dunavox-3\/pose-libre-2\/dxfh-16-46\/\" class=\"more-link\">Continuer la lecture<span class=\"screen-reader-text\"> de <span class=\"screen-reader-text\">DXFH-16.46<\/span><\/span>&nbsp;<span class=\"meta-nav\">&rarr;<\/span><\/a><\/p>\n","protected":false},"author":1,"featured_media":0,"parent":1668,"menu_order":1,"comment_status":"closed","ping_status":"closed","template":"","meta":[],"_links":{"self":[{"href":"http:\/\/armoire-a-vin.ch\/fr\/wp-json\/wp\/v2\/pages\/1647"}],"collection":[{"href":"http:\/\/armoire-a-vin.ch\/fr\/wp-json\/wp\/v2\/pages"}],"about":[{"href":"http:\/\/armoire-a-vin.ch\/fr\/wp-json\/wp\/v2\/types\/page"}],"author":[{"embeddable":true,"href":"http:\/\/armoire-a-vin.ch\/fr\/wp-json\/wp\/v2\/users\/1"}],"replies":[{"embeddable":true,"href":"http:\/\/armoire-a-vin.ch\/fr\/wp-json\/wp\/v2\/comments?post=1647"}],"version-history":[{"count":18,"href":"http:\/\/armoire-a-vin.ch\/fr\/wp-json\/wp\/v2\/pages\/1647\/revisions"}],"predecessor-version":[{"id":4377,"href":"http:\/\/armoire-a-vin.ch\/fr\/wp-json\/wp\/v2\/pages\/1647\/revisions\/4377"}],"up":[{"embeddable":true,"href":"http:\/\/armoire-a-vin.ch\/fr\/wp-json\/wp\/v2\/pages\/1668"}],"wp:attachment":[{"href":"http:\/\/armoire-a-vin.ch\/fr\/wp-json\/wp\/v2\/media?parent=1647"}],"curies":[{"name":"wp","href":"https:\/\/api.w.org\/{rel}","templated":true}]}}